{"id":2425,"date":"2019-03-01T09:32:31","date_gmt":"2019-03-01T09:32:31","guid":{"rendered":"https:\/\/enso.hr\/3d-printanje\/"},"modified":"2025-10-15T07:39:08","modified_gmt":"2025-10-15T07:39:08","slug":"3d-printanje","status":"publish","type":"page","link":"https:\/\/enso.hr\/de\/3d-printanje\/","title":{"rendered":"Prototyping und 3D-Druck"},"content":{"rendered":"\n<div class=\"wp-block-uagb-container uagb-block-ca51e4b2 alignfull uagb-is-root-container\"><div class=\"uagb-container-inner-blocks-wrap\">\n<div class=\"wp-block-uagb-container uagb-block-a57c9800\">\n<div class=\"wp-block-uagb-info-box uagb-block-40b1172f uagb-infobox__content-wrap  uagb-infobox-icon-above-title uagb-infobox-image-valign-top\"><div class=\"uagb-ifb-content\"><div class=\"uagb-ifb-title-wrap\"><h4 class=\"uagb-ifb-title\">3D Druck<\/h4><\/div><p class=\"uagb-ifb-desc\">Der 3D-Druck ist ein computergesteuertes Verfahren zur Bildung eines dreidimensionalen Objekts durch Materialverschmelzung. Eine Methode zur Herstellung von Prototypen oder funktionalen Objekten wird als Materialextrusion bezeichnet. Die am h\u00e4ufigsten verwendete Materialextrusionstechnologie ist Fused Deposition Modeling (FDM). Der niedrig schmelzende Thermoplast (3D-Filament) wird einem Extruder zugef\u00fchrt, wo er aufgeschmolzen und auf eine Arbeitsfl\u00e4che aufgetragen wird, wo er sofort verfestigt wird.<br\/>Dieses Verfahren reduziert die f\u00fcr die Herstellung des Prototyps erforderliche Materialmenge erheblich und erleichtert die Herstellung weiterer Varianten des Prototyps zum Testen.<br\/>Der 3D-Drucker besteht aus einem 3D-Positionierungssystem. Die 3D-Positionierung erfolgt \u00fcber den Antrieb f\u00fcr jede Achse. Das Anpassen der Einstellungen und das Verfolgen des Druckstatus k\u00f6nnen auf dem Bedienfeld des Druckers vorgenommen werden. Die SD-Karte enth\u00e4lt die G-Code-Datei, die von dem Computer generiert wurde, auf dem sich die Druckbefehle befinden. Die Heizung befindet sich am Extruder und auf der Bauplatte. Unterschiedliche Arten von 3D-Filamenten erfordern unterschiedliche Heiztemperatureinstellungen. Am Extruder befindet sich eine Filamentd\u00fcse zum Aufbringen von Filament. Das 3D-Filament wird in einer Spannzange aufgewickelt. Das Filament wird im Extruder aufgeschmolzen, damit es auf die Bauplatte aufgebracht werden kann. Die neue Ebene wird auf die vorhandene gedruckt.<br\/><br\/>Vorteile des 3D-Drucks:<br\/>Einfaches Prototyping zum Testen verschiedener Anwendungen.<br\/>Verf\u00fcgbarkeit des Prototyps selbst abh\u00e4ngig von der Komplexit\u00e4t des Objekts \/ Modells selbst.<br\/>Wiederholbarkeit \u2013 Wiederholungsdruck ist einfach und erfordert daher keine andere Maschinenabnahme oder Werkzeugwechsel.<br\/>Preis \u2013 viel weniger als der Standardproduktionsprozess auf CNC-Maschinen.<br\/><br\/>Nachteile des 3D-Drucks:<br\/>Begrenzte Materialauswahl.<br\/><br\/><b>Wir besitzen 2 Drucker f\u00fcr kleine Abmessungen und 3 f\u00fcr gro\u00dfe Abmessungen.&#13;\nDie maximalen Druckabmessungen betragen 600x600x600 mm.<\/b><\/p><\/div><\/div>\n<\/div>\n\n\n\n<div class=\"wp-block-uagb-container uagb-block-aac5cd81\">\n<figure class=\"wp-block-gallery has-nested-images columns-1 is-cropped wp-block-gallery-1 is-layout-flex wp-block-gallery-is-layout-flex\">\n<figure class=\"wp-block-image size-large\"><img loading=\"lazy\" decoding=\"async\" width=\"1024\" height=\"834\" data-id=\"2916\" src=\"https:\/\/enso.hr\/wp-content\/uploads\/2024\/10\/PRUSA-3d-printers-1024x834.jpg\" alt=\"PRUSA 3d printers\" class=\"wp-image-2916\" srcset=\"https:\/\/enso.hr\/wp-content\/uploads\/2024\/10\/PRUSA-3d-printers-1024x834.jpg 1024w, https:\/\/enso.hr\/wp-content\/uploads\/2024\/10\/PRUSA-3d-printers-300x244.jpg 300w, https:\/\/enso.hr\/wp-content\/uploads\/2024\/10\/PRUSA-3d-printers-768x626.jpg 768w, https:\/\/enso.hr\/wp-content\/uploads\/2024\/10\/PRUSA-3d-printers-1536x1251.jpg 1536w, https:\/\/enso.hr\/wp-content\/uploads\/2024\/10\/PRUSA-3d-printers-2048x1668.jpg 2048w\" sizes=\"auto, (max-width: 1024px) 100vw, 1024px\" \/><figcaption class=\"wp-element-caption\">PRUSA 3d printers<\/figcaption><\/figure>\n\n\n\n<figure class=\"wp-block-image size-large\"><img loading=\"lazy\" decoding=\"async\" width=\"768\" height=\"1024\" data-id=\"2910\" src=\"https:\/\/enso.hr\/wp-content\/uploads\/2024\/10\/CreatBot-D600-PRO-2-768x1024.jpg\" alt=\"CreatBot D600 PRO 2\" class=\"wp-image-2910\" srcset=\"https:\/\/enso.hr\/wp-content\/uploads\/2024\/10\/CreatBot-D600-PRO-2-768x1024.jpg 768w, https:\/\/enso.hr\/wp-content\/uploads\/2024\/10\/CreatBot-D600-PRO-2-225x300.jpg 225w, https:\/\/enso.hr\/wp-content\/uploads\/2024\/10\/CreatBot-D600-PRO-2.jpg 1024w\" sizes=\"auto, (max-width: 768px) 100vw, 768px\" \/><figcaption class=\"wp-element-caption\">CreatBot D600 PRO 2<\/figcaption><\/figure>\n\n\n\n<figure class=\"wp-block-image size-large\"><img loading=\"lazy\" decoding=\"async\" width=\"1024\" height=\"848\" data-id=\"2907\" src=\"https:\/\/enso.hr\/wp-content\/uploads\/2024\/10\/CreatBot-D600-PRO-printers-1024x848.jpg\" alt=\"CreatBot D600 PRO printers\" class=\"wp-image-2907\" srcset=\"https:\/\/enso.hr\/wp-content\/uploads\/2024\/10\/CreatBot-D600-PRO-printers-1024x848.jpg 1024w, https:\/\/enso.hr\/wp-content\/uploads\/2024\/10\/CreatBot-D600-PRO-printers-300x248.jpg 300w, https:\/\/enso.hr\/wp-content\/uploads\/2024\/10\/CreatBot-D600-PRO-printers-768x636.jpg 768w, https:\/\/enso.hr\/wp-content\/uploads\/2024\/10\/CreatBot-D600-PRO-printers.jpg 1048w\" sizes=\"auto, (max-width: 1024px) 100vw, 1024px\" \/><figcaption class=\"wp-element-caption\">CreatBot D600 PRO printers<\/figcaption><\/figure>\n<\/figure>\n<\/div>\n<\/div><\/div>\n\n<div class=\"wp-block-uagb-container uagb-block-f2a15d88 alignfull uagb-is-root-container\"><div class=\"uagb-container-inner-blocks-wrap\">\n<h2 class=\"wp-block-heading has-medium-font-size\">3D-gedruckter Tanker f\u00fcr Tests im Hochschullabor<\/h2>\n\n\n\n<div class=\"wp-block-uagb-image aligncenter uagb-block-abf79f01 wp-block-uagb-image--layout-default wp-block-uagb-image--effect-static wp-block-uagb-image--align-center\">\r\n<figure class=\"wp-block-uagb-image__figure\"><img loading=\"lazy\" decoding=\"async\" class=\"uag-image-1534\" title=\"Brod\" role=\"img\" src=\"https:\/\/enso.hr\/wp-content\/uploads\/2021\/09\/Brod-1024x762.jpg\" sizes=\"auto, (max-width: 480px) 150px\" srcset=\"https:\/\/enso.hr\/wp-content\/uploads\/2021\/09\/Brod-1024x762.jpg ,https:\/\/enso.hr\/wp-content\/uploads\/2021\/09\/Brod.jpg 780w, https:\/\/enso.hr\/wp-content\/uploads\/2021\/09\/Brod.jpg 360w\" alt=\"3d printed model of a tanker ship\" width=\"717\" height=\"534\" \/><figcaption class=\"uagb-image-caption\">3d printed model of a tanker ship<\/figcaption><\/figure>\r\n<\/div>\n<\/div><\/div>\n","protected":false},"excerpt":{"rendered":"<p>3D-gedruckter Tanker f\u00fcr Tests im Hochschullabor<\/p>\n","protected":false},"author":2,"featured_media":0,"parent":0,"menu_order":0,"comment_status":"closed","ping_status":"closed","template":"","meta":{"_uag_custom_page_level_css":"","footnotes":""},"class_list":["post-2425","page","type-page","status-publish","hentry"],"blocksy_meta":[],"aioseo_notices":[],"uagb_featured_image_src":{"full":false,"thumbnail":false,"medium":false,"medium_large":false,"large":false,"1536x1536":false,"2048x2048":false},"uagb_author_info":{"display_name":"EnsoAdmin","author_link":"https:\/\/enso.hr\/de\/author\/ensoadmin-2\/"},"uagb_comment_info":0,"uagb_excerpt":"3D-gedruckter Tanker f\u00fcr Tests im Hochschullabor","_links":{"self":[{"href":"https:\/\/enso.hr\/de\/wp-json\/wp\/v2\/pages\/2425","targetHints":{"allow":["GET"]}}],"collection":[{"href":"https:\/\/enso.hr\/de\/wp-json\/wp\/v2\/pages"}],"about":[{"href":"https:\/\/enso.hr\/de\/wp-json\/wp\/v2\/types\/page"}],"author":[{"embeddable":true,"href":"https:\/\/enso.hr\/de\/wp-json\/wp\/v2\/users\/2"}],"replies":[{"embeddable":true,"href":"https:\/\/enso.hr\/de\/wp-json\/wp\/v2\/comments?post=2425"}],"version-history":[{"count":0,"href":"https:\/\/enso.hr\/de\/wp-json\/wp\/v2\/pages\/2425\/revisions"}],"wp:attachment":[{"href":"https:\/\/enso.hr\/de\/wp-json\/wp\/v2\/media?parent=2425"}],"curies":[{"name":"wp","href":"https:\/\/api.w.org\/{rel}","templated":true}]}}