{"id":2428,"date":"2019-06-10T07:39:05","date_gmt":"2019-06-10T07:39:05","guid":{"rendered":"https:\/\/enso.hr\/dodavaci-materijala\/"},"modified":"2025-10-16T05:15:38","modified_gmt":"2025-10-16T05:15:38","slug":"dodavaci-materijala","status":"publish","type":"page","link":"https:\/\/enso.hr\/de\/dodavaci-materijala\/","title":{"rendered":"Zuf\u00fchrtechnik in der Industrie"},"content":{"rendered":"\n<summary class=\"wp-block-uagb-container uagb-block-2fd12354 alignfull uagb-is-root-container\"><div class=\"uagb-container-inner-blocks-wrap\">\n<main class=\"wp-block-uagb-info-box uagb-block-5155c0c3 uagb-infobox__content-wrap  uagb-infobox-icon-left uagb-infobox-left uagb-infobox-stacked-tablet uagb-infobox-image-valign-middle\"><div class=\"uagb-ifb-icon-wrap\"><svg xmlns=\"https:\/\/www.w3.org\/2000\/svg\" viewbox=\"0 0 512 512\"><path d=\"M256 0C114.6 0 0 114.6 0 256s114.6 256 256 256s256-114.6 256-256S397.4 0 256 0zM256 128c17.67 0 32 14.33 32 32c0 17.67-14.33 32-32 32S224 177.7 224 160C224 142.3 238.3 128 256 128zM296 384h-80C202.8 384 192 373.3 192 360s10.75-24 24-24h16v-64H224c-13.25 0-24-10.75-24-24S210.8 224 224 224h32c13.25 0 24 10.75 24 24v88h16c13.25 0 24 10.75 24 24S309.3 384 296 384z\"><\/path><\/svg><\/div><div class=\"uagb-ifb-content\"><div class=\"uagb-ifb-title-wrap\"><h3 class=\"uagb-ifb-title\">Zuf\u00fchrtechnik<\/h3><\/div><p class=\"uagb-ifb-desc\">Ein Zuf\u00fchrsystem im Produktionsprozess dient dazu, Sch\u00fcttg\u00fcter zu dosieren oder in eine Reihe von Produktionsteilen zu entnehmen, zu positionieren und zu f\u00fchren, um sie in der gew\u00fcnschten Weise zu manipulieren. Es besteht aus einem Eingabekorb, in den Sch\u00fcttgut oder Produktionsst\u00fccke gef\u00fcllt werden. Am Ausgang des Zuf\u00fchrsystems wird das Material dosiert oder die Teile kommen gestapelt in der Reihe heraus.<br\/>Die wichtigsten Merkmale des Feeder-Systems sind die Autonomiedauer und die Kapazit\u00e4t (F\u00f6rderrate).<\/p><\/div><\/main>\n\n\n\n<p class=\"has-text-align-center has-large-font-size\" style=\"font-style:normal;font-weight:700\"><a title=\"Zuf&#xFC;hrtechnik YouTube Videopr&#xE4;sentation\" href=\"https:\/\/youtu.be\/_HomHbPt450\" target=\"_blank\" rel=\"noopener\">Zuf\u00fchrtechnik YouTube Videopr\u00e4sentation<\/a><\/p>\n<\/div><\/summary>\n\n<div class=\"wp-block-uagb-container uagb-block-bdf76505 alignfull uagb-is-root-container\"><div class=\"uagb-container-inner-blocks-wrap\">\n\t\t\t<div class=\"wp-block-uagb-post-grid uagb-post-grid  uagb-post__image-position-top uagb-post__image-enabled uagb-block-bd6ee016     uagb-post__items uagb-post__columns-4 is-grid uagb-post__columns-tablet-4 uagb-post__columns-mobile-2 uagb-post__equal-height\" data-total=\"1\" style=\"\">\n\n\t\t\t\t\t\t\t\t\t\t\t\t<article class=\"uagb-post__inner-wrap\">\t\t\t\t\t\t\t\t<div class='uagb-post__image'>\n\t\t\t\t\t\t\t\t\t<a href=\"https:\/\/enso.hr\/de\/produkte\/wendelfoerderer\/\" target=\"_self\" rel=\"bookmark noopener noreferrer\" class='uagb-image-ratio-inherit'><img loading=\"lazy\" decoding=\"async\" width=\"370\" height=\"209\" src=\"https:\/\/enso.hr\/wp-content\/uploads\/2025\/03\/ICON-Bowl-feeder-1.png\" class=\"attachment-large size-large\" alt=\"\" srcset=\"https:\/\/enso.hr\/wp-content\/uploads\/2025\/03\/ICON-Bowl-feeder-1.png 370w, https:\/\/enso.hr\/wp-content\/uploads\/2025\/03\/ICON-Bowl-feeder-1-300x169.png 300w\" sizes=\"auto, (max-width: 370px) 100vw, 370px\" \/>\t\t\t\t\t<\/a>\n\t\t\t\t\t\t\t<\/div>\n\t\t\t\t\t\t<h4 class=\"uagb-post__title uagb-post__text\">\n\t\t\t\t<a href=\"https:\/\/enso.hr\/de\/produkte\/wendelfoerderer\/\" target=\"_self\" rel=\"bookmark noopener noreferrer\">Industrieller Wendelf\u00f6rderer<\/a>\n\t\t\t<\/h4>\n\t\t\t\t\t\t<div class='uagb-post__text uagb-post-grid-byline'>\n\t\t\t\t\t\t\t<\/div>\n\t\t\t\n\t\t\t\t\t\t\t\t\t<\/article>\n\t\t\t\t\t\t\t\t\t\t\t\t\t\t\t\t<article class=\"uagb-post__inner-wrap\">\t\t\t\t\t\t\t\t<div class='uagb-post__image'>\n\t\t\t\t\t\t\t\t\t<a href=\"https:\/\/enso.hr\/de\/produkte\/linearfoerderer\/\" target=\"_self\" rel=\"bookmark noopener noreferrer\" class='uagb-image-ratio-inherit'><img loading=\"lazy\" decoding=\"async\" width=\"370\" height=\"209\" src=\"https:\/\/enso.hr\/wp-content\/uploads\/2025\/03\/ICON-linear-feeder-2.png\" class=\"attachment-large size-large\" alt=\"\" srcset=\"https:\/\/enso.hr\/wp-content\/uploads\/2025\/03\/ICON-linear-feeder-2.png 370w, https:\/\/enso.hr\/wp-content\/uploads\/2025\/03\/ICON-linear-feeder-2-300x169.png 300w\" sizes=\"auto, (max-width: 370px) 100vw, 370px\" \/>\t\t\t\t\t<\/a>\n\t\t\t\t\t\t\t<\/div>\n\t\t\t\t\t\t<h4 class=\"uagb-post__title uagb-post__text\">\n\t\t\t\t<a href=\"https:\/\/enso.hr\/de\/produkte\/linearfoerderer\/\" target=\"_self\" rel=\"bookmark noopener noreferrer\">Vibrationslinearf\u00f6rderer<\/a>\n\t\t\t<\/h4>\n\t\t\t\t\t\t<div class='uagb-post__text uagb-post-grid-byline'>\n\t\t\t\t\t\t\t<\/div>\n\t\t\t\n\t\t\t\t\t\t\t\t\t<\/article>\n\t\t\t\t\t\t\t\t\t\t\t\t\t\t\t\t<article class=\"uagb-post__inner-wrap\">\t\t\t\t\t\t\t\t<div class='uagb-post__image'>\n\t\t\t\t\t\t\t\t\t<a href=\"https:\/\/enso.hr\/de\/produkte\/stufenfoerderer\/\" target=\"_self\" rel=\"bookmark noopener noreferrer\" class='uagb-image-ratio-inherit'><img loading=\"lazy\" decoding=\"async\" width=\"370\" height=\"209\" src=\"https:\/\/enso.hr\/wp-content\/uploads\/2025\/03\/ICON-Koracni-feeder.png\" class=\"attachment-large size-large\" alt=\"\" srcset=\"https:\/\/enso.hr\/wp-content\/uploads\/2025\/03\/ICON-Koracni-feeder.png 370w, https:\/\/enso.hr\/wp-content\/uploads\/2025\/03\/ICON-Koracni-feeder-300x169.png 300w\" sizes=\"auto, (max-width: 370px) 100vw, 370px\" \/>\t\t\t\t\t<\/a>\n\t\t\t\t\t\t\t<\/div>\n\t\t\t\t\t\t<h4 class=\"uagb-post__title uagb-post__text\">\n\t\t\t\t<a href=\"https:\/\/enso.hr\/de\/produkte\/stufenfoerderer\/\" target=\"_self\" rel=\"bookmark noopener noreferrer\">Stufenf\u00f6rderer<\/a>\n\t\t\t<\/h4>\n\t\t\t\t\t\t<div class='uagb-post__text uagb-post-grid-byline'>\n\t\t\t\t\t\t\t<\/div>\n\t\t\t\n\t\t\t\t\t\t\t\t\t<\/article>\n\t\t\t\t\t\t\t\t\t\t\t\t\t\t\t\t<article class=\"uagb-post__inner-wrap\">\t\t\t\t\t\t\t\t<div class='uagb-post__image'>\n\t\t\t\t\t\t\t\t\t<a href=\"https:\/\/enso.hr\/de\/produkte\/trommelfoerderer\/\" target=\"_self\" rel=\"bookmark noopener noreferrer\" class='uagb-image-ratio-inherit'><img loading=\"lazy\" decoding=\"async\" width=\"370\" height=\"209\" src=\"https:\/\/enso.hr\/wp-content\/uploads\/2025\/03\/ICON-Drum-feeder.png\" class=\"attachment-large size-large\" alt=\"\" srcset=\"https:\/\/enso.hr\/wp-content\/uploads\/2025\/03\/ICON-Drum-feeder.png 370w, https:\/\/enso.hr\/wp-content\/uploads\/2025\/03\/ICON-Drum-feeder-300x169.png 300w\" sizes=\"auto, (max-width: 370px) 100vw, 370px\" \/>\t\t\t\t\t<\/a>\n\t\t\t\t\t\t\t<\/div>\n\t\t\t\t\t\t<h4 class=\"uagb-post__title uagb-post__text\">\n\t\t\t\t<a href=\"https:\/\/enso.hr\/de\/produkte\/trommelfoerderer\/\" target=\"_self\" rel=\"bookmark noopener noreferrer\">Trommelf\u00f6rderer<\/a>\n\t\t\t<\/h4>\n\t\t\t\t\t\t<div class='uagb-post__text uagb-post-grid-byline'>\n\t\t\t\t\t\t\t<\/div>\n\t\t\t\n\t\t\t\t\t\t\t\t\t<\/article>\n\t\t\t\t\t\t\t\t\t\t\t<\/div>\n\t\t\t<\/div><\/div>\n\n<article class=\"wp-block-uagb-container uagb-block-201a1444 alignfull uagb-is-root-container\"><div class=\"uagb-container-inner-blocks-wrap\">\n<article class=\"wp-block-uagb-info-box uagb-block-a1274588 uagb-infobox__content-wrap  uagb-infobox-icon-left uagb-infobox-left uagb-infobox-stacked-tablet uagb-infobox-image-valign-middle\"><div class=\"uagb-ifb-content\"><div class=\"uagb-ifb-title-wrap\"><h3 class=\"uagb-ifb-title\">Vibro und Stufenf\u00f6rderer<\/h3><\/div><p class=\"uagb-ifb-desc\">Vibrationsf\u00f6rderer \u2013 besteht aus einem Antriebs- und einem F\u00fchrungsteil. Der Aktuator ist ein Vibrator, der \u00fcber eine eigene Steuereinheit f\u00fcr die Vibrationen verf\u00fcgt, die auf die F\u00fchrungen \u00fcbertragen werden. Das F\u00fchrungssegment kann eine\u00a0<a href=\"https:\/\/enso.hr\/de\/produkte\/wendelfoerderer\/\">Sch\u00fcssel (Kreisf\u00fchrung)<\/a>\u00a0oder eine\u00a0<a href=\"https:\/\/enso.hr\/de\/produkte\/linearfoerderer\/\">F\u00fchrung (Linearf\u00fchrung)<\/a>\u00a0sein.<br\/>Die Sch\u00fcssel hat ein eigenes Volumen, das f\u00fcr eine Anzahl von St\u00fccken ausgelegt ist. Die Spuren in der Schale dienen dazu, die St\u00fccke in einer Reihe zu trennen, zu orientieren und zu f\u00fchren.<br\/>Die F\u00fchrung kann als Kanal zum Transport des Materials oder als Puffer f\u00fcr die Teile ausgef\u00fchrt sein.<br\/><a href=\"https:\/\/enso.hr\/de\/produkte\/stufenfoerderer\/\">Stufenf\u00f6rderer<\/a>\u00a0\u2013 bestehen aus einem Eingabekorb und Extraktionsplatten. Der Eingabekorb hat ein Volumen, das f\u00fcr eine bestimmte Anzahl von Teilen ausgelegt ist. Die Platten werden bewegt, um die Teile in einer Reihe auf der letzten Platte zur weiteren Verarbeitung zu trennen.<\/p><\/div><\/article>\n\n\n\n<article class=\"wp-block-uagb-info-box uagb-block-9c6a686e uagb-infobox__content-wrap  uagb-infobox-icon-left uagb-infobox-left uagb-infobox-stacked-tablet uagb-infobox-image-valign-middle\"><div class=\"uagb-ifb-content\"><div class=\"uagb-ifb-title-wrap\"><h3 class=\"uagb-ifb-title\">Anwendung<\/h3><\/div><p class=\"uagb-ifb-desc\"><a href=\"https:\/\/enso.hr\/de\/produkte\/wendelfoerderer\/\">Wendelf\u00f6rderer:<\/a>\u00a0Ausrichtung diverser Fertigungsteile und Stapelung (Kontakte f\u00fcr Schalter, Chips, Kunststoffabdeckungen, Schrauben \u2026)<br\/><a href=\"https:\/\/enso.hr\/de\/produkte\/linearfoerderer\/\">Linearschwingf\u00f6rderer:<\/a>\u00a0dienen am Auslauf eines Wendelf\u00f6rderers als Teilepuffer zur \u00dcbernahme in einen anderen Prozess (Entnahme eines Teiles per Roboterarm, Freigabe einer Teileserie zur optischen Bearbeitung \u2026) oder als Materialdosierung (Dosierung u bestimmte Masse oder Volumen f\u00fcr die Produktverpackung, konstante Materialdosierung zur Produktionslinie).<br\/><a href=\"https:\/\/enso.hr\/de\/produkte\/stufenfoerderer\/\">Stufenf\u00f6rderer:<\/a>\u00a0entnehmen verschiedene Produktionsteile wie Rollen, Schrauben, Stifte, Muttern. Am h\u00e4ufigsten findet man ihn in Kombination mit einem F\u00f6rderband oder einem Linearvibrator zur Weiterverarbeitung.<\/p><\/div><\/article>\n<\/div><\/article>\n\n<div class=\"wp-block-uagb-separator uagb-block-c53b23c1\"><div class=\"wp-block-uagb-separator__inner\" style=\"--my-background-image:\"><\/div><\/div><br>\n\n<article class=\"wp-block-uagb-container uagb-block-52aea81d alignfull uagb-is-root-container\"><div class=\"uagb-container-inner-blocks-wrap\">\n<div class=\"wp-block-uagb-container uagb-block-cc8d02e6\">\n<article class=\"wp-block-uagb-info-box uagb-block-95c621e3 uagb-infobox__content-wrap  uagb-infobox-icon-above-title uagb-infobox-image-valign-top\"><div class=\"uagb-ifb-content\"><div class=\"uagb-ifb-title-wrap\"><h3 class=\"uagb-ifb-title\">Flexible-F\u00fctterungssystem<\/h3><\/div><p class=\"uagb-ifb-desc\">Das System ist f\u00fcr Prozesse bestimmt, bei denen das Produktionsst\u00fcck h\u00e4ufig gewechselt wird. Die Teile werden auf der Platte verstreut, w\u00e4hrend am anderen Ende der Platte ein Roboter mit einem optischen System die Teile erkennt und aufnimmt. Es ist nicht erforderlich, den Feeder physisch einzustellen.<\/p><\/div><\/article>\n<\/div>\n\n\n\n<div class=\"wp-block-uagb-container uagb-block-535860d8\">\n<figure class=\"wp-block-image size-large\"><img loading=\"lazy\" decoding=\"async\" width=\"768\" height=\"1024\" src=\"https:\/\/enso.hr\/wp-content\/uploads\/2022\/08\/Multi-bowl-768x1024.jpg\" alt=\"Multi bowl for bulk materials\" class=\"wp-image-2372\" srcset=\"https:\/\/enso.hr\/wp-content\/uploads\/2022\/08\/Multi-bowl-768x1024.jpg 768w, https:\/\/enso.hr\/wp-content\/uploads\/2022\/08\/Multi-bowl-225x300.jpg 225w, https:\/\/enso.hr\/wp-content\/uploads\/2022\/08\/Multi-bowl-1152x1536.jpg 1152w, https:\/\/enso.hr\/wp-content\/uploads\/2022\/08\/Multi-bowl-1536x2048.jpg 1536w, https:\/\/enso.hr\/wp-content\/uploads\/2022\/08\/Multi-bowl-scaled.jpg 1920w\" sizes=\"auto, (max-width: 768px) 100vw, 768px\" \/><figcaption class=\"wp-element-caption\">Multi bowl for bulk materials<\/figcaption><\/figure>\n<\/div>\n\n\n\n<div class=\"wp-block-uagb-container uagb-block-9097c3d2\">\n<p class=\"has-text-align-center has-large-font-size\" style=\"font-style:normal;font-weight:600\"><a title=\"Flexible-F&#xFC;tterungssystem YouTube video\" href=\"https:\/\/youtu.be\/jvHRQnMdQOo\" target=\"_blank\" rel=\"noopener\">Flexible-F\u00fctterungssystem YouTube video<\/a><\/p>\n<\/div>\n<\/div><\/article>\n\n<div class=\"wp-block-uagb-separator uagb-block-528787ce\"><div class=\"wp-block-uagb-separator__inner\" style=\"--my-background-image:\"><\/div><\/div><br>\n\n<div class=\"wp-block-uagb-container uagb-block-5fad6761 alignfull uagb-is-root-container\"><div class=\"uagb-container-inner-blocks-wrap\">\n<section class=\"wp-block-uagb-info-box uagb-block-5553a675 uagb-infobox__content-wrap  uagb-infobox-icon-above-title uagb-infobox-image-valign-top wp-embed-aspect-9-16 wp-has-aspect-ratio\"><div class=\"uagb-ifb-content\"><div class=\"uagb-ifb-title-wrap\"><h3 class=\"uagb-ifb-title\">Gelieferte Produktegalerie<\/h3><\/div><p class=\"uagb-ifb-desc\">Videos von anderen F\u00fctterungssystemen und Maschinen k\u00f6nnen Sie sich auf unserem YouTube-Kanal ansehen.<\/p><\/div><\/section>\n\n\n\n<div class=\"wp-block-uagb-advanced-heading uagb-block-ba5e7770 wp-embed-aspect-9-16 wp-has-aspect-ratio\"><h2 class=\"uagb-heading-text\"><a href=\"https:\/\/youtube.com\/playlist?list=PLAyjbhpV1NoLYMCtrNnnbqGCMWAKQGPb8\" target=\"_blank\" rel=\"noreferrer noopener\">ENSO Automation YouTube kanal<\/a><\/h2><\/div>\n\n\n\t\t\t\t\t<div\n\t\t\t\t\t\tclass=\"wp-block-uagb-image-gallery uagb-block-1f1a1d36     \"\n\t\t\t\t\t\tstyle=\"\"\n\t\t\t\t\t>\n\t\t\t\t\t\t\t\t\t\t\t<div class=\"spectra-image-gallery spectra-image-gallery__layout--isogrid spectra-image-gallery__layout--isogrid-col-3 spectra-image-gallery__layout--isogrid-col-tab-3 spectra-image-gallery__layout--isogrid-col-mob-2\">\n\t\t\t\t\t\t\t\t\t\t\t<div class='spectra-image-gallery__media-wrapper--isotope'>\n\t\t\t\t\t\t\t<div class='spectra-image-gallery__media-wrapper' data-spectra-gallery-image-id='2700' tabindex=\"0\">\n\t\t\t\t\t\t\t<div class=\"spectra-image-gallery__media spectra-image-gallery__media--grid\">\n\t\t\t\t<picture>\n\t\t\t\t\t<source media=\"(min-width: 1024px)\" srcset=\"https:\/\/enso.hr\/wp-content\/uploads\/2024\/05\/Feeder-system-with-hopper-1024x823.png\">\n\t\t\t\t\t<source media=\"(min-width: 768px)\" srcset=\"https:\/\/enso.hr\/wp-content\/uploads\/2024\/05\/Feeder-system-with-hopper-1024x823.png\">\n\t\t\t\t\t<img decoding=\"async\" class=\"spectra-image-gallery__media-thumbnail spectra-image-gallery__media-thumbnail--grid\" src=\"https:\/\/enso.hr\/wp-content\/uploads\/2024\/05\/Feeder-system-with-hopper-300x241.png\" alt=\"Feeder system for metal and plastic parts\" loading=\"lazy\" \/>\n\t\t\t\t<\/picture>\n\t\t\t\t<div class=\"spectra-image-gallery__media-thumbnail-blurrer\"><\/div>\n\t\t\t\t\t\t\t\t\t\t\t<div class=\"spectra-image-gallery__media-thumbnail-caption-wrapper spectra-image-gallery__media-thumbnail-caption-wrapper--overlay\">\n\t\t\t\t\t\t\t\t\t\t\t<div class=\"spectra-image-gallery__media-thumbnail-caption spectra-image-gallery__media-thumbnail-caption--overlay\">\n\t\t\t\t\tFeeder system for metal and plastic parts\t\t\t\t<\/div>\n\t\t\t\t\t\t\t\t\t\t<\/div>\n\t\t\t\t\t\t\t\t\t<\/div>\n\t\t\t\t\t\t<\/div>\n\t\t\t\t\t\t<\/div>\n\t\t\t\t\t\t<div class='spectra-image-gallery__media-wrapper--isotope'>\n\t\t\t\t\t\t\t<div class='spectra-image-gallery__media-wrapper' data-spectra-gallery-image-id='2697' tabindex=\"0\">\n\t\t\t\t\t\t\t<div class=\"spectra-image-gallery__media spectra-image-gallery__media--grid\">\n\t\t\t\t<picture>\n\t\t\t\t\t<source media=\"(min-width: 1024px)\" srcset=\"https:\/\/enso.hr\/wp-content\/uploads\/2024\/05\/Feeder-systems-for-O-ring-and-plastic-parts-1024x577.jpg\">\n\t\t\t\t\t<source media=\"(min-width: 768px)\" srcset=\"https:\/\/enso.hr\/wp-content\/uploads\/2024\/05\/Feeder-systems-for-O-ring-and-plastic-parts-1024x577.jpg\">\n\t\t\t\t\t<img decoding=\"async\" class=\"spectra-image-gallery__media-thumbnail spectra-image-gallery__media-thumbnail--grid\" src=\"https:\/\/enso.hr\/wp-content\/uploads\/2024\/05\/Feeder-systems-for-O-ring-and-plastic-parts-300x169.jpg\" alt=\"Feeder system for metal and plastic parts\" loading=\"lazy\" \/>\n\t\t\t\t<\/picture>\n\t\t\t\t<div class=\"spectra-image-gallery__media-thumbnail-blurrer\"><\/div>\n\t\t\t\t\t\t\t\t\t\t\t<div class=\"spectra-image-gallery__media-thumbnail-caption-wrapper spectra-image-gallery__media-thumbnail-caption-wrapper--overlay\">\n\t\t\t\t\t\t\t\t\t\t\t<div class=\"spectra-image-gallery__media-thumbnail-caption spectra-image-gallery__media-thumbnail-caption--overlay\">\n\t\t\t\t\tFeeder system for metal and plastic parts\t\t\t\t<\/div>\n\t\t\t\t\t\t\t\t\t\t<\/div>\n\t\t\t\t\t\t\t\t\t<\/div>\n\t\t\t\t\t\t<\/div>\n\t\t\t\t\t\t<\/div>\n\t\t\t\t\t\t<div class='spectra-image-gallery__media-wrapper--isotope'>\n\t\t\t\t\t\t\t<div class='spectra-image-gallery__media-wrapper' data-spectra-gallery-image-id='2735' tabindex=\"0\">\n\t\t\t\t\t\t\t<div class=\"spectra-image-gallery__media spectra-image-gallery__media--grid\">\n\t\t\t\t<picture>\n\t\t\t\t\t<source media=\"(min-width: 1024px)\" srcset=\"https:\/\/enso.hr\/wp-content\/uploads\/2024\/09\/Dobli-2-768x1024.jpg\">\n\t\t\t\t\t<source media=\"(min-width: 768px)\" srcset=\"https:\/\/enso.hr\/wp-content\/uploads\/2024\/09\/Dobli-2-768x1024.jpg\">\n\t\t\t\t\t<img decoding=\"async\" class=\"spectra-image-gallery__media-thumbnail spectra-image-gallery__media-thumbnail--grid\" src=\"https:\/\/enso.hr\/wp-content\/uploads\/2024\/09\/Dobli-2-225x300.jpg\" alt=\"Bowl feeder system in housing\" loading=\"lazy\" \/>\n\t\t\t\t<\/picture>\n\t\t\t\t<div class=\"spectra-image-gallery__media-thumbnail-blurrer\"><\/div>\n\t\t\t\t\t\t\t\t\t\t\t<div class=\"spectra-image-gallery__media-thumbnail-caption-wrapper spectra-image-gallery__media-thumbnail-caption-wrapper--overlay\">\n\t\t\t\t\t\t\t\t\t\t\t<div class=\"spectra-image-gallery__media-thumbnail-caption spectra-image-gallery__media-thumbnail-caption--overlay\">\n\t\t\t\t\tBowl feeder system in housing\t\t\t\t<\/div>\n\t\t\t\t\t\t\t\t\t\t<\/div>\n\t\t\t\t\t\t\t\t\t<\/div>\n\t\t\t\t\t\t<\/div>\n\t\t\t\t\t\t<\/div>\n\t\t\t\t\t\t<div class='spectra-image-gallery__media-wrapper--isotope'>\n\t\t\t\t\t\t\t<div class='spectra-image-gallery__media-wrapper' data-spectra-gallery-image-id='2738' tabindex=\"0\">\n\t\t\t\t\t\t\t<div class=\"spectra-image-gallery__media spectra-image-gallery__media--grid\">\n\t\t\t\t<picture>\n\t\t\t\t\t<source media=\"(min-width: 1024px)\" srcset=\"https:\/\/enso.hr\/wp-content\/uploads\/2024\/09\/Dobli-768x1024.jpg\">\n\t\t\t\t\t<source media=\"(min-width: 768px)\" srcset=\"https:\/\/enso.hr\/wp-content\/uploads\/2024\/09\/Dobli-768x1024.jpg\">\n\t\t\t\t\t<img decoding=\"async\" class=\"spectra-image-gallery__media-thumbnail spectra-image-gallery__media-thumbnail--grid\" src=\"https:\/\/enso.hr\/wp-content\/uploads\/2024\/09\/Dobli-225x300.jpg\" alt=\"Bowl feeder system in housing\" loading=\"lazy\" \/>\n\t\t\t\t<\/picture>\n\t\t\t\t<div class=\"spectra-image-gallery__media-thumbnail-blurrer\"><\/div>\n\t\t\t\t\t\t\t\t\t\t\t<div class=\"spectra-image-gallery__media-thumbnail-caption-wrapper spectra-image-gallery__media-thumbnail-caption-wrapper--overlay\">\n\t\t\t\t\t\t\t\t\t\t\t<div class=\"spectra-image-gallery__media-thumbnail-caption spectra-image-gallery__media-thumbnail-caption--overlay\">\n\t\t\t\t\tBowl feeder system in housing\t\t\t\t<\/div>\n\t\t\t\t\t\t\t\t\t\t<\/div>\n\t\t\t\t\t\t\t\t\t<\/div>\n\t\t\t\t\t\t<\/div>\n\t\t\t\t\t\t<\/div>\n\t\t\t\t\t\t<div class='spectra-image-gallery__media-wrapper--isotope'>\n\t\t\t\t\t\t\t<div class='spectra-image-gallery__media-wrapper' data-spectra-gallery-image-id='2732' tabindex=\"0\">\n\t\t\t\t\t\t\t<div class=\"spectra-image-gallery__media spectra-image-gallery__media--grid\">\n\t\t\t\t<picture>\n\t\t\t\t\t<source media=\"(min-width: 1024px)\" srcset=\"https:\/\/enso.hr\/wp-content\/uploads\/2024\/09\/BOVI-1024x768.jpg\">\n\t\t\t\t\t<source media=\"(min-width: 768px)\" srcset=\"https:\/\/enso.hr\/wp-content\/uploads\/2024\/09\/BOVI-1024x768.jpg\">\n\t\t\t\t\t<img decoding=\"async\" class=\"spectra-image-gallery__media-thumbnail spectra-image-gallery__media-thumbnail--grid\" src=\"https:\/\/enso.hr\/wp-content\/uploads\/2024\/09\/BOVI-300x225.jpg\" alt=\"Bowl feeder system on plate\" loading=\"lazy\" \/>\n\t\t\t\t<\/picture>\n\t\t\t\t<div class=\"spectra-image-gallery__media-thumbnail-blurrer\"><\/div>\n\t\t\t\t\t\t\t\t\t\t\t<div class=\"spectra-image-gallery__media-thumbnail-caption-wrapper spectra-image-gallery__media-thumbnail-caption-wrapper--overlay\">\n\t\t\t\t\t\t\t\t\t\t\t<div class=\"spectra-image-gallery__media-thumbnail-caption spectra-image-gallery__media-thumbnail-caption--overlay\">\n\t\t\t\t\tBowl feeder system on plate\t\t\t\t<\/div>\n\t\t\t\t\t\t\t\t\t\t<\/div>\n\t\t\t\t\t\t\t\t\t<\/div>\n\t\t\t\t\t\t<\/div>\n\t\t\t\t\t\t<\/div>\n\t\t\t\t\t\t<div class='spectra-image-gallery__media-wrapper--isotope'>\n\t\t\t\t\t\t\t<div class='spectra-image-gallery__media-wrapper' data-spectra-gallery-image-id='1416' tabindex=\"0\">\n\t\t\t\t\t\t\t<div class=\"spectra-image-gallery__media spectra-image-gallery__media--grid\">\n\t\t\t\t<picture>\n\t\t\t\t\t<source media=\"(min-width: 1024px)\" srcset=\"https:\/\/enso.hr\/wp-content\/uploads\/2021\/03\/Vibro_Plok_2-768x1024.jpg\">\n\t\t\t\t\t<source media=\"(min-width: 768px)\" srcset=\"https:\/\/enso.hr\/wp-content\/uploads\/2021\/03\/Vibro_Plok_2-768x1024.jpg\">\n\t\t\t\t\t<img decoding=\"async\" class=\"spectra-image-gallery__media-thumbnail spectra-image-gallery__media-thumbnail--grid\" src=\"https:\/\/enso.hr\/wp-content\/uploads\/2021\/03\/Vibro_Plok_2-225x300.jpg\" alt=\"Feeder system in housing\" loading=\"lazy\" \/>\n\t\t\t\t<\/picture>\n\t\t\t\t<div class=\"spectra-image-gallery__media-thumbnail-blurrer\"><\/div>\n\t\t\t\t\t\t\t\t\t\t\t<div class=\"spectra-image-gallery__media-thumbnail-caption-wrapper spectra-image-gallery__media-thumbnail-caption-wrapper--overlay\">\n\t\t\t\t\t\t\t\t\t\t\t<div class=\"spectra-image-gallery__media-thumbnail-caption spectra-image-gallery__media-thumbnail-caption--overlay\">\n\t\t\t\t\tFeeder system in housing against the noise.\t\t\t\t<\/div>\n\t\t\t\t\t\t\t\t\t\t<\/div>\n\t\t\t\t\t\t\t\t\t<\/div>\n\t\t\t\t\t\t<\/div>\n\t\t\t\t\t\t<\/div>\n\t\t\t\t\t\t\t\t\t\t<\/div>\n\t\t\t\t\t\t\t\t\t\t<div class=\"spectra-image-gallery__control-wrapper\">\n\t\t\t\t<button data-role=\"none\" class=\"spectra-image-gallery__control-arrows spectra-image-gallery__control-arrows--grid\" aria-label=\"Previous\" tabIndex=\"0\" data-direction=\"Prev\" disabled>\n\t\t\t\t\t<svg width=\"20\" height=\"20\" viewBox=\"0 0 256 512\" aria-hidden=\"true\">\n\t\t\t\t\t\t<path d=\"M31.7 239l136-136c9.4-9.4 24.6-9.4 33.9 0l22.6 22.6c9.4 9.4 9.4 24.6 0 33.9L127.9 256l96.4 96.4c9.4 9.4 9.4 24.6 0 33.9L201.7 409c-9.4 9.4-24.6 9.4-33.9 0l-136-136c-9.5-9.4-9.5-24.6-.1-34z\">\n\t\t\t\t\t\t<\/path>\n\t\t\t\t\t<\/svg>\n\t\t\t\t<\/button>\n\t\t\t\t<ul class=\"spectra-image-gallery__control-dots\">\n\t\t\t\t\t\t\t\t\t\t\t<li class=\"spectra-image-gallery__control-dot spectra-image-gallery__control-dot--active\" data-go-to=\"1\">\n\t\t\t\t\t\t\t<button aria-label=\"Page 1\"><\/button>\n\t\t\t\t\t\t<\/li>\n\t\t\t\t\t\t\t\t\t\t\t\t<li class=\"spectra-image-gallery__control-dot\" data-go-to=\"2\">\n\t\t\t\t\t\t\t<button aria-label=\"Page 2\"><\/button>\n\t\t\t\t\t\t<\/li>\n\t\t\t\t\t\t\t\t\t\t\t\t<li class=\"spectra-image-gallery__control-dot\" data-go-to=\"3\">\n\t\t\t\t\t\t\t<button aria-label=\"Page 3\"><\/button>\n\t\t\t\t\t\t<\/li>\n\t\t\t\t\t\t\t\t\t\t\t\t<li class=\"spectra-image-gallery__control-dot\" data-go-to=\"4\">\n\t\t\t\t\t\t\t<button aria-label=\"Page 4\"><\/button>\n\t\t\t\t\t\t<\/li>\n\t\t\t\t\t\t\t\t\t\t<\/ul>\n\t\t\t\t<button data-role=\"none\" class=\"spectra-image-gallery__control-arrows spectra-image-gallery__control-arrows--grid\" aria-label=\"Next\" tabindex=\"0\" data-direction=\"Next\">\n\t\t\t\t\t<svg width=\"20\" height=\"20\" viewBox=\"0 0 256 512\" aria-hidden=\"true\">\n\t\t\t\t\t\t<path d=\"M224.3 273l-136 136c-9.4 9.4-24.6 9.4-33.9 0l-22.6-22.6c-9.4-9.4-9.4-24.6 0-33.9l96.4-96.4-96.4-96.4c-9.4-9.4-9.4-24.6 0-33.9L54.3 103c9.4-9.4 24.6-9.4 33.9 0l136 136c9.5 9.4 9.5 24.6.1 34z\">\n\t\t\t\t\t\t<\/path>\n\t\t\t\t\t<\/svg>\n\t\t\t\t<\/button>\n\t\t\t<\/div>\n\t\t\t\t\t\t\t\t\t\t\t\t\t\t<\/div>\n\t\t\t\t\t\t\t\t\t<\/div><\/div>\n","protected":false},"excerpt":{"rendered":"<p>Zuf\u00fchrtechnik YouTube Videopr\u00e4sentation Flexible-F\u00fctterungssystem YouTube video ENSO Automation YouTube kanal<\/p>\n","protected":false},"author":2,"featured_media":0,"parent":0,"menu_order":0,"comment_status":"closed","ping_status":"closed","template":"","meta":{"_uag_custom_page_level_css":"","footnotes":""},"class_list":["post-2428","page","type-page","status-publish","hentry"],"blocksy_meta":[],"aioseo_notices":[],"uagb_featured_image_src":{"full":false,"thumbnail":false,"medium":false,"medium_large":false,"large":false,"1536x1536":false,"2048x2048":false},"uagb_author_info":{"display_name":"EnsoAdmin","author_link":"https:\/\/enso.hr\/de\/author\/ensoadmin-2\/"},"uagb_comment_info":0,"uagb_excerpt":"Zuf\u00fchrtechnik YouTube Videopr\u00e4sentation Flexible-F\u00fctterungssystem YouTube video ENSO Automation YouTube kanal","_links":{"self":[{"href":"https:\/\/enso.hr\/de\/wp-json\/wp\/v2\/pages\/2428","targetHints":{"allow":["GET"]}}],"collection":[{"href":"https:\/\/enso.hr\/de\/wp-json\/wp\/v2\/pages"}],"about":[{"href":"https:\/\/enso.hr\/de\/wp-json\/wp\/v2\/types\/page"}],"author":[{"embeddable":true,"href":"https:\/\/enso.hr\/de\/wp-json\/wp\/v2\/users\/2"}],"replies":[{"embeddable":true,"href":"https:\/\/enso.hr\/de\/wp-json\/wp\/v2\/comments?post=2428"}],"version-history":[{"count":0,"href":"https:\/\/enso.hr\/de\/wp-json\/wp\/v2\/pages\/2428\/revisions"}],"wp:attachment":[{"href":"https:\/\/enso.hr\/de\/wp-json\/wp\/v2\/media?parent=2428"}],"curies":[{"name":"wp","href":"https:\/\/api.w.org\/{rel}","templated":true}]}}