{"id":2431,"date":"2019-03-15T14:20:48","date_gmt":"2019-03-15T14:20:48","guid":{"rendered":"https:\/\/enso.hr\/dosing-and-packing-machines\/"},"modified":"2026-05-08T05:53:24","modified_gmt":"2026-05-08T05:53:24","slug":"dosing-and-packing-machines","status":"publish","type":"page","link":"https:\/\/enso.hr\/de\/dosing-and-packing-machines\/","title":{"rendered":"Dosiermaschinen"},"content":{"rendered":"\n<h2 class=\"wp-block-heading\">Tischsysteme zum Dosieren und Verpacken von Sch\u00fcttg\u00fctern<\/h2>\n\n\n\n<p>Neben komplexen Industrielinien bieten wir auch kompakte Tischl\u00f6sungen an, die f\u00fcr landwirtschaftliche Betriebe und kleinere Produktionsst\u00e4tten konzipiert sind. Unsere Dosiervorrichtungen sind auf die pr\u00e4zise Handhabung eines breiten Spektrums von Sch\u00fcttg\u00fctern spezialisiert: <\/p>\n\n\n\n<ul class=\"wp-block-list\">\n<li><strong>Anwendung:<\/strong> Ideal zum Dosieren von Getreide (Mais, Weizen), Saatgut, Tees und aromatischen Kr\u00e4utern wie Lavendel.<\/li>\n\n\n\n<li><strong>Pr\u00e4zision und Bereich:<\/strong> Die Systeme sind f\u00fcr F\u00fcllmengen von nur wenigen hundert Gramm (z. B. duftende Lavendels\u00e4ckchen) bis hin zu Verpackungen von 1 kg optimiert.<\/li>\n\n\n\n<li><strong>Einfachheit:<\/strong> Die robuste Bauweise gew\u00e4hrleistet Langlebigkeit bei minimalem Wartungsaufwand, w\u00e4hrend das Tischformat eine einfache Integration in jeden Arbeitsbereich erm\u00f6glicht.<\/li>\n<\/ul>\n\n\n\n<p>Diese Ger\u00e4te stellen ein ideales Verh\u00e4ltnis von Effizienz und Kompaktheit f\u00fcr alle dar, die professionelle Pr\u00e4zision bei kleineren Verpackungsserien suchen.<\/p>\n\n\n\n\t\t\t<div class=\"wp-block-uagb-post-grid uagb-post-grid  uagb-post__image-position-top uagb-post__image-enabled uagb-block-8d1970a3     uagb-post__items uagb-post__columns-3 is-grid uagb-post__columns-tablet-2 uagb-post__columns-mobile-1 uagb-post__equal-height\" data-total=\"1\" style=\"\">\n\n\t\t\t\t\t\t\t\t\t\t\t\t<article class=\"uagb-post__inner-wrap\">\t\t\t\t\t\t\t\t<div class='uagb-post__image'>\n\t\t\t\t\t\t\t\t\t<a href=\"https:\/\/enso.hr\/de\/produkte\/dol-lavendel-verpackungsmaschine\/\" target=\"_self\" rel=\"bookmark noopener noreferrer\" class='uagb-image-ratio-inherit'><img loading=\"lazy\" decoding=\"async\" width=\"768\" height=\"1010\" src=\"https:\/\/enso.hr\/wp-content\/uploads\/2017\/02\/DozaL02_picture-768x1010.jpg\" class=\"attachment-medium_large size-medium_large\" alt=\"Dozirka za rasute materijale\" srcset=\"https:\/\/enso.hr\/wp-content\/uploads\/2017\/02\/DozaL02_picture-768x1010.jpg 768w, https:\/\/enso.hr\/wp-content\/uploads\/2017\/02\/DozaL02_picture-228x300.jpg 228w, https:\/\/enso.hr\/wp-content\/uploads\/2017\/02\/DozaL02_picture-779x1024.jpg 779w, https:\/\/enso.hr\/wp-content\/uploads\/2017\/02\/DozaL02_picture.jpg 1521w\" sizes=\"auto, (max-width: 768px) 100vw, 768px\" \/>\t\t\t\t\t<\/a>\n\t\t\t\t\t\t\t<\/div>\n\t\t\t\t\t\t<h5 class=\"uagb-post__title uagb-post__text\">\n\t\t\t\t<a href=\"https:\/\/enso.hr\/de\/produkte\/dol-lavendel-verpackungsmaschine\/\" target=\"_self\" rel=\"bookmark noopener noreferrer\">DOZA-L &#8211; Lavendel Verpackungsmaschine<\/a>\n\t\t\t<\/h5>\n\t\t\t\t\t\t<div class='uagb-post__text uagb-post-grid-byline'>\n\t\t\t\t\t\t\t<\/div>\n\t\t\t\t\t\t<div class=\"uagb-post__text uagb-post__cta wp-block-button\">\n\t\t\t\t<a class=\"wp-block-button__link uagb-text-link\" style=\"\" href=\"https:\/\/enso.hr\/de\/produkte\/dol-lavendel-verpackungsmaschine\/\" target=\"_self\" rel=\"bookmark noopener noreferrer\">Offen<\/a>\n\t\t\t<\/div>\n\t\t\t\n\t\t\t\t\t\t\t\t\t<\/article>\n\t\t\t\t\t\t\t\t\t\t\t\t\t\t\t\t<article class=\"uagb-post__inner-wrap\">\t\t\t\t\t\t\t\t<div class='uagb-post__image'>\n\t\t\t\t\t\t\t\t\t<a href=\"https:\/\/enso.hr\/de\/produkte\/doza-k-schuettgutdosiermaschine\/\" target=\"_self\" rel=\"bookmark noopener noreferrer\" class='uagb-image-ratio-inherit'><img loading=\"lazy\" decoding=\"async\" width=\"768\" height=\"576\" src=\"https:\/\/enso.hr\/wp-content\/uploads\/2017\/10\/DOZA-K_naslovna_2-768x576.jpg\" class=\"attachment-medium_large size-medium_large\" alt=\"Stroj za doziranje i pakiranje rasutih materijala\" srcset=\"https:\/\/enso.hr\/wp-content\/uploads\/2017\/10\/DOZA-K_naslovna_2-768x576.jpg 768w, https:\/\/enso.hr\/wp-content\/uploads\/2017\/10\/DOZA-K_naslovna_2-300x225.jpg 300w, https:\/\/enso.hr\/wp-content\/uploads\/2017\/10\/DOZA-K_naslovna_2.jpg 1024w\" sizes=\"auto, (max-width: 768px) 100vw, 768px\" \/>\t\t\t\t\t<\/a>\n\t\t\t\t\t\t\t<\/div>\n\t\t\t\t\t\t<h5 class=\"uagb-post__title uagb-post__text\">\n\t\t\t\t<a href=\"https:\/\/enso.hr\/de\/produkte\/doza-k-schuettgutdosiermaschine\/\" target=\"_self\" rel=\"bookmark noopener noreferrer\">DOZA-K &#8211; Sch\u00fcttgutdosiermaschine<\/a>\n\t\t\t<\/h5>\n\t\t\t\t\t\t<div class='uagb-post__text uagb-post-grid-byline'>\n\t\t\t\t\t\t\t<\/div>\n\t\t\t\t\t\t<div class=\"uagb-post__text uagb-post__cta wp-block-button\">\n\t\t\t\t<a class=\"wp-block-button__link uagb-text-link\" style=\"\" href=\"https:\/\/enso.hr\/de\/produkte\/doza-k-schuettgutdosiermaschine\/\" target=\"_self\" rel=\"bookmark noopener noreferrer\">Offen<\/a>\n\t\t\t<\/div>\n\t\t\t\n\t\t\t\t\t\t\t\t\t<\/article>\n\t\t\t\t\t\t\t\t\t\t\t\t\t\t\t\t<article class=\"uagb-post__inner-wrap\">\t\t\t\t\t\t\t\t<div class='uagb-post__image'>\n\t\t\t\t\t\t\t\t\t<a href=\"https:\/\/enso.hr\/de\/produkte\/doza-sd-maschine-zum-halbautomatischen-dosieren-und-verpacken-von-schuettguetern\/\" target=\"_self\" rel=\"bookmark noopener noreferrer\" class='uagb-image-ratio-inherit'><img loading=\"lazy\" decoding=\"async\" width=\"768\" height=\"1024\" src=\"https:\/\/enso.hr\/wp-content\/uploads\/2017\/11\/Glavna-slika_WEB-768x1024.jpg\" class=\"attachment-medium_large size-medium_large\" alt=\"Stroj za doziranje i pakiranje rasutih materijala\" srcset=\"https:\/\/enso.hr\/wp-content\/uploads\/2017\/11\/Glavna-slika_WEB-768x1024.jpg 768w, https:\/\/enso.hr\/wp-content\/uploads\/2017\/11\/Glavna-slika_WEB-225x300.jpg 225w\" sizes=\"auto, (max-width: 768px) 100vw, 768px\" \/>\t\t\t\t\t<\/a>\n\t\t\t\t\t\t\t<\/div>\n\t\t\t\t\t\t<h5 class=\"uagb-post__title uagb-post__text\">\n\t\t\t\t<a href=\"https:\/\/enso.hr\/de\/produkte\/doza-sd-maschine-zum-halbautomatischen-dosieren-und-verpacken-von-schuettguetern\/\" target=\"_self\" rel=\"bookmark noopener noreferrer\">DOZA-SD &#8211; Maschine zum halbautomatischen Dosieren und Verpacken von Sch\u00fcttg\u00fctern<\/a>\n\t\t\t<\/h5>\n\t\t\t\t\t\t<div class='uagb-post__text uagb-post-grid-byline'>\n\t\t\t\t\t\t\t<\/div>\n\t\t\t\t\t\t<div class=\"uagb-post__text uagb-post__cta wp-block-button\">\n\t\t\t\t<a class=\"wp-block-button__link uagb-text-link\" style=\"\" href=\"https:\/\/enso.hr\/de\/produkte\/doza-sd-maschine-zum-halbautomatischen-dosieren-und-verpacken-von-schuettguetern\/\" target=\"_self\" rel=\"bookmark noopener noreferrer\">Offen<\/a>\n\t\t\t<\/div>\n\t\t\t\n\t\t\t\t\t\t\t\t\t<\/article>\n\t\t\t\t\t\t\t\t\t\t\t<\/div>\n\t\t\t","protected":false},"excerpt":{"rendered":"<p>Tischsysteme zum Dosieren und Verpacken von Sch\u00fcttg\u00fctern Neben komplexen Industrielinien bieten wir auch kompakte Tischl\u00f6sungen an, die f\u00fcr landwirtschaftliche Betriebe und kleinere Produktionsst\u00e4tten konzipiert sind. Unsere Dosiervorrichtungen sind auf die pr\u00e4zise Handhabung eines breiten Spektrums von Sch\u00fcttg\u00fctern spezialisiert: Diese Ger\u00e4te stellen ein ideales Verh\u00e4ltnis von Effizienz und Kompaktheit f\u00fcr alle dar, die professionelle Pr\u00e4zision bei [&hellip;]<\/p>\n","protected":false},"author":2,"featured_media":0,"parent":0,"menu_order":0,"comment_status":"closed","ping_status":"closed","template":"","meta":{"_uag_custom_page_level_css":"","footnotes":""},"class_list":["post-2431","page","type-page","status-publish","hentry"],"blocksy_meta":[],"aioseo_notices":[],"uagb_featured_image_src":{"full":false,"thumbnail":false,"medium":false,"medium_large":false,"large":false,"1536x1536":false,"2048x2048":false},"uagb_author_info":{"display_name":"EnsoAdmin","author_link":"https:\/\/enso.hr\/de\/author\/ensoadmin-2\/"},"uagb_comment_info":0,"uagb_excerpt":"Tischsysteme zum Dosieren und Verpacken von Sch\u00fcttg\u00fctern Neben komplexen Industrielinien bieten wir auch kompakte Tischl\u00f6sungen an, die f\u00fcr landwirtschaftliche Betriebe und kleinere Produktionsst\u00e4tten konzipiert sind. Unsere Dosiervorrichtungen sind auf die pr\u00e4zise Handhabung eines breiten Spektrums von Sch\u00fcttg\u00fctern spezialisiert: Diese Ger\u00e4te stellen ein ideales Verh\u00e4ltnis von Effizienz und Kompaktheit f\u00fcr alle dar, die professionelle Pr\u00e4zision bei&hellip;","_links":{"self":[{"href":"https:\/\/enso.hr\/de\/wp-json\/wp\/v2\/pages\/2431","targetHints":{"allow":["GET"]}}],"collection":[{"href":"https:\/\/enso.hr\/de\/wp-json\/wp\/v2\/pages"}],"about":[{"href":"https:\/\/enso.hr\/de\/wp-json\/wp\/v2\/types\/page"}],"author":[{"embeddable":true,"href":"https:\/\/enso.hr\/de\/wp-json\/wp\/v2\/users\/2"}],"replies":[{"embeddable":true,"href":"https:\/\/enso.hr\/de\/wp-json\/wp\/v2\/comments?post=2431"}],"version-history":[{"count":3,"href":"https:\/\/enso.hr\/de\/wp-json\/wp\/v2\/pages\/2431\/revisions"}],"predecessor-version":[{"id":6606,"href":"https:\/\/enso.hr\/de\/wp-json\/wp\/v2\/pages\/2431\/revisions\/6606"}],"wp:attachment":[{"href":"https:\/\/enso.hr\/de\/wp-json\/wp\/v2\/media?parent=2431"}],"curies":[{"name":"wp","href":"https:\/\/api.w.org\/{rel}","templated":true}]}}