{"id":2546,"date":"2020-11-16T18:44:47","date_gmt":"2020-11-16T18:44:47","guid":{"rendered":"https:\/\/enso.hr\/skladisni-regal\/"},"modified":"2025-11-07T07:29:01","modified_gmt":"2025-11-07T07:29:01","slug":"skladisni-regal","status":"publish","type":"page","link":"https:\/\/enso.hr\/de\/skladisni-regal\/","title":{"rendered":"Lagerregal"},"content":{"rendered":"\n<div class=\"wp-block-uagb-container uag-hide-mob uagb-block-fd142194 alignfull uagb-is-root-container\">\n<figure class=\"wp-block-image size-full is-resized\"><img loading=\"lazy\" decoding=\"async\" width=\"1620\" height=\"911\" src=\"https:\/\/enso.hr\/wp-content\/uploads\/2025\/10\/Paketomat-letak-DE.webp\" alt=\"Werbeflyer f\u00fcr Lagerregal\" class=\"wp-image-4431\" style=\"width:1609px;height:auto\" srcset=\"https:\/\/enso.hr\/wp-content\/uploads\/2025\/10\/Paketomat-letak-DE.webp 1620w, https:\/\/enso.hr\/wp-content\/uploads\/2025\/10\/Paketomat-letak-DE-300x169.webp 300w, https:\/\/enso.hr\/wp-content\/uploads\/2025\/10\/Paketomat-letak-DE-1024x576.webp 1024w, https:\/\/enso.hr\/wp-content\/uploads\/2025\/10\/Paketomat-letak-DE-768x432.webp 768w, https:\/\/enso.hr\/wp-content\/uploads\/2025\/10\/Paketomat-letak-DE-1536x864.webp 1536w\" sizes=\"auto, (max-width: 1620px) 100vw, 1620px\" \/><\/figure>\n<\/div>\n\n\n\n<p class=\"has-text-align-center has-large-font-size uag-hide-desktop uag-hide-tab\"><em><a href=\"https:\/\/enso.hr\/wp-content\/uploads\/2025\/10\/Paketomat-letak-DE.webp\" title=\"SKOR Werbefyler\">SKOR Werbeflyer PDF<\/a><\/em><\/p>\n\n\n\n<main class=\"wp-block-uagb-container uagb-block-f49a62d9 alignfull uagb-is-root-container\"><div class=\"uagb-container-inner-blocks-wrap\">\n<div class=\"wp-block-uagb-container uagb-block-2f828546\">\n<p class=\"has-text-align-center has-medium-font-size\" style=\"font-style:normal;font-weight:700\"><a href=\"http:\/\/enso.hr\/wp-content\/uploads\/2020\/11\/SKOR_Prezentacija_hr.pdf\" target=\"_blank\" rel=\"noreferrer noopener\">Lagerregal Brosch\u00fcre (PDF HR)<\/a><\/p>\n<\/div>\n\n\n\n<div class=\"wp-block-uagb-container uagb-block-99950c13\">\n<h2 class=\"wp-block-heading\">Lagerregal SKOR<\/h2>\n\n\n\n<p>Lagerregal SKOR ist ein Warenausgabesystem, das in F\u00e4cher unterteilt ist und mit T\u00fcren, Schl\u00f6ssern und einer T\u00fcrschlie\u00df\u00fcberwachung ausgestattet ist. Es dient zur Lagerung von wertvoller Ausr\u00fcstung, zur Bestandskontrolle sowie zum Schutz vor Diebstahl \u2013 mit l\u00fcckenloser Dokumentation der Warenausgabe, unabh\u00e4ngig von Zeit oder Schicht.<\/p>\n\n\n\n<p>Der Zugriff auf die Lagerf\u00e4cher erfolgt durch Kartenanmeldung oder Passworteingabe. Eine Datenbank erfasst alle vorgenommenen \u00c4nderungen im Lager.<\/p>\n\n\n\n<p>Die Schr\u00e4nke k\u00f6nnen je nach Kundenbedarf kombiniert und erweitert werden.<\/p>\n\n\n\n<p>Die Steuerung, Entnahme und Einlagerung der Waren erfolgt \u00fcber unsere Anwendung, die Standardwerkzeuge zur Verbrauchsanalyse nach Zeit, Kostenstelle oder Artikel enth\u00e4lt.\nBerichte k\u00f6nnen in verschiedenen Formaten ausgegeben werden (z.\u202fB. Drucker, PDF).<\/p>\n\n\n\n<h2 class=\"wp-block-heading\">Anwendungsgebiet<\/h2>\n\n\n\n<p>SKOR eignet sich f\u00fcr kleine und gro\u00dfe Systeme, die einfache Nutzungsaufzeichnungen ben\u00f6tigen.<\/p>\n\n\n\n<p class=\"has-text-align-center has-medium-font-size\" style=\"font-style:normal;font-weight:700\">SKOR-geeignete Dinge k\u00f6nnen direkt am Einsatzort problemlos aus dem bestehenden Lager in eine eigenst\u00e4ndige Einheit getrennt werden.<\/p>\n\n\n\n<p>Beispiele:<\/p>\n\n\n\n<ul class=\"wp-block-list\">\n<li>SKOR mit Schneidwerkzeugen direkt neben den Bearbeitungszentren.<\/li>\n\n\n\n<li>SKOR zur Erfassung des Einsatzes teurer Werkzeuge oder Messmittel<\/li>\n\n\n\n<li>SKOR, das den Zustand von Verbrauchsmaterialien oder Ersatzteilen \u00fcberwacht<\/li>\n\n\n\n<li>SKOR, das den Zugang zu Chemikalien, Medikamenten und giftigen Substanzen erfasst<\/li>\n\n\n\n<li>SKOR zur Aufbewahrung vertraulicher Dokumente<\/li>\n<\/ul>\n<\/div>\n\n\n\n<p class=\"has-text-align-center has-large-font-size\"><a href=\"https:\/\/youtu.be\/8GEXMV2VGTQ\" title=\"\"><strong>Lagerregal Videopr\u00e4sentation<\/strong><\/a><\/p>\n\n\n\n<div class=\"wp-block-uagb-container uagb-block-47143461\">\n<h4 class=\"wp-block-heading has-text-align-center\">Galerie<\/h4>\n\n\n\t\t\t\t\t<div\n\t\t\t\t\t\tclass=\"wp-block-uagb-image-gallery uagb-block-422ddeac     \"\n\t\t\t\t\t\tstyle=\"\"\n\t\t\t\t\t>\n\t\t\t\t\t\t\t\t\t\t\t<div class=\"spectra-image-gallery spectra-image-gallery__layout--grid spectra-image-gallery__layout--grid-col-3 spectra-image-gallery__layout--grid-col-tab-3 spectra-image-gallery__layout--grid-col-mob-2\">\n\t\t\t\t\t\t\t\t\t\t\t<div class='spectra-image-gallery__media-wrapper' data-spectra-gallery-image-id='1347' tabindex=\"0\">\n\t\t\t\t\t\t\t<div class=\"spectra-image-gallery__media spectra-image-gallery__media--grid\">\n\t\t\t\t<picture>\n\t\t\t\t\t<source media=\"(min-width: 1024px)\" srcset=\"https:\/\/enso.hr\/wp-content\/uploads\/2020\/12\/SKLADISNI-REGAL-222x300.jpg\">\n\t\t\t\t\t<source media=\"(min-width: 768px)\" srcset=\"https:\/\/enso.hr\/wp-content\/uploads\/2020\/12\/SKLADISNI-REGAL.jpg\">\n\t\t\t\t\t<img decoding=\"async\" class=\"spectra-image-gallery__media-thumbnail spectra-image-gallery__media-thumbnail--grid\" src=\"https:\/\/enso.hr\/wp-content\/uploads\/2020\/12\/SKLADISNI-REGAL-222x300.jpg\" alt=\"Skladi\u0161ni regal\" loading=\"lazy\" \/>\n\t\t\t\t<\/picture>\n\t\t\t\t<div class=\"spectra-image-gallery__media-thumbnail-blurrer\"><\/div>\n\t\t\t\t\t\t\t\t\t\t\t<div class=\"spectra-image-gallery__media-thumbnail-caption-wrapper spectra-image-gallery__media-thumbnail-caption-wrapper--overlay\">\n\t\t\t\t\t\t\t\t\t\t\t<div class=\"spectra-image-gallery__media-thumbnail-caption spectra-image-gallery__media-thumbnail-caption--overlay\">\n\t\t\t\t\tSkladi\u0161ni regal\t\t\t\t<\/div>\n\t\t\t\t\t\t\t\t\t\t<\/div>\n\t\t\t\t\t\t\t\t\t<\/div>\n\t\t\t\t\t\t<\/div>\n\t\t\t\t\t\t<div class='spectra-image-gallery__media-wrapper' data-spectra-gallery-image-id='2522' tabindex=\"0\">\n\t\t\t\t\t\t\t<div class=\"spectra-image-gallery__media spectra-image-gallery__media--grid\">\n\t\t\t\t<picture>\n\t\t\t\t\t<source media=\"(min-width: 1024px)\" srcset=\"https:\/\/enso.hr\/wp-content\/uploads\/2022\/09\/Skor_1-225x300.jpg\">\n\t\t\t\t\t<source media=\"(min-width: 768px)\" srcset=\"https:\/\/enso.hr\/wp-content\/uploads\/2022\/09\/Skor_1-768x1024.jpg\">\n\t\t\t\t\t<img decoding=\"async\" class=\"spectra-image-gallery__media-thumbnail spectra-image-gallery__media-thumbnail--grid\" src=\"https:\/\/enso.hr\/wp-content\/uploads\/2022\/09\/Skor_1-225x300.jpg\" alt=\"Skladi\u0161ni regal SKOR.\" loading=\"lazy\" \/>\n\t\t\t\t<\/picture>\n\t\t\t\t<div class=\"spectra-image-gallery__media-thumbnail-blurrer\"><\/div>\n\t\t\t\t\t\t\t\t\t\t\t<div class=\"spectra-image-gallery__media-thumbnail-caption-wrapper spectra-image-gallery__media-thumbnail-caption-wrapper--overlay\">\n\t\t\t\t\t\t\t\t\t\t\t<div class=\"spectra-image-gallery__media-thumbnail-caption spectra-image-gallery__media-thumbnail-caption--overlay\">\n\t\t\t\t\tSkladi\u0161ni regal SKOR.\t\t\t\t<\/div>\n\t\t\t\t\t\t\t\t\t\t<\/div>\n\t\t\t\t\t\t\t\t\t<\/div>\n\t\t\t\t\t\t<\/div>\n\t\t\t\t\t\t<div class='spectra-image-gallery__media-wrapper' data-spectra-gallery-image-id='3331' tabindex=\"0\">\n\t\t\t\t\t\t\t<div class=\"spectra-image-gallery__media spectra-image-gallery__media--grid\">\n\t\t\t\t<picture>\n\t\t\t\t\t<source media=\"(min-width: 1024px)\" srcset=\"https:\/\/enso.hr\/wp-content\/uploads\/2025\/07\/Paketomat-3-300x230.png\">\n\t\t\t\t\t<source media=\"(min-width: 768px)\" srcset=\"https:\/\/enso.hr\/wp-content\/uploads\/2025\/07\/Paketomat-3.png\">\n\t\t\t\t\t<img decoding=\"async\" class=\"spectra-image-gallery__media-thumbnail spectra-image-gallery__media-thumbnail--grid\" src=\"https:\/\/enso.hr\/wp-content\/uploads\/2025\/07\/Paketomat-3-300x230.png\" alt=\"Paketomat\" loading=\"lazy\" \/>\n\t\t\t\t<\/picture>\n\t\t\t\t<div class=\"spectra-image-gallery__media-thumbnail-blurrer\"><\/div>\n\t\t\t\t\t\t\t\t\t\t\t<div class=\"spectra-image-gallery__media-thumbnail-caption-wrapper spectra-image-gallery__media-thumbnail-caption-wrapper--overlay\">\n\t\t\t\t\t\t\t\t\t\t\t<div class=\"spectra-image-gallery__media-thumbnail-caption spectra-image-gallery__media-thumbnail-caption--overlay\">\n\t\t\t\t\tPaketomat\t\t\t\t<\/div>\n\t\t\t\t\t\t\t\t\t\t<\/div>\n\t\t\t\t\t\t\t\t\t<\/div>\n\t\t\t\t\t\t<\/div>\n\t\t\t\t\t\t\t\t\t\t<\/div>\n\t\t\t\t\t\t\t\t\t\t\t\t\t\t\t\t\t\t<\/div>\n\t\t\t\t\t\t\t\t\t<\/div>\n\n\n\n<div class=\"wp-block-uagb-container uagb-block-bb228cb7\">\n<h4 class=\"wp-block-heading has-text-align-center\">ENSO Lagerregal<\/h4>\n\n\n\n\t\t\t<div class=\"wp-block-uagb-post-grid uagb-post-grid  uagb-post__image-position-top uagb-post__image-enabled uagb-block-220efc7d     uagb-post__items uagb-post__columns-1 is-grid uagb-post__columns-tablet-2 uagb-post__columns-mobile-1 uagb-post__equal-height\" data-total=\"1\" style=\"\">\n\n\t\t\t\t\t\t\t\t\t\t\t\t<article class=\"uagb-post__inner-wrap\">\t\t\t\t\t\t\t\t<div class='uagb-post__image'>\n\t\t\t\t\t\t\t\t\t<a href=\"https:\/\/enso.hr\/de\/produkte\/paketstation\/\" target=\"_self\" rel=\"bookmark noopener noreferrer\" class='uagb-image-ratio-inherit'><img loading=\"lazy\" decoding=\"async\" width=\"600\" height=\"480\" src=\"https:\/\/enso.hr\/wp-content\/uploads\/2025\/07\/paketomat-render.png\" class=\"attachment-large size-large\" alt=\"\" srcset=\"https:\/\/enso.hr\/wp-content\/uploads\/2025\/07\/paketomat-render.png 600w, https:\/\/enso.hr\/wp-content\/uploads\/2025\/07\/paketomat-render-300x240.png 300w\" sizes=\"auto, (max-width: 600px) 100vw, 600px\" \/>\t\t\t\t\t<\/a>\n\t\t\t\t\t\t\t<\/div>\n\t\t\t\t\t\t<h4 class=\"uagb-post__title uagb-post__text\">\n\t\t\t\t<a href=\"https:\/\/enso.hr\/de\/produkte\/paketstation\/\" target=\"_self\" rel=\"bookmark noopener noreferrer\">Paketstation<\/a>\n\t\t\t<\/h4>\n\t\t\t\t\t\t<div class='uagb-post__text uagb-post-grid-byline'>\n\t\t\t\t\t\t\t<\/div>\n\t\t\t\t\t\t<div class=\"uagb-post__text uagb-post__cta wp-block-button\">\n\t\t\t\t<a class=\"wp-block-button__link uagb-text-link\" style=\"\" href=\"https:\/\/enso.hr\/de\/produkte\/paketstation\/\" target=\"_self\" rel=\"bookmark noopener noreferrer\">Offen<\/a>\n\t\t\t<\/div>\n\t\t\t\n\t\t\t\t\t\t\t\t\t<\/article>\n\t\t\t\t\t\t\t\t\t\t\t<\/div>\n\t\t\t<\/div>\n<\/div><\/main>\n","protected":false},"excerpt":{"rendered":"<p>SKOR Werbeflyer PDF Lagerregal Brosch\u00fcre (PDF HR) Lagerregal SKOR Lagerregal SKOR ist ein Warenausgabesystem, das in F\u00e4cher unterteilt ist und mit T\u00fcren, Schl\u00f6ssern und einer T\u00fcrschlie\u00df\u00fcberwachung ausgestattet ist. Es dient zur Lagerung von wertvoller Ausr\u00fcstung, zur Bestandskontrolle sowie zum Schutz vor Diebstahl \u2013 mit l\u00fcckenloser Dokumentation der Warenausgabe, unabh\u00e4ngig von Zeit oder Schicht. Der Zugriff [&hellip;]<\/p>\n","protected":false},"author":2,"featured_media":0,"parent":0,"menu_order":0,"comment_status":"closed","ping_status":"closed","template":"","meta":{"_uag_custom_page_level_css":"","footnotes":""},"class_list":["post-2546","page","type-page","status-publish","hentry"],"blocksy_meta":[],"aioseo_notices":[],"uagb_featured_image_src":{"full":false,"thumbnail":false,"medium":false,"medium_large":false,"large":false,"1536x1536":false,"2048x2048":false},"uagb_author_info":{"display_name":"EnsoAdmin","author_link":"https:\/\/enso.hr\/de\/author\/ensoadmin-2\/"},"uagb_comment_info":0,"uagb_excerpt":"SKOR Werbeflyer PDF Lagerregal Brosch\u00fcre (PDF HR) Lagerregal SKOR Lagerregal SKOR ist ein Warenausgabesystem, das in F\u00e4cher unterteilt ist und mit T\u00fcren, Schl\u00f6ssern und einer T\u00fcrschlie\u00df\u00fcberwachung ausgestattet ist. Es dient zur Lagerung von wertvoller Ausr\u00fcstung, zur Bestandskontrolle sowie zum Schutz vor Diebstahl \u2013 mit l\u00fcckenloser Dokumentation der Warenausgabe, unabh\u00e4ngig von Zeit oder Schicht. Der Zugriff&hellip;","_links":{"self":[{"href":"https:\/\/enso.hr\/de\/wp-json\/wp\/v2\/pages\/2546","targetHints":{"allow":["GET"]}}],"collection":[{"href":"https:\/\/enso.hr\/de\/wp-json\/wp\/v2\/pages"}],"about":[{"href":"https:\/\/enso.hr\/de\/wp-json\/wp\/v2\/types\/page"}],"author":[{"embeddable":true,"href":"https:\/\/enso.hr\/de\/wp-json\/wp\/v2\/users\/2"}],"replies":[{"embeddable":true,"href":"https:\/\/enso.hr\/de\/wp-json\/wp\/v2\/comments?post=2546"}],"version-history":[{"count":4,"href":"https:\/\/enso.hr\/de\/wp-json\/wp\/v2\/pages\/2546\/revisions"}],"predecessor-version":[{"id":4462,"href":"https:\/\/enso.hr\/de\/wp-json\/wp\/v2\/pages\/2546\/revisions\/4462"}],"wp:attachment":[{"href":"https:\/\/enso.hr\/de\/wp-json\/wp\/v2\/media?parent=2546"}],"curies":[{"name":"wp","href":"https:\/\/api.w.org\/{rel}","templated":true}]}}