{"id":3256,"date":"2025-06-06T10:23:12","date_gmt":"2025-06-06T10:23:12","guid":{"rendered":"https:\/\/enso.hr\/referenzen-unseres-unternehmens\/"},"modified":"2025-10-27T08:56:19","modified_gmt":"2025-10-27T08:56:19","slug":"referenzen-unseres-unternehmens","status":"publish","type":"page","link":"https:\/\/enso.hr\/de\/referenzen-unseres-unternehmens\/","title":{"rendered":"Referenzen unseres Unternehmens"},"content":{"rendered":"\n<p class=\"has-large-font-size\"><a href=\"https:\/\/enso.hr\/wp-content\/uploads\/2016\/04\/ENSO_Djelanosti_Reference_d.pdf\" target=\"_blank\" rel=\"noreferrer noopener\">Detaillierte \u00dcbersicht unserer wichtigsten Lieferungen (PDF)<\/a><\/p>\n\n<h2 class=\"wp-block-heading has-large-font-size\">Kurze Liefer\u00fcbersicht<\/h2>\n\n<div class=\"wp-block-uagb-info-box uagb-block-3f98fe03 uagb-infobox__content-wrap  uagb-infobox-icon-left-title uagb-infobox-left uagb-infobox-image-valign-middle\"><div class=\"uagb-ifb-content\"><div class=\"uagb-ifb-left-title-image\"><div class=\"uagb-ifb-icon-wrap\"><svg xmlns=\"https:\/\/www.w3.org\/2000\/svg\" viewbox=\"0 0 512 512\"><path d=\"M495.9 166.6C499.2 175.2 496.4 184.9 489.6 191.2L446.3 230.6C447.4 238.9 448 247.4 448 256C448 264.6 447.4 273.1 446.3 281.4L489.6 320.8C496.4 327.1 499.2 336.8 495.9 345.4C491.5 357.3 486.2 368.8 480.2 379.7L475.5 387.8C468.9 398.8 461.5 409.2 453.4 419.1C447.4 426.2 437.7 428.7 428.9 425.9L373.2 408.1C359.8 418.4 344.1 427 329.2 433.6L316.7 490.7C314.7 499.7 307.7 506.1 298.5 508.5C284.7 510.8 270.5 512 255.1 512C241.5 512 227.3 510.8 213.5 508.5C204.3 506.1 197.3 499.7 195.3 490.7L182.8 433.6C167 427 152.2 418.4 138.8 408.1L83.14 425.9C74.3 428.7 64.55 426.2 58.63 419.1C50.52 409.2 43.12 398.8 36.52 387.8L31.84 379.7C25.77 368.8 20.49 357.3 16.06 345.4C12.82 336.8 15.55 327.1 22.41 320.8L65.67 281.4C64.57 273.1 64 264.6 64 256C64 247.4 64.57 238.9 65.67 230.6L22.41 191.2C15.55 184.9 12.82 175.3 16.06 166.6C20.49 154.7 25.78 143.2 31.84 132.3L36.51 124.2C43.12 113.2 50.52 102.8 58.63 92.95C64.55 85.8 74.3 83.32 83.14 86.14L138.8 103.9C152.2 93.56 167 84.96 182.8 78.43L195.3 21.33C197.3 12.25 204.3 5.04 213.5 3.51C227.3 1.201 241.5 0 256 0C270.5 0 284.7 1.201 298.5 3.51C307.7 5.04 314.7 12.25 316.7 21.33L329.2 78.43C344.1 84.96 359.8 93.56 373.2 103.9L428.9 86.14C437.7 83.32 447.4 85.8 453.4 92.95C461.5 102.8 468.9 113.2 475.5 124.2L480.2 132.3C486.2 143.2 491.5 154.7 495.9 166.6V166.6zM256 336C300.2 336 336 300.2 336 255.1C336 211.8 300.2 175.1 256 175.1C211.8 175.1 176 211.8 176 255.1C176 300.2 211.8 336 256 336z\"><\/path><\/svg><\/div><div class=\"uagb-ifb-title-wrap\"><h4 class=\"uagb-ifb-title\">Maschinen und Ausr\u00fcstung<\/h4><\/div><\/div><\/div><\/div>\n\n<ul class=\"wp-block-list\">\n<li><a href=\"https:\/\/enso.hr\/de\/produkte\/brus-brusilica-izvoda\/\" target=\"blank\">Schleifmaschine f\u00fcr Aluminium- und Kupferanschl\u00fcsse<\/a><\/li>\n\n\n\n<li><a href=\"https:\/\/enso.hr\/de\/produkte\/aoi-sklopka-ps01-ps02-stroj-za-opticku-kontrolu\/\">AOI-Maschine f\u00fcr Metallteile<\/a><\/li>\n\n\n\n<li><a href=\"https:\/\/enso.hr\/de\/produkte\/paketstation\/\" title=\"\">Paketomat<\/a><\/li>\n\n\n\n<li><a href=\"https:\/\/enso.hr\/de\/produkte\/stacker-daemmplatten-stapelmaschine\/\" target=\"blank\">D\u00e4mmplatten-Stapelmaschine<\/a><\/li>\n\n\n\n<li><a href=\"https:\/\/enso.hr\/de\/produkte\/solmac-loetstation\/\" target=\"blank\">L\u00f6tstation f\u00fcr Bauteile auf Leiterplatten<\/a><\/li>\n\n\n\n<li><a href=\"https:\/\/enso.hr\/de\/produkte\/pande-stroj-za-apliciranje-deklaracija-na-vrece\/\" target=\"blank\">Deklarationsmarkierungsmaschine<\/a><\/li>\n\n\n\n<li><a href=\"https:\/\/enso.hr\/de\/produkte\/zubko-stroj-za-opticku-kontrolu-zubnih-segmenata\/\" target=\"blank\">AOI-Maschine f\u00fcr Metallelemente mit Z\u00e4hnen<\/a><\/li>\n\n\n\n<li><a href=\"https:\/\/enso.hr\/de\/produkte\/glusta-ps01-automatic-gluing-station\/\" target=\"blank\">Kleb- und Stapelmaschine f\u00fcr PTC-Heizelemente<\/a><\/li>\n\n\n\n<li><a href=\"https:\/\/enso.hr\/de\/produkte\/kotra-ps01-stroj-za-izbijanje-elektronickih-komponenti\/\" target=\"blank\">Maschine zum automatischen Transportieren, Auswerfen und Stapeln von elektronischen Komponenten<\/a><\/li>\n\n\n\n<li><a href=\"https:\/\/enso.hr\/de\/produkte\/kompa-ps01-machine-for-orienting-optical-and-electrical-measuring-and-packaging-of-electronic-components\/\" target=\"blank\">Maschine zur optischen und elektrischen Vermessung und Verpackung von elektronischen Bauteilen<\/a><\/li>\n\n\n\n<li><a href=\"https:\/\/enso.hr\/de\/produkte\/doza-l-maschine-zum-dosieren-von-schuettguetern\/\" target=\"blank\">Maschine zum Dosieren und Verpacken von Sch\u00fcttg\u00fctern<\/a><\/li>\n<\/ul>\n\n<div class=\"wp-block-uagb-info-box uagb-block-2af0bf94 uagb-infobox__content-wrap  uagb-infobox-icon-left-title uagb-infobox-left uagb-infobox-image-valign-middle\"><div class=\"uagb-ifb-content\"><div class=\"uagb-ifb-left-title-image\"><div class=\"uagb-ifb-icon-wrap\"><svg xmlns=\"https:\/\/www.w3.org\/2000\/svg\" viewbox=\"0 0 576 512\"><path d=\"M528 0h-480C21.5 0 0 21.5 0 48v320C0 394.5 21.5 416 48 416h192L224 464H152C138.8 464 128 474.8 128 488S138.8 512 152 512h272c13.25 0 24-10.75 24-24s-10.75-24-24-24H352L336 416h192c26.5 0 48-21.5 48-48v-320C576 21.5 554.5 0 528 0zM512 352H64V64h448V352z\"><\/path><\/svg><\/div><div class=\"uagb-ifb-title-wrap\"><h4 class=\"uagb-ifb-title\">Programmierung und SCADA<\/h4><\/div><\/div><\/div><\/div>\n\n<ul class=\"wp-block-list\">\n<li><a href=\"https:\/\/enso.hr\/de\/visualisierung\/\" target=\"blank\">SCADA zur \u00dcberwachung und Steuerung von Paketstationen<\/a><\/li>\n\n\n\n<li><a href=\"https:\/\/enso.hr\/de\/programmierung\/\" target=\"blank\">SPS-Programmierung im Schwei\u00dftechnikzentrum<\/a><\/li>\n\n\n\n<li><a href=\"https:\/\/enso.hr\/de\/programmierung\/\" target=\"blank\">TIA Portal Programmierung und Inbetriebnahme End of Line<\/a><\/li>\n\n\n\n<li><a href=\"https:\/\/enso.hr\/de\/visualisierung\/\" target=\"blank\">REACT Anwendung zur Messung von Galvanisierungsstr\u00f6men mit Datenverarbeitung<\/a><\/li>\n\n\n\n<li><a href=\"https:\/\/enso.hr\/de\/visualisierung\/\" target=\"blank\">Webanwendung zur \u00dcberwachung von Isolationsmessungen im Produktionsprozess<\/a><\/li>\n\n\n\n<li><a href=\"https:\/\/enso.hr\/de\/programmierung\/\" target=\"blank\">Siemens Programmierung der Paketlogistiklinie<\/a><\/li>\n\n\n\n<li><a href=\"https:\/\/enso.hr\/de\/programmierung\/\" target=\"blank\">SPS Programmierung und Inbetriebnahme der Batteriemontagelinie f\u00fcr Elektrofahrzeuge<\/a><\/li>\n<\/ul>\n\n<div class=\"wp-block-uagb-info-box uagb-block-c3a86290 uagb-infobox__content-wrap  uagb-infobox-icon-left-title uagb-infobox-left uagb-infobox-image-valign-middle\"><div class=\"uagb-ifb-content\"><div class=\"uagb-ifb-left-title-image\"><div class=\"uagb-ifb-icon-wrap\"><svg xmlns=\"https:\/\/www.w3.org\/2000\/svg\" viewbox=\"0 0 576 512\"><path d=\"M549.7 124.1c-6.281-23.65-24.79-42.28-48.28-48.6C458.8 64 288 64 288 64S117.2 64 74.63 75.49c-23.5 6.322-42 24.95-48.28 48.6-11.41 42.87-11.41 132.3-11.41 132.3s0 89.44 11.41 132.3c6.281 23.65 24.79 41.5 48.28 47.82C117.2 448 288 448 288 448s170.8 0 213.4-11.49c23.5-6.321 42-24.17 48.28-47.82 11.41-42.87 11.41-132.3 11.41-132.3s0-89.44-11.41-132.3zm-317.5 213.5V175.2l142.7 81.21-142.7 81.2z\"><\/path><\/svg><\/div><div class=\"uagb-ifb-title-wrap\"><h4 class=\"uagb-ifb-title\">Demonstrationsvideo<\/h4><\/div><\/div><\/div><\/div>\n\n<ul class=\"wp-block-list\">\n<li><a href=\"https:\/\/www.youtube.com\/watch?v=MqZKl9RQ62o\" target=\"blank\">Maschine zum Dosieren und Verpacken von Sch\u00fcttg\u00fctern<\/a><\/li>\n\n\n\n<li><a href=\"https:\/\/youtube.com\/shorts\/c1XzFoquDFc?si=fumwtO9KP6ldOP-l\" target=\"blank\">Schleifmaschine f\u00fcr Aluminium- und Kupferanschl\u00fcsse in Betrieb<\/a><\/li>\n\n\n\n<li><a href=\"https:\/\/www.youtube.com\/watch?v=NIINZgdVTlo\" target=\"blank\">Vibrationszuf\u00fchrsystem f\u00fcr Kupferringe<\/a><\/li>\n\n\n\n<li><a href=\"https:\/\/www.youtube.com\/watch?v=wuLvROHxuAQ\" target=\"blank\">D\u00e4mmplatten-Stapelmaschine in Betrieb<\/a><\/li>\n\n\n\n<li><a href=\"https:\/\/youtu.be\/QKYZotBuWZg?si=YyaKOV7MXn-5qSl5\" target=\"blank\">Schr\u00e4gf\u00f6rderer f\u00fcr Kunststoffteile<\/a><\/li>\n\n\n\n<li><a href=\"https:\/\/youtu.be\/mimyn1PgzNs?si=YJK6-9NJOUimMKdL\" target=\"blank\">Ein F\u00f6rdersystem f\u00fcr mehrere Arten verschiedener Kunststoffteile<\/a><\/li>\n\n\n\n<li><a href=\"https:\/\/youtu.be\/7kPE4T2GW0M?si=Kwp7nUdQbpJX0AnS\" target=\"blank\">Maschine zum Testen der L\u00f6tbarkeit durch Eintauchen<\/a><\/li>\n\n\n\n<li><a href=\"https:\/\/youtu.be\/OgzQcH4cXWk?si=9uvx2Ok-rageL9dy\" target=\"blank\">Ger\u00e4t zur Messung der Federkraft<\/a><\/li>\n\n\n\n<li><a href=\"https:\/\/www.youtube.com\/watch?v=xk7z-8Ppxs4\" target=\"blank\">Freistehender Vibrationsf\u00f6rderer mit Schalld\u00e4mmgeh\u00e4use<\/a><\/li>\n\n\n\n<li><a href=\"https:\/\/www.youtube.com\/watch?v=kXlAUqRdtSk\" target=\"blank\">Satz von Vibrationsf\u00f6rderern zum Einbringen von Metallklammern in die Maschine<\/a><\/li>\n<\/ul>\n","protected":false},"excerpt":{"rendered":"<p>Detaillierte \u00dcbersicht unserer wichtigsten Lieferungen (PDF) Kurze Liefer\u00fcbersicht<\/p>\n","protected":false},"author":2,"featured_media":0,"parent":0,"menu_order":0,"comment_status":"closed","ping_status":"closed","template":"","meta":{"_uag_custom_page_level_css":"","footnotes":""},"class_list":["post-3256","page","type-page","status-publish","hentry"],"blocksy_meta":[],"aioseo_notices":[],"uagb_featured_image_src":{"full":false,"thumbnail":false,"medium":false,"medium_large":false,"large":false,"1536x1536":false,"2048x2048":false},"uagb_author_info":{"display_name":"EnsoAdmin","author_link":"https:\/\/enso.hr\/de\/author\/ensoadmin-2\/"},"uagb_comment_info":0,"uagb_excerpt":"Detaillierte \u00dcbersicht unserer wichtigsten Lieferungen (PDF) Kurze Liefer\u00fcbersicht","_links":{"self":[{"href":"https:\/\/enso.hr\/de\/wp-json\/wp\/v2\/pages\/3256","targetHints":{"allow":["GET"]}}],"collection":[{"href":"https:\/\/enso.hr\/de\/wp-json\/wp\/v2\/pages"}],"about":[{"href":"https:\/\/enso.hr\/de\/wp-json\/wp\/v2\/types\/page"}],"author":[{"embeddable":true,"href":"https:\/\/enso.hr\/de\/wp-json\/wp\/v2\/users\/2"}],"replies":[{"embeddable":true,"href":"https:\/\/enso.hr\/de\/wp-json\/wp\/v2\/comments?post=3256"}],"version-history":[{"count":6,"href":"https:\/\/enso.hr\/de\/wp-json\/wp\/v2\/pages\/3256\/revisions"}],"predecessor-version":[{"id":4412,"href":"https:\/\/enso.hr\/de\/wp-json\/wp\/v2\/pages\/3256\/revisions\/4412"}],"wp:attachment":[{"href":"https:\/\/enso.hr\/de\/wp-json\/wp\/v2\/media?parent=3256"}],"curies":[{"name":"wp","href":"https:\/\/api.w.org\/{rel}","templated":true}]}}