{"id":501,"date":"2016-04-29T14:41:42","date_gmt":"2016-04-29T14:41:42","guid":{"rendered":"http:\/\/enso.hr\/de\/?page_id=501"},"modified":"2026-01-08T13:15:30","modified_gmt":"2026-01-08T13:15:30","slug":"automatisierung","status":"publish","type":"page","link":"https:\/\/enso.hr\/de\/automatisierung\/","title":{"rendered":"Automatisierung"},"content":{"rendered":"\n<div class=\"wp-block-uagb-container uagb-block-497e93d7 alignwide uagb-is-root-container\">\n<div class=\"wp-block-uagb-container uagb-layout-flex uagb-block-bb3ec66b\">\n<h3 class=\"wp-block-heading\">Automatisierung in der Produktion<\/h3>\n\n\n\n<p>Automatisierung erm\u00f6glicht es Maschinen und Prozessen, zuverl\u00e4ssig, pr\u00e4zise und ohne st\u00e4ndige menschliche \u00dcberwachung zu arbeiten.<br data-start=\"2095\" data-end=\"2098\"\/>Wir entwickeln und realisieren Automatisierungssysteme, die die Produktivit\u00e4t erh\u00f6hen, Kosten senken und eine wiederholbare, stabile Produktion gew\u00e4hrleisten.<\/p>\n\n\n\n<h4 class=\"wp-block-heading\">Unsere Leistungen:<\/h4>\n\n\n\n<ul class=\"wp-block-list\">\n<li>Planung von Automatisierungssystemen nach Prozessanforderungen<\/li>\n\n\n\n<li>Programmierung von SPS- und Industrie-PC-Steuerungen<\/li>\n\n\n\n<li>Regelung von Temperatur, Druck, Geschwindigkeit, Kraft und anderen Prozessgr\u00f6\u00dfen<\/li>\n\n\n\n<li>Steuerung von Maschinen, Produktionslinien und Anlagen<\/li>\n\n\n\n<li>Integration von Sicherheits- und \u00dcberwachungssystemen<\/li>\n<\/ul>\n\n\n\n<p>Unsere Systeme erm\u00f6glichen eine pr\u00e4zise Steuerung aller Produktionsphasen \u2013 von einfachen Maschinenfunktionen bis zu komplexen Prozessen mit R\u00fcckkopplung und automatischer Regelung.<\/p>\n<\/div>\n\n\n\n<div class=\"wp-block-uagb-container uagb-block-e495d6e4\">\n<div class=\"wp-block-uagb-image uagb-block-6efb9d52 wp-block-uagb-image--layout-default wp-block-uagb-image--effect-static wp-block-uagb-image--align-none\"><figure class=\"wp-block-uagb-image__figure\"><img decoding=\"async\" srcset=\"https:\/\/enso.hr\/wp-content\/uploads\/2025\/10\/g18cc21d250d3c8df6903afc3898613a10f88347c694f305e554f4d45de1e0adc21dd76a0edf92d5a8d028425c130ce74a04ee6c80d0700f170a21e6fbddd0db6_1280-2905361-1024x682.jpg ,https:\/\/enso.hr\/wp-content\/uploads\/2025\/10\/g18cc21d250d3c8df6903afc3898613a10f88347c694f305e554f4d45de1e0adc21dd76a0edf92d5a8d028425c130ce74a04ee6c80d0700f170a21e6fbddd0db6_1280-2905361.jpg 780w, https:\/\/enso.hr\/wp-content\/uploads\/2025\/10\/g18cc21d250d3c8df6903afc3898613a10f88347c694f305e554f4d45de1e0adc21dd76a0edf92d5a8d028425c130ce74a04ee6c80d0700f170a21e6fbddd0db6_1280-2905361.jpg 360w\" sizes=\"auto, (max-width: 480px) 150px\" src=\"https:\/\/enso.hr\/wp-content\/uploads\/2025\/10\/g18cc21d250d3c8df6903afc3898613a10f88347c694f305e554f4d45de1e0adc21dd76a0edf92d5a8d028425c130ce74a04ee6c80d0700f170a21e6fbddd0db6_1280-2905361-1024x682.jpg\" alt=\"desk, industrial, steel, hand, helmet, automation, factory, piloting, button, controller, automation, automation, automation, automation, automation\" class=\"uag-image-4333\" width=\"1024\" height=\"682\" title=\"Automation PLC\" loading=\"lazy\" role=\"img\"\/><\/figure><\/div><br>\n<\/div>\n<\/div>\n\n<div class=\"wp-block-uagb-container uagb-block-b99f8b95 alignwide uagb-is-root-container\">\n<div class=\"wp-block-uagb-container uagb-block-ea8fff42\">\n<div class=\"wp-block-uagb-image uagb-block-dff7e5f0 wp-block-uagb-image--layout-default wp-block-uagb-image--effect-static wp-block-uagb-image--align-none\"><figure class=\"wp-block-uagb-image__figure\"><img decoding=\"async\" srcset=\"https:\/\/enso.hr\/wp-content\/uploads\/2025\/10\/pexels-photo-19317897-19317897.jpg ,https:\/\/enso.hr\/wp-content\/uploads\/2025\/10\/pexels-photo-19317897-19317897.jpg 780w, https:\/\/enso.hr\/wp-content\/uploads\/2025\/10\/pexels-photo-19317897-19317897.jpg 360w\" sizes=\"auto, (max-width: 480px) 150px\" src=\"https:\/\/enso.hr\/wp-content\/uploads\/2025\/10\/pexels-photo-19317897-19317897.jpg\" alt=\"Modern control room with people monitoring large digital displays and computer systems.\" class=\"uag-image-4339\" width=\"885\" height=\"410\" title=\"Control room\" loading=\"lazy\" role=\"img\"\/><\/figure><\/div><br>\n<\/div>\n\n\n\n<div class=\"wp-block-uagb-container uagb-block-fdccd79d\">\n<h3 class=\"wp-block-heading\">Produktions\u00fcberwachung und -steuerung<\/h3>\n\n\n\n<p>\u00dcberwachungssysteme bieten einen vollst\u00e4ndigen Echtzeit-\u00dcberblick \u00fcber den Produktionsstatus.<br data-start=\"2933\" data-end=\"2936\"\/>So wissen Anwender jederzeit, was in der Fertigung passiert \u2013 wie viele Produkte hergestellt wurden, welche Materialien verbraucht sind und wo eventuelle Stillst\u00e4nde auftreten.<\/p>\n\n\n\n<h4 class=\"wp-block-heading\">Anwendungen:<\/h4>\n\n\n\n<ul class=\"wp-block-list\">\n<li>\u00dcberwachung der produzierten St\u00fcckzahlen und Maschinenzust\u00e4nde<\/li>\n\n\n\n<li>Erfassung des Material- und Zeitverbrauchs<\/li>\n\n\n\n<li>Analyse der Produktionseffizienz (OEE)<\/li>\n\n\n\n<li>Meldung von Fehlern, Stillst\u00e4nden und Anlagenausf\u00e4llen<\/li>\n\n\n\n<li>Visualisierung und Berichterstattung auf einem zentralen Rechner oder HMI-Panel<\/li>\n<\/ul>\n\n\n\n<h4 class=\"wp-block-heading\">Technische Umsetzung:<\/h4>\n\n\n\n<ul class=\"wp-block-list\">\n<li>Planung des Systems entsprechend Datenmenge und -typ<\/li>\n\n\n\n<li>Datenerfassung aus mehreren Quellen (Maschinen, Sensoren, SPS)<\/li>\n\n\n\n<li>Anbindung von Peripheriemodulen an das zentrale \u00dcberwachungssystem<\/li>\n\n\n\n<li>Entwicklung von Software f\u00fcr Visualisierung, Protokollierung und automatische Berichterstattung<\/li>\n\n\n\n<li>Versand von Benachrichtigungen und Alarmen per E-Mail oder SMS<\/li>\n<\/ul>\n<\/div>\n<\/div>\n","protected":false},"excerpt":{"rendered":"<p>Automatisierung in der Produktion Automatisierung erm\u00f6glicht es Maschinen und Prozessen, zuverl\u00e4ssig, pr\u00e4zise und ohne st\u00e4ndige menschliche \u00dcberwachung zu arbeiten.Wir entwickeln und realisieren Automatisierungssysteme, die die Produktivit\u00e4t erh\u00f6hen, Kosten senken und eine wiederholbare, stabile Produktion gew\u00e4hrleisten. Unsere Leistungen: Unsere Systeme erm\u00f6glichen eine pr\u00e4zise Steuerung aller Produktionsphasen \u2013 von einfachen Maschinenfunktionen bis zu komplexen Prozessen mit R\u00fcckkopplung [&hellip;]<\/p>\n","protected":false},"author":2,"featured_media":0,"parent":0,"menu_order":0,"comment_status":"closed","ping_status":"closed","template":"","meta":{"_uag_custom_page_level_css":"","footnotes":""},"class_list":["post-501","page","type-page","status-publish","hentry"],"blocksy_meta":[],"aioseo_notices":[],"uagb_featured_image_src":{"full":false,"thumbnail":false,"medium":false,"medium_large":false,"large":false,"1536x1536":false,"2048x2048":false},"uagb_author_info":{"display_name":"EnsoAdmin","author_link":"https:\/\/enso.hr\/de\/author\/ensoadmin-2\/"},"uagb_comment_info":0,"uagb_excerpt":"Automatisierung in der Produktion Automatisierung erm\u00f6glicht es Maschinen und Prozessen, zuverl\u00e4ssig, pr\u00e4zise und ohne st\u00e4ndige menschliche \u00dcberwachung zu arbeiten.Wir entwickeln und realisieren Automatisierungssysteme, die die Produktivit\u00e4t erh\u00f6hen, Kosten senken und eine wiederholbare, stabile Produktion gew\u00e4hrleisten. Unsere Leistungen: Unsere Systeme erm\u00f6glichen eine pr\u00e4zise Steuerung aller Produktionsphasen \u2013 von einfachen Maschinenfunktionen bis zu komplexen Prozessen mit R\u00fcckkopplung&hellip;","_links":{"self":[{"href":"https:\/\/enso.hr\/de\/wp-json\/wp\/v2\/pages\/501","targetHints":{"allow":["GET"]}}],"collection":[{"href":"https:\/\/enso.hr\/de\/wp-json\/wp\/v2\/pages"}],"about":[{"href":"https:\/\/enso.hr\/de\/wp-json\/wp\/v2\/types\/page"}],"author":[{"embeddable":true,"href":"https:\/\/enso.hr\/de\/wp-json\/wp\/v2\/users\/2"}],"replies":[{"embeddable":true,"href":"https:\/\/enso.hr\/de\/wp-json\/wp\/v2\/comments?post=501"}],"version-history":[{"count":2,"href":"https:\/\/enso.hr\/de\/wp-json\/wp\/v2\/pages\/501\/revisions"}],"predecessor-version":[{"id":4565,"href":"https:\/\/enso.hr\/de\/wp-json\/wp\/v2\/pages\/501\/revisions\/4565"}],"wp:attachment":[{"href":"https:\/\/enso.hr\/de\/wp-json\/wp\/v2\/media?parent=501"}],"curies":[{"name":"wp","href":"https:\/\/api.w.org\/{rel}","templated":true}]}}