{"id":503,"date":"2016-04-29T14:58:28","date_gmt":"2016-04-29T14:58:28","guid":{"rendered":"http:\/\/enso.hr\/de\/?page_id=503"},"modified":"2025-10-14T13:04:28","modified_gmt":"2025-10-14T13:04:28","slug":"aktivitaet","status":"publish","type":"page","link":"https:\/\/enso.hr\/de\/aktivitaet\/","title":{"rendered":"Gesch\u00e4ftsbereich"},"content":{"rendered":"\n<p><a href=\"https:\/\/enso.hr\/de\/programmierung\/\">Programmierung und Inbetriebnahme<\/a>\u00a0von automatisierten Linien in der Industrie.<\/p>\n\n<p><a href=\"https:\/\/enso.hr\/de\/visualisierung\/\">Entwicklung von SCADA (Supervisory Control And Data Acquisition) Anwendungen<\/a> f\u00fcr die Visualisierung und Datenverarbeitung.<\/p>\n\n<p><a href=\"https:\/\/enso.hr\/de\/produkte\/\">Die Produktion von Maschinen und Anlagen.<\/a>\u00a0Konzept, Design, Herstellung und Inbetriebnahme von:<\/p>\n\n<ul class=\"wp-block-list\">\n<li>Prototyp-Ger\u00e4te nach kundenspezifischen Anforderungen<\/li>\n\n\n\n<li>Ger\u00e4te f\u00fcr Produkte Pr\u00fcfung und Qualit\u00e4tskontrolle<\/li>\n\n\n\n<li>F\u00f6rderb\u00e4nder<\/li>\n\n\n\n<li>Elektrische und pneumatische Manipulatoren<\/li>\n\n\n\n<li>Sondermaschinen<\/li>\n\n\n\n<li>Produktionsanlagen<\/li>\n<\/ul>\n\n<p><a href=\"https:\/\/enso.hr\/de\/3d-printanje\/\">3D Druck<\/a><\/p>\n\n<p><a href=\"https:\/\/enso.hr\/de\/produkte\/zubko-stroj-za-opticku-kontrolu-zubnih-segmenata\/\">T\u00e4tigkeiten im Bereich optischer Inspektionssysteme \u2013 AOI<\/a><\/p>\n\n<p><a href=\"https:\/\/enso.hr\/de\/dodavaci-materijala\/\">Herstellung von Vibrationszuf\u00fchrern \u2013 elektrisch oder pneumatisch (f\u00fcr Ex-Zonen).<\/a><br\/>\u2022\u00a0<a href=\"https:\/\/enso.hr\/de\/produkte\/wendelfoerderer\/\">Wendelf\u00f6rderer<\/a><br\/>\u2022\u00a0<a href=\"https:\/\/enso.hr\/de\/produkte\/linearfoerderer\/\">Linearf\u00f6rderer<\/a><br\/>\u2022\u00a0<a href=\"https:\/\/enso.hr\/de\/produkte\/stufenfoerderer\/\">Stufenf\u00f6rderer<\/a><br\/>\u2022\u00a0<a href=\"https:\/\/enso.hr\/de\/produkte\/trommelfoerderer\/\">Trommelf\u00f6rderer<\/a><br\/>\u2022 Schr\u00e4gf\u00f6rderer<br\/>\u2022 Separatoren<br\/>\u2022 Vibrationstrichter<\/p>\n\n<p>Umr\u00fcstung von Anlagen und Maschinen.<\/p>\n\n<p>Erstellung von Projekt- und technischen Dokumentationen f\u00fcr Automatisierungs-, Steuerungs- und Regelungssysteme.<br\/>Entwurf und Simulation pneumatischer Systeme und Antriebe \u2013 FluidDRAW und FluidSim.<br\/>Entwurf und Herstellung von Steuer- und Regelschaltschr\u00e4nken.<\/p>\n","protected":false},"excerpt":{"rendered":"<p>Programmierung und Inbetriebnahme\u00a0von automatisierten Linien in der Industrie. Entwicklung von SCADA (Supervisory Control And Data Acquisition) Anwendungen f\u00fcr die Visualisierung und Datenverarbeitung. Die Produktion von Maschinen und Anlagen.\u00a0Konzept, Design, Herstellung und Inbetriebnahme von: 3D Druck T\u00e4tigkeiten im Bereich optischer Inspektionssysteme \u2013 AOI Herstellung von Vibrationszuf\u00fchrern \u2013 elektrisch oder pneumatisch (f\u00fcr Ex-Zonen).\u2022\u00a0Wendelf\u00f6rderer\u2022\u00a0Linearf\u00f6rderer\u2022\u00a0Stufenf\u00f6rderer\u2022\u00a0Trommelf\u00f6rderer\u2022 Schr\u00e4gf\u00f6rderer\u2022 Separatoren\u2022 Vibrationstrichter Umr\u00fcstung [&hellip;]<\/p>\n","protected":false},"author":2,"featured_media":0,"parent":0,"menu_order":0,"comment_status":"closed","ping_status":"closed","template":"","meta":{"_uag_custom_page_level_css":"","footnotes":""},"class_list":["post-503","page","type-page","status-publish","hentry"],"blocksy_meta":[],"aioseo_notices":[],"uagb_featured_image_src":{"full":false,"thumbnail":false,"medium":false,"medium_large":false,"large":false,"1536x1536":false,"2048x2048":false},"uagb_author_info":{"display_name":"EnsoAdmin","author_link":"https:\/\/enso.hr\/de\/author\/ensoadmin-2\/"},"uagb_comment_info":0,"uagb_excerpt":"Programmierung und Inbetriebnahme\u00a0von automatisierten Linien in der Industrie. Entwicklung von SCADA (Supervisory Control And Data Acquisition) Anwendungen f\u00fcr die Visualisierung und Datenverarbeitung. Die Produktion von Maschinen und Anlagen.\u00a0Konzept, Design, Herstellung und Inbetriebnahme von: 3D Druck T\u00e4tigkeiten im Bereich optischer Inspektionssysteme \u2013 AOI Herstellung von Vibrationszuf\u00fchrern \u2013 elektrisch oder pneumatisch (f\u00fcr Ex-Zonen).\u2022\u00a0Wendelf\u00f6rderer\u2022\u00a0Linearf\u00f6rderer\u2022\u00a0Stufenf\u00f6rderer\u2022\u00a0Trommelf\u00f6rderer\u2022 Schr\u00e4gf\u00f6rderer\u2022 Separatoren\u2022 Vibrationstrichter Umr\u00fcstung&hellip;","_links":{"self":[{"href":"https:\/\/enso.hr\/de\/wp-json\/wp\/v2\/pages\/503","targetHints":{"allow":["GET"]}}],"collection":[{"href":"https:\/\/enso.hr\/de\/wp-json\/wp\/v2\/pages"}],"about":[{"href":"https:\/\/enso.hr\/de\/wp-json\/wp\/v2\/types\/page"}],"author":[{"embeddable":true,"href":"https:\/\/enso.hr\/de\/wp-json\/wp\/v2\/users\/2"}],"replies":[{"embeddable":true,"href":"https:\/\/enso.hr\/de\/wp-json\/wp\/v2\/comments?post=503"}],"version-history":[{"count":0,"href":"https:\/\/enso.hr\/de\/wp-json\/wp\/v2\/pages\/503\/revisions"}],"wp:attachment":[{"href":"https:\/\/enso.hr\/de\/wp-json\/wp\/v2\/media?parent=503"}],"curies":[{"name":"wp","href":"https:\/\/api.w.org\/{rel}","templated":true}]}}