{"id":520,"date":"2016-04-29T16:02:01","date_gmt":"2016-04-29T16:02:01","guid":{"rendered":"http:\/\/enso.hr\/de\/?page_id=520"},"modified":"2026-02-25T11:44:10","modified_gmt":"2026-02-25T11:44:10","slug":"ueber-uns","status":"publish","type":"page","link":"https:\/\/enso.hr\/de\/ueber-uns\/","title":{"rendered":"\u00dcber uns"},"content":{"rendered":"\n<h3 class=\"wp-block-heading\"><strong>Enso GmbH ist ein Unternehmen die in der industriellen Automatisierung spezialisiert ist.<\/strong><\/h3>\n\n\n\n<p>Seit mehr als 15 Jahren liefern wir hochwertige und umfassende technische L\u00f6sungen, die sich an den Bed\u00fcrfnissen unserer Kunden orientieren.<\/p>\n\n\n\n<h4 class=\"wp-block-heading\">Automation \u2013 Maschinen, Produktionslinien und Ausr\u00fcstung<\/h4>\n\n\n\n<p><a href=\"https:\/\/enso.hr\/de\/sps-programmierung\/\">Design, Programmierung und Inbetriebnahme von automatisierten Linie in der Industrie.<\/a><br>Messung und Steuerung mit dem Einsatz von PLC (Programmable Logic Controller) oder Computer.<\/p>\n\n\n\n<h4 class=\"wp-block-heading\">Die Produktion von Maschinen und Anlagen \u2013 Design, Herstellung, Inbetriebnahme<\/h4>\n\n\n\n<ul class=\"wp-block-list\">\n<li>Prototyp-Ger\u00e4te nach kundenspezifischen Anforderungen<\/li>\n\n\n\n<li><a href=\"https:\/\/enso.hr\/de\/produkte\/umo-vorrichtung-fuer-dynamische-kraeftemessung\/\" title=\"\">Ger\u00e4t f\u00fcr Produkte \u2013 Pr\u00fcfung und Qualit\u00e4tskontrolle<\/a><\/li>\n\n\n\n<li><a href=\"https:\/\/enso.hr\/de\/produkte\/conveyer\/\" title=\"\">F\u00f6rderb\u00e4nder<\/a><\/li>\n\n\n\n<li>Elektrische und pneumatische Manipulatoren<\/li>\n\n\n\n<li>Maschinen zur Montage von Teilen mit Lineartransport und Drehtischen<\/li>\n\n\n\n<li>Maschinen zum Zusammenbau von Elementen zu einem fertigen Produkt<\/li>\n\n\n\n<li><a href=\"https:\/\/enso.hr\/de\/produkte\/dova-stroj-za-doziranje-opruga\/\" title=\"\">Maschinen zum Dosieren von Teilen, Z\u00e4hlen von Elementen, Hinzuf\u00fcgen nach gew\u00fcnschter Anzahl, Gewicht oder Volumen<\/a><\/li>\n\n\n\n<li>Maschinen zum Ausgeben, Z\u00e4hlen und Verpacken mehrerer unterschiedlicher Elemente<\/li>\n<\/ul>\n\n\n\n<h4 class=\"wp-block-heading\">Visualisierung \u2013 SCADA (Supervisory Control And Data Acquisition)<\/h4>\n\n\n\n<p>Anwendungen f\u00fcr die Visualisierung und Datenverarbeitung.<br>Die Messung, Steuerung und \u00dcberwachung von Prozessparametern , Datenerfassung , Erstellung von Berichten.<\/p>\n\n\n\n<h4 class=\"wp-block-heading\">Dienstleistungen<\/h4>\n\n\n\n<p>Beratung und Pilotprojekte zur Entwicklung von Maschinen oder automatisierte Produktionslinie<br>Design der mechanischen Elemente<br>Schaltpl\u00e4ne von Maschinen und Anlagen<\/p>\n\n\n\n<h4 class=\"wp-block-heading\">Kunden<\/h4>\n\n\n\n<p>Elektrokontakt, Emerson, Epcos Croatia, KEKO Varicon, SAR Electronic, SELK, Spiroflex, Multinorm, Knauf Insulation, DW Reusables, ESCO Fofonjka, Fracasso Ri, Metal produkt<\/p>\n\n\n\n<h4 class=\"wp-block-heading\">Erfahrungen und Referenzen<\/h4>\n\n\n\n<p>Au\u00dfer gute Beziehung und die Zusammenarbeit mit inl\u00e4ndischen Herstellern, haben wir die Zusammenarbeit mit ausl\u00e4ndischen Partnern in Automatisierungsprojekte f\u00fcr die Automobilindustrie erreicht.<\/p>\n\n\n\n<ul class=\"wp-block-list\">\n<li>AUDI Neckarsulm, Ingolstadt<\/li>\n\n\n\n<li>BMW M\u00fcnchen, Leipzig, Dingolfing, Landshut<\/li>\n\n\n\n<li>DAIMLER Stuttgart, Bremen<\/li>\n\n\n\n<li>MAGNA Graz<\/li>\n\n\n\n<li>EKB Braunau; DEUTZ Koln; TKSE Hohenstein<\/li>\n<\/ul>\n\n\n\n<h4 class=\"wp-block-heading\">Mission<\/h4>\n\n\n\n<p>F\u00fcr gesch\u00e4ftliche Aktivit\u00e4ten im In- und Ausland mit hoch qualifizierten Team, wirtschaftlich, sozial akzeptabel und \u00f6kologisch nachhaltig ist.<\/p>\n\n\n\n<ul class=\"wp-block-list\">\n<li>Steigerung der Produktivit\u00e4t und Effizienz<\/li>\n\n\n\n<li>Beschleunigung des Produktionsprozesses und Einsparungszeit<\/li>\n\n\n\n<li>Die Reduzierung von Abfall und Verluste<\/li>\n\n\n\n<li>Die Sorge um Energie- und Energieprodukteneinsparung<\/li>\n<\/ul>\n\n\n\n<h4 class=\"wp-block-heading\">Vision<\/h4>\n\n\n\n<ul class=\"wp-block-list\">\n<li>Umsetzung effizienter Industriel\u00f6sungen.<\/li>\n\n\n\n<li>Allen unseren Kunden und Nutzern ein verl\u00e4sslicher Partner zu bleiben.<\/li>\n\n\n\n<li>Setzen Sie komplexe Automatisierungsprojekte in Zusammenarbeit mit unseren Partnern um.<\/li>\n\n\n\n<li>Qualit\u00e4t und Zuverl\u00e4ssigkeit sollen auch weiterhin international anerkannt sein.<\/li>\n<\/ul>\n\n\n\n<p class=\"has-medium-font-size\"><a href=\"https:\/\/enso.hr\/wp-content\/uploads\/2019\/10\/ENSO_Prezentacija_de.pdf\" target=\"_blank\" rel=\"noreferrer noopener\">Br\u00f6schure herunterladen<\/a><\/p>\n","protected":false},"excerpt":{"rendered":"<p>Enso GmbH ist ein Unternehmen die in der industriellen Automatisierung spezialisiert ist. Seit mehr als 15 Jahren liefern wir hochwertige und umfassende technische L\u00f6sungen, die sich an den Bed\u00fcrfnissen unserer Kunden orientieren. Automation \u2013 Maschinen, Produktionslinien und Ausr\u00fcstung Design, Programmierung und Inbetriebnahme von automatisierten Linie in der Industrie.Messung und Steuerung mit dem Einsatz von PLC [&hellip;]<\/p>\n","protected":false},"author":2,"featured_media":0,"parent":0,"menu_order":0,"comment_status":"closed","ping_status":"closed","template":"","meta":{"_uag_custom_page_level_css":"","footnotes":""},"class_list":["post-520","page","type-page","status-publish","hentry"],"blocksy_meta":[],"aioseo_notices":[],"uagb_featured_image_src":{"full":false,"thumbnail":false,"medium":false,"medium_large":false,"large":false,"1536x1536":false,"2048x2048":false},"uagb_author_info":{"display_name":"EnsoAdmin","author_link":"https:\/\/enso.hr\/de\/author\/ensoadmin-2\/"},"uagb_comment_info":0,"uagb_excerpt":"Enso GmbH ist ein Unternehmen die in der industriellen Automatisierung spezialisiert ist. Seit mehr als 15 Jahren liefern wir hochwertige und umfassende technische L\u00f6sungen, die sich an den Bed\u00fcrfnissen unserer Kunden orientieren. Automation \u2013 Maschinen, Produktionslinien und Ausr\u00fcstung Design, Programmierung und Inbetriebnahme von automatisierten Linie in der Industrie.Messung und Steuerung mit dem Einsatz von PLC&hellip;","_links":{"self":[{"href":"https:\/\/enso.hr\/de\/wp-json\/wp\/v2\/pages\/520","targetHints":{"allow":["GET"]}}],"collection":[{"href":"https:\/\/enso.hr\/de\/wp-json\/wp\/v2\/pages"}],"about":[{"href":"https:\/\/enso.hr\/de\/wp-json\/wp\/v2\/types\/page"}],"author":[{"embeddable":true,"href":"https:\/\/enso.hr\/de\/wp-json\/wp\/v2\/users\/2"}],"replies":[{"embeddable":true,"href":"https:\/\/enso.hr\/de\/wp-json\/wp\/v2\/comments?post=520"}],"version-history":[{"count":6,"href":"https:\/\/enso.hr\/de\/wp-json\/wp\/v2\/pages\/520\/revisions"}],"predecessor-version":[{"id":4598,"href":"https:\/\/enso.hr\/de\/wp-json\/wp\/v2\/pages\/520\/revisions\/4598"}],"wp:attachment":[{"href":"https:\/\/enso.hr\/de\/wp-json\/wp\/v2\/media?parent=520"}],"curies":[{"name":"wp","href":"https:\/\/api.w.org\/{rel}","templated":true}]}}