{"id":524,"date":"2016-04-29T16:20:15","date_gmt":"2016-04-29T16:20:15","guid":{"rendered":"http:\/\/enso.hr\/de\/?page_id=524"},"modified":"2026-03-09T10:15:52","modified_gmt":"2026-03-09T10:15:52","slug":"visualisierung","status":"publish","type":"page","link":"https:\/\/enso.hr\/de\/visualisierung\/","title":{"rendered":"Visualisierung von Produktionslinien und Maschinen"},"content":{"rendered":"\n<h2 class=\"wp-block-heading has-large-font-size\">Webbasierte SCADA-Architektur Visualisierung f\u00fcr Produktionsdaten<\/h2>\n\n\n\n<p>Aufbau eines SCADA-Systems zur Visualisierung, Verarbeitung und Darstellung von Produktions- und Maschinendaten mit modernen Webanwendungen. Erstellung von Datenbanken sowie Export der Daten in gew\u00fcnschte Dateiformate.<\/p>\n\n\n\n<h2 class=\"wp-block-heading has-large-font-size\">IoT-Integration und standortunabh\u00e4ngige System\u00fcberwachung<\/h2>\n\n\n\n<p>Unsere SCADA-Systeme, die Daten von PLCs sammeln und auf lokalen Servern verarbeiten, sind ein nat\u00fcrlicher Bestandteil des IoT (Internet der Dinge). Durch die Verbindung von Sensoren, Aktoren und anderen Ger\u00e4ten mit einer zentralen Anwendung erm\u00f6glichen wir die Echtzeit-Datenerfassung, Visualisierung und Analyse. Mit Web-Technologien sind dieselben Daten und die System\u00fcberwachung auf jedem Ger\u00e4t verf\u00fcgbar \u2013 vom Desktop-PC \u00fcber Tablets bis hin zu Smartphones \u2013 ohne zus\u00e4tzliche Installationen. Dieser Ansatz erlaubt den gleichzeitigen Zugriff und die Steuerung von mehreren Standorten, optimiert Produktionsprozesse, erm\u00f6glicht vorausschauende Wartung und unterst\u00fctzt schnellere, datenbasierte Entscheidungen. Die Kombination von IoT- und Web-Plattformen sorgt f\u00fcr maximale Flexibilit\u00e4t, Transparenz und Effizienz im Produktionsmanagement.<\/p>\n\n\n\n<h2 class=\"wp-block-heading has-large-font-size\">Verwendete Technologien f\u00fcr die Visualisierung<\/h2>\n\n\n\n<p><strong>Frontend: HTML, CSS, JavaScript, React<br>Backend: ASP.NET Core (Web API, NVC), C#, MS SQL, My SQL<\/strong><\/p>\n\n\n\n<h2 class=\"wp-block-heading has-large-font-size\">Liste der abgeschlossenen Projekte<\/h2>\n\n\n\n<p>Nachfolgend ein kurzer \u00dcberblick \u00fcber einige realisierte SPS-Programmierprojekte.<\/p>\n\n\n\n<article class=\"wp-block-uagb-container uagb-block-92310c98 alignfull uagb-is-root-container\"><div class=\"uagb-container-inner-blocks-wrap\">\n<div class=\"wp-block-uagb-info-box uagb-block-1bb13b93 uagb-infobox__content-wrap  uagb-infobox-icon-below-title uagb-infobox-image-valign-top\"><div class=\"uagb-ifb-content\"><div class=\"uagb-ifb-title-wrap\"><h3 class=\"uagb-ifb-title\"><strong>Web-App zur Steuerung der Paketstation<\/strong><\/h3><\/div><p class=\"uagb-ifb-desc\">Die IoT-L\u00f6sung \u00fcber eine Webanwendung erm\u00f6glicht die vollst\u00e4ndige Kontrolle und \u00dcberwachung des Paketomaten. Durch die Kommunikation zwischen der Webanwendung, dem Servercomputer und der PLC wird ein bidirektiver Datenfluss in Echtzeit erreicht. Benutzer k\u00f6nnen den Status einzelner F\u00e4cher \u00fcberpr\u00fcfen, T\u00fcren \u00f6ffnen oder verriegeln und alle ausgef\u00fchrten Aktionen \u00fcberwachen \u2013 alle Vorg\u00e4nge werden automatisch auf dem Servercomputer protokolliert. Der Webzugriff erm\u00f6glicht die Ansicht und Verwaltung des Paketomaten von mehreren Ger\u00e4ten aus, ohne zus\u00e4tzliche Installationen, wodurch Flexibilit\u00e4t und Datenverf\u00fcgbarkeit erh\u00f6ht werden. Die Kombination von IoT-Technologie und Webplattform bietet ein transparentes, sicheres und effizientes System zur \u00dcberwachung und Verwaltung des Paketomaten und erm\u00f6glicht eine detaillierte Analyse der Aktivit\u00e4ten sowie die Optimierung des Betriebs.<\/p><\/div><\/div>\n\n\n\n<div class=\"wp-block-group is-layout-constrained wp-container-core-group-is-layout-a099c240 wp-block-group-is-layout-constrained\">\n<figure class=\"wp-block-gallery has-nested-images columns-1 is-cropped wp-block-gallery-1 is-layout-flex wp-block-gallery-is-layout-flex\">\n<figure class=\"wp-block-image size-full\"><img loading=\"lazy\" decoding=\"async\" width=\"700\" height=\"639\" data-id=\"4503\" src=\"https:\/\/enso.hr\/wp-content\/uploads\/2025\/11\/template-pocetna-small.webp\" alt=\"Visualisierung der Paketstation\n\" class=\"wp-image-4503\" srcset=\"https:\/\/enso.hr\/wp-content\/uploads\/2025\/11\/template-pocetna-small.webp 700w, https:\/\/enso.hr\/wp-content\/uploads\/2025\/11\/template-pocetna-small-300x274.webp 300w\" sizes=\"auto, (max-width: 700px) 100vw, 700px\" \/><figcaption class=\"wp-element-caption\">parcel locker home page<\/figcaption><\/figure>\n\n\n\n<figure class=\"wp-block-image size-full\"><img loading=\"lazy\" decoding=\"async\" width=\"800\" height=\"350\" data-id=\"4502\" src=\"https:\/\/enso.hr\/wp-content\/uploads\/2025\/11\/Admin-panel-small.webp\" alt=\"parcel locker settings\" class=\"wp-image-4502\" srcset=\"https:\/\/enso.hr\/wp-content\/uploads\/2025\/11\/Admin-panel-small.webp 800w, https:\/\/enso.hr\/wp-content\/uploads\/2025\/11\/Admin-panel-small-300x131.webp 300w, https:\/\/enso.hr\/wp-content\/uploads\/2025\/11\/Admin-panel-small-768x336.webp 768w\" sizes=\"auto, (max-width: 800px) 100vw, 800px\" \/><figcaption class=\"wp-element-caption\">parcel locker settings<\/figcaption><\/figure>\n<\/figure>\n<\/div>\n<\/div><\/article>\n\n\n\n<article class=\"wp-block-uagb-container uagb-block-f739baef alignfull uagb-is-root-container\"><div class=\"uagb-container-inner-blocks-wrap\">\n<div class=\"wp-block-uagb-info-box uagb-block-3afb5473 uagb-infobox__content-wrap  uagb-infobox-icon-below-title uagb-infobox-image-valign-top\"><div class=\"uagb-ifb-content\"><div class=\"uagb-ifb-title-wrap\"><h3 class=\"uagb-ifb-title\"><strong>\u00dcberwachung von Galvanisierungsstrommessungen<\/strong><\/h3><\/div><p class=\"uagb-ifb-desc\">REACT SCADA-Anwendung zum Anzeigen von von lokalen SPSen erfassten Daten. Die SPS erfasst die Messwerte der Stromwandler in den Galvanikwannen. Die SPS sendet die Daten an den Server, wo sie verarbeitet und der Webanwendung bereitgestellt werden.<br>Die Webanwendung enth\u00e4lt:<br><\/p><\/div><\/div>\n\n\n\n<ul class=\"wp-block-list\">\n<li>Graphengenerierung<\/li>\n\n\n\n<li>Benutzeranmeldung\/-abmeldung<\/li>\n\n\n\n<li>CRUD f\u00fcr Operatorliste, Fehler<\/li>\n\n\n\n<li>Einstellungen<\/li>\n\n\n\n<li>Tabellenansicht des Fehlerverlaufs<\/li>\n\n\n\n<li>Fehlerberichterstattung<\/li>\n<\/ul>\n\n\n\n<div class=\"wp-block-group is-layout-constrained wp-container-core-group-is-layout-a099c240 wp-block-group-is-layout-constrained\">\n<figure class=\"wp-block-gallery has-nested-images columns-1 is-cropped wp-block-gallery-2 is-layout-flex wp-block-gallery-is-layout-flex\">\n<figure class=\"wp-block-image size-large\"><img loading=\"lazy\" decoding=\"async\" width=\"1024\" height=\"576\" data-id=\"2996\" src=\"https:\/\/enso.hr\/wp-content\/uploads\/2025\/02\/Galvanik4-1-1024x576.png\" alt=\"Current measurement web application error display\" class=\"wp-image-2996\" srcset=\"https:\/\/enso.hr\/wp-content\/uploads\/2025\/02\/Galvanik4-1-1024x576.png 1024w, https:\/\/enso.hr\/wp-content\/uploads\/2025\/02\/Galvanik4-1-300x169.png 300w, https:\/\/enso.hr\/wp-content\/uploads\/2025\/02\/Galvanik4-1-768x432.png 768w, https:\/\/enso.hr\/wp-content\/uploads\/2025\/02\/Galvanik4-1-1536x864.png 1536w, https:\/\/enso.hr\/wp-content\/uploads\/2025\/02\/Galvanik4-1-2048x1152.png 2048w\" sizes=\"auto, (max-width: 1024px) 100vw, 1024px\" \/><figcaption class=\"wp-element-caption\">Current measurement web application error display<\/figcaption><\/figure>\n\n\n\n<figure class=\"wp-block-image size-large\"><img loading=\"lazy\" decoding=\"async\" width=\"1024\" height=\"576\" data-id=\"3002\" src=\"https:\/\/enso.hr\/wp-content\/uploads\/2025\/02\/Galvanik2-1-1024x576.png\" alt=\"Current measurement web application table error history\" class=\"wp-image-3002\" srcset=\"https:\/\/enso.hr\/wp-content\/uploads\/2025\/02\/Galvanik2-1-1024x576.png 1024w, https:\/\/enso.hr\/wp-content\/uploads\/2025\/02\/Galvanik2-1-300x169.png 300w, https:\/\/enso.hr\/wp-content\/uploads\/2025\/02\/Galvanik2-1-768x432.png 768w, https:\/\/enso.hr\/wp-content\/uploads\/2025\/02\/Galvanik2-1-1536x864.png 1536w, https:\/\/enso.hr\/wp-content\/uploads\/2025\/02\/Galvanik2-1-2048x1152.png 2048w\" sizes=\"auto, (max-width: 1024px) 100vw, 1024px\" \/><figcaption class=\"wp-element-caption\">Current measurement web application table error history<\/figcaption><\/figure>\n<\/figure>\n<\/div>\n<\/div><\/article>\n\n\n\n<article class=\"wp-block-uagb-container uagb-block-9dc5e05f alignfull uagb-is-root-container\"><div class=\"uagb-container-inner-blocks-wrap\">\n<div class=\"wp-block-uagb-info-box uagb-block-3124ddb1 uagb-infobox__content-wrap  uagb-infobox-icon-below-title uagb-infobox-image-valign-top\"><div class=\"uagb-ifb-content\"><div class=\"uagb-ifb-title-wrap\"><h3 class=\"uagb-ifb-title\"><strong>Webanwendung zur \u00dcberwachung der Produktionslinie<\/strong><\/h3><\/div><p class=\"uagb-ifb-desc\">REACT SCADA-Anwendung zur Anzeige von Daten, die von einer lokalen SPS gesammelt wurden. Die SPS kommuniziert mit dem Server, der die Daten an die Webanwendung \u00fcbermittelt. Die Messungen werden in eine leicht zug\u00e4ngliche Datei auf Ihrem Computer exportiert.<\/p><\/div><\/div>\n\n\n\n<div class=\"wp-block-group is-layout-constrained wp-container-core-group-is-layout-41c06ba8 wp-block-group-is-layout-constrained\">\n<figure class=\"wp-block-gallery has-nested-images columns-2 is-cropped wp-block-gallery-3 is-layout-flex wp-block-gallery-is-layout-flex\">\n<figure class=\"wp-block-image size-large\"><img loading=\"lazy\" decoding=\"async\" width=\"1024\" height=\"577\" data-id=\"2933\" src=\"https:\/\/enso.hr\/wp-content\/uploads\/2024\/11\/line-web-application-SCADA-1024x577.jpg\" alt=\"SCADA web application for displaying measurements\" class=\"wp-image-2933\" srcset=\"https:\/\/enso.hr\/wp-content\/uploads\/2024\/11\/line-web-application-SCADA-1024x577.jpg 1024w, https:\/\/enso.hr\/wp-content\/uploads\/2024\/11\/line-web-application-SCADA-300x169.jpg 300w, https:\/\/enso.hr\/wp-content\/uploads\/2024\/11\/line-web-application-SCADA-768x432.jpg 768w, https:\/\/enso.hr\/wp-content\/uploads\/2024\/11\/line-web-application-SCADA-1536x865.jpg 1536w, https:\/\/enso.hr\/wp-content\/uploads\/2024\/11\/line-web-application-SCADA-2048x1153.jpg 2048w\" sizes=\"auto, (max-width: 1024px) 100vw, 1024px\" \/><figcaption class=\"wp-element-caption\">SCADA web application for displaying measurements<\/figcaption><\/figure>\n<\/figure>\n<\/div>\n<\/div><\/article>\n\n\n\n<article class=\"wp-block-uagb-container uagb-block-28e1c7bd alignfull uagb-is-root-container\"><div class=\"uagb-container-inner-blocks-wrap\">\n<div class=\"wp-block-uagb-info-box uagb-block-85158ae3 uagb-infobox__content-wrap  uagb-infobox-icon-below-title uagb-infobox-image-valign-top\"><div class=\"uagb-ifb-content\"><div class=\"uagb-ifb-title-wrap\"><h3 class=\"uagb-ifb-title\"><strong>App zur Maschinen\u00fcberwachung und Rezepturverwaltung<\/strong><\/h3><\/div><p class=\"uagb-ifb-desc\">REACT-Anwendung zur Maschinenzustands\u00fcberwachung und Rezeptverwaltung (CRUD). Rezepte werden in der Datenbank auf dem Server gespeichert. Die SPS kommuniziert mit dem Server.<\/p><\/div><\/div>\n\n\n\n<div class=\"wp-block-group is-layout-constrained wp-container-core-group-is-layout-a099c240 wp-block-group-is-layout-constrained\">\n<figure class=\"wp-block-gallery has-nested-images columns-1 is-cropped wp-block-gallery-4 is-layout-flex wp-block-gallery-is-layout-flex\">\n<figure class=\"wp-block-image size-large\"><img loading=\"lazy\" decoding=\"async\" width=\"1024\" height=\"645\" data-id=\"2930\" src=\"https:\/\/enso.hr\/wp-content\/uploads\/2024\/11\/machine-web-app-SCADA-CRUD-1024x645.png\" alt=\"SCADA web application for machine monitoring\" class=\"wp-image-2930\" srcset=\"https:\/\/enso.hr\/wp-content\/uploads\/2024\/11\/machine-web-app-SCADA-CRUD-1024x645.png 1024w, https:\/\/enso.hr\/wp-content\/uploads\/2024\/11\/machine-web-app-SCADA-CRUD-300x189.png 300w, https:\/\/enso.hr\/wp-content\/uploads\/2024\/11\/machine-web-app-SCADA-CRUD-768x484.png 768w, https:\/\/enso.hr\/wp-content\/uploads\/2024\/11\/machine-web-app-SCADA-CRUD.png 1350w\" sizes=\"auto, (max-width: 1024px) 100vw, 1024px\" \/><figcaption class=\"wp-element-caption\">SCADA web application for machine monitoring<\/figcaption><\/figure>\n\n\n\n<figure class=\"wp-block-image size-large\"><img loading=\"lazy\" decoding=\"async\" width=\"1024\" height=\"637\" data-id=\"2927\" src=\"https:\/\/enso.hr\/wp-content\/uploads\/2024\/11\/machine-web-app-SCADA-CRUD-recipes-1024x637.png\" alt=\"SCADA web application for recipe management\" class=\"wp-image-2927\" srcset=\"https:\/\/enso.hr\/wp-content\/uploads\/2024\/11\/machine-web-app-SCADA-CRUD-recipes-1024x637.png 1024w, https:\/\/enso.hr\/wp-content\/uploads\/2024\/11\/machine-web-app-SCADA-CRUD-recipes-300x187.png 300w, https:\/\/enso.hr\/wp-content\/uploads\/2024\/11\/machine-web-app-SCADA-CRUD-recipes-768x478.png 768w, https:\/\/enso.hr\/wp-content\/uploads\/2024\/11\/machine-web-app-SCADA-CRUD-recipes.png 1365w\" sizes=\"auto, (max-width: 1024px) 100vw, 1024px\" \/><figcaption class=\"wp-element-caption\">SCADA web application for recipe management<\/figcaption><\/figure>\n<\/figure>\n<\/div>\n<\/div><\/article>\n\n\n\n<article class=\"wp-block-uagb-container uagb-block-f4156966 alignfull uagb-is-root-container\"><div class=\"uagb-container-inner-blocks-wrap\">\n<div class=\"wp-block-uagb-info-box uagb-block-de873f5d uagb-infobox__content-wrap  uagb-infobox-icon-below-title uagb-infobox-image-valign-top\"><div class=\"uagb-ifb-content\"><div class=\"uagb-ifb-title-wrap\"><h3 class=\"uagb-ifb-title\"><strong>Federbrecher<\/strong><\/h3><\/div><p class=\"uagb-ifb-desc\">Mit dem Umbau des Schredders wurde ein System entwickelt, das die Maschine selbst \u00fcber die Anwendung DaqFactory (SCADA) steuert und \u00fcberwacht. Die Anwendung zeigt die aktuelle Kraft und Position an, und die Position des Brechers kann \u00fcber die Anwendung oder manuell \u00fcber Tasten gesteuert werden. Die Anwendung f\u00fchrt Auszugs-, Einzugs-, Rei\u00df- und Materialbest\u00e4ndigkeitstests durch. Messdaten werden aufgezeichnet und zum Drucken in PDF exportiert.<\/p><\/div><\/div>\n\n\n\n<div class=\"wp-block-group is-layout-constrained wp-container-core-group-is-layout-a099c240 wp-block-group-is-layout-constrained\">\n<figure class=\"wp-block-gallery has-nested-images columns-1 is-cropped wp-block-gallery-5 is-layout-flex wp-block-gallery-is-layout-flex\">\n<figure class=\"wp-block-image size-large\"><img loading=\"lazy\" decoding=\"async\" width=\"1024\" height=\"576\" data-id=\"757\" src=\"https:\/\/enso.hr\/wp-content\/uploads\/2017\/05\/esco_scada1-1024x576.png\" alt=\"SCADA force measurement\" class=\"wp-image-757\" srcset=\"https:\/\/enso.hr\/wp-content\/uploads\/2017\/05\/esco_scada1-1024x576.png 1024w, https:\/\/enso.hr\/wp-content\/uploads\/2017\/05\/esco_scada1-300x169.png 300w, https:\/\/enso.hr\/wp-content\/uploads\/2017\/05\/esco_scada1-768x432.png 768w, https:\/\/enso.hr\/wp-content\/uploads\/2017\/05\/esco_scada1.png 1920w\" sizes=\"auto, (max-width: 1024px) 100vw, 1024px\" \/><figcaption class=\"wp-element-caption\">SCADA force measurement<\/figcaption><\/figure>\n\n\n\n<figure class=\"wp-block-image size-large\"><img loading=\"lazy\" decoding=\"async\" width=\"1024\" height=\"576\" data-id=\"761\" src=\"https:\/\/enso.hr\/wp-content\/uploads\/2017\/05\/esco_scada3-1024x576.png\" alt=\"SCADA force measurement\" class=\"wp-image-761\" srcset=\"https:\/\/enso.hr\/wp-content\/uploads\/2017\/05\/esco_scada3-1024x576.png 1024w, https:\/\/enso.hr\/wp-content\/uploads\/2017\/05\/esco_scada3-300x169.png 300w, https:\/\/enso.hr\/wp-content\/uploads\/2017\/05\/esco_scada3-768x432.png 768w, https:\/\/enso.hr\/wp-content\/uploads\/2017\/05\/esco_scada3.png 1920w\" sizes=\"auto, (max-width: 1024px) 100vw, 1024px\" \/><figcaption class=\"wp-element-caption\">SCADA force measurement<\/figcaption><\/figure>\n<\/figure>\n<\/div>\n<\/div><\/article>\n\n\n\n<article class=\"wp-block-uagb-container uagb-block-fa400f64 alignfull uagb-is-root-container\"><div class=\"uagb-container-inner-blocks-wrap\">\n<div class=\"wp-block-uagb-info-box uagb-block-0adcbc0d uagb-infobox__content-wrap  uagb-infobox-icon-below-title uagb-infobox-image-valign-top\"><div class=\"uagb-ifb-content\"><div class=\"uagb-ifb-title-wrap\"><h3 class=\"uagb-ifb-title\"><strong>Visualisierung, Signalisierung und Steuerung der Heizungsraum<\/strong><\/h3><\/div><p class=\"uagb-ifb-desc\">Das System ist mit RTU (Remote Terminal Unit) Modulen f\u00fcr die Erfassung von analogen und digitalen Signalen, die \u00fcber Ethernet mit SCADA-Anwendung f\u00fcr die Visualisierung und \u00dcberwachungsparameterwerte Betrieb von Kesseln kommunizieren, ausgef\u00fchrt. Es misst den Wasserdampfdruck von jedem Kessel (Druckwandler f\u00fcr hohe Temperatur), den Wasserstand von Wasserdampfherstellung, Aktivit\u00e4t der F\u00f6rderpumpe, den ordnungsgem\u00e4\u00dfen Betrieb von Heizkesseln\u2026<\/p><\/div><\/div>\n\n\n\n<div class=\"wp-block-group is-layout-constrained wp-container-core-group-is-layout-41c06ba8 wp-block-group-is-layout-constrained\">\n<figure class=\"wp-block-gallery has-nested-images columns-3 is-cropped wp-block-gallery-6 is-layout-flex wp-block-gallery-is-layout-flex\">\n<figure class=\"wp-block-image size-large\"><img loading=\"lazy\" decoding=\"async\" width=\"1002\" height=\"748\" data-id=\"743\" src=\"https:\/\/enso.hr\/wp-content\/uploads\/2017\/03\/kotao.jpg\" alt=\"Visulalization brewery\" class=\"wp-image-743\" srcset=\"https:\/\/enso.hr\/wp-content\/uploads\/2017\/03\/kotao.jpg 1002w, https:\/\/enso.hr\/wp-content\/uploads\/2017\/03\/kotao-300x224.jpg 300w, https:\/\/enso.hr\/wp-content\/uploads\/2017\/03\/kotao-768x573.jpg 768w\" sizes=\"auto, (max-width: 1002px) 100vw, 1002px\" \/><figcaption class=\"wp-element-caption\">Visulalization brewery<\/figcaption><\/figure>\n<\/figure>\n<\/div>\n<\/div><\/article>\n\n\n\n<article class=\"wp-block-uagb-container uagb-block-26f7a19f alignfull uagb-is-root-container\"><div class=\"uagb-container-inner-blocks-wrap\">\n<div class=\"wp-block-uagb-info-box uagb-block-97ac3ebe uagb-infobox__content-wrap  uagb-infobox-icon-below-title uagb-infobox-image-valign-top\"><div class=\"uagb-ifb-content\"><div class=\"uagb-ifb-title-wrap\"><h3 class=\"uagb-ifb-title\"><strong>Waschungszeitmessung in Ultraschallb\u00e4dern , Datenverarbeitung und Visualisierung<\/strong><\/h3><\/div><p class=\"uagb-ifb-desc\">Waschungszeitmessung ist aufgrund der besonderen Bedingungen durch die Messung der Masse eines Ultraschallbades indirekt ausgef\u00fchrt. RTU (Remote Terminal Unit) Module sammeln Signale von den Sonden und \u00fcber RS-485 und Modbus-Protokoll mit dem SCADA-Anwendung kommunizieren. SCADA f\u00fchrt Visualisierung, Verarbeitung und Speicherung der gesammelten Daten, Alarm- und Signalfehler und nicht autorisierte Staaten aus.<\/p><\/div><\/div>\n\n\n\n<div class=\"wp-block-group is-layout-constrained wp-container-core-group-is-layout-41c06ba8 wp-block-group-is-layout-constrained\">\n<figure class=\"wp-block-gallery has-nested-images columns-3 is-cropped wp-block-gallery-7 is-layout-flex wp-block-gallery-is-layout-flex\">\n<figure class=\"wp-block-image size-full\"><img loading=\"lazy\" decoding=\"async\" width=\"800\" height=\"634\" data-id=\"94\" src=\"https:\/\/enso.hr\/wp-content\/uploads\/2016\/04\/KLN-LEMLJENJE-ENSO.jpg\" alt=\"SCADA-Waschanlagen in Aceton\" class=\"wp-image-94\" srcset=\"https:\/\/enso.hr\/wp-content\/uploads\/2016\/04\/KLN-LEMLJENJE-ENSO.jpg 800w, https:\/\/enso.hr\/wp-content\/uploads\/2016\/04\/KLN-LEMLJENJE-ENSO-300x238.jpg 300w, https:\/\/enso.hr\/wp-content\/uploads\/2016\/04\/KLN-LEMLJENJE-ENSO-768x609.jpg 768w\" sizes=\"auto, (max-width: 800px) 100vw, 800px\" \/><figcaption class=\"wp-element-caption\">SCADA-Waschanlagen in Aceton<\/figcaption><\/figure>\n<\/figure>\n<\/div>\n<\/div><\/article>\n\n\n\n<article class=\"wp-block-uagb-container uagb-block-e7824212 alignfull uagb-is-root-container\"><div class=\"uagb-container-inner-blocks-wrap\">\n<div class=\"wp-block-uagb-info-box uagb-block-21a1ea59 uagb-infobox__content-wrap  uagb-infobox-icon-below-title uagb-infobox-image-valign-top\"><div class=\"uagb-ifb-content\"><div class=\"uagb-ifb-title-wrap\"><h3 class=\"uagb-ifb-title\"><strong>Infrastruktur-\u00dcberwachung, Erfassung und Verarbeitung von Daten, Alarme, \u201eMail to SMS\u201c<\/strong><\/h3><\/div><p class=\"uagb-ifb-desc\">Kontrolle der Infrastrukturparametern, Fehlermeldungen, Alarm Aufzeichnung\u2026<br>Gebrauch von vorhandene Ethernet-Infrastruktur, Modbus TCP-IP.<br>Steuerung von Kessel, Abwasserbehandlung , Klimaanlagen , Kompressor Station, Entsalzungsanlage, Kalt- und Warmwasseranlageherstellung.<\/p><\/div><\/div>\n\n\n\n<div class=\"wp-block-group is-layout-constrained wp-container-core-group-is-layout-41c06ba8 wp-block-group-is-layout-constrained\">\n<figure class=\"wp-block-gallery has-nested-images columns-3 is-cropped wp-block-gallery-8 is-layout-flex wp-block-gallery-is-layout-flex\">\n<figure class=\"wp-block-image size-full\"><img loading=\"lazy\" decoding=\"async\" width=\"800\" height=\"639\" data-id=\"99\" src=\"https:\/\/enso.hr\/wp-content\/uploads\/2016\/04\/NADZOR-INFRASTRUKTURE-ENSO.jpg\" alt=\"SCADA za nadzor infrastrukture pogona\" class=\"wp-image-99\" srcset=\"https:\/\/enso.hr\/wp-content\/uploads\/2016\/04\/NADZOR-INFRASTRUKTURE-ENSO.jpg 800w, https:\/\/enso.hr\/wp-content\/uploads\/2016\/04\/NADZOR-INFRASTRUKTURE-ENSO-300x240.jpg 300w, https:\/\/enso.hr\/wp-content\/uploads\/2016\/04\/NADZOR-INFRASTRUKTURE-ENSO-768x613.jpg 768w\" sizes=\"auto, (max-width: 800px) 100vw, 800px\" \/><figcaption class=\"wp-element-caption\">SCADA za nadzor infrastrukture pogona<\/figcaption><\/figure>\n<\/figure>\n<\/div>\n<\/div><\/article>\n\n\n\n<article class=\"wp-block-uagb-container uagb-block-59f6226e alignfull uagb-is-root-container\"><div class=\"uagb-container-inner-blocks-wrap\">\n<div class=\"wp-block-uagb-info-box uagb-block-f546d881 uagb-infobox__content-wrap  uagb-infobox-icon-below-title uagb-infobox-image-valign-top\"><div class=\"uagb-ifb-content\"><div class=\"uagb-ifb-title-wrap\"><h3 class=\"uagb-ifb-title\"><strong>Die \u00dcberwachung und Steuerung der Analog \/ gestufte Kupplung<\/strong><\/h3><\/div><p class=\"uagb-ifb-desc\">Die \u00dcberwachung und Steuerung ist mit SPS Serie S7-1214 und Anwendung DAQFactory ausgef\u00fchrt. Durch die Anwendung f\u00fcr Kupplungs\u00fcberwachung, die notwendigen Daten w\u00fcrden an die SPS gesendet. Die SPS empf\u00e4ngt die Daten und treibt das Messprogramm bis die n\u00e4chste Zuweisung mit verschiedenen Rezept.<br>\u00dcberwachungsanwendung zeigt uns auch, ob der Testschalter richtig oder falsch ist, und wenn falsch ist, in welchem Teil der Kupplung der Fehler ist.<\/p><\/div><\/div>\n\n\n\n<div class=\"wp-block-group is-layout-constrained wp-container-core-group-is-layout-41c06ba8 wp-block-group-is-layout-constrained\">\n<figure class=\"wp-block-gallery has-nested-images columns-3 is-cropped wp-block-gallery-9 is-layout-flex wp-block-gallery-is-layout-flex\">\n<figure class=\"wp-block-image size-large\"><img loading=\"lazy\" decoding=\"async\" width=\"1024\" height=\"576\" data-id=\"158\" src=\"https:\/\/enso.hr\/wp-content\/uploads\/2016\/04\/pregled-mjerenja-analogna-sklopka-ispravna-2A-1024x576.png\" alt=\"SCADA zur \u00dcberwachung der Schalterwiderstandseigenschaften\" class=\"wp-image-158\" srcset=\"https:\/\/enso.hr\/wp-content\/uploads\/2016\/04\/pregled-mjerenja-analogna-sklopka-ispravna-2A-1024x576.png 1024w, https:\/\/enso.hr\/wp-content\/uploads\/2016\/04\/pregled-mjerenja-analogna-sklopka-ispravna-2A-300x169.png 300w, https:\/\/enso.hr\/wp-content\/uploads\/2016\/04\/pregled-mjerenja-analogna-sklopka-ispravna-2A-768x432.png 768w, https:\/\/enso.hr\/wp-content\/uploads\/2016\/04\/pregled-mjerenja-analogna-sklopka-ispravna-2A.png 1920w\" sizes=\"auto, (max-width: 1024px) 100vw, 1024px\" \/><figcaption class=\"wp-element-caption\">SCADA zur \u00dcberwachung der Schalterwiderstandseigenschaften<\/figcaption><\/figure>\n<\/figure>\n<\/div>\n<\/div><\/article>\n","protected":false},"excerpt":{"rendered":"<p>Webbasierte SCADA-Architektur Visualisierung f\u00fcr Produktionsdaten Aufbau eines SCADA-Systems zur Visualisierung, Verarbeitung und Darstellung von Produktions- und Maschinendaten mit modernen Webanwendungen. Erstellung von Datenbanken sowie Export der Daten in gew\u00fcnschte Dateiformate. IoT-Integration und standortunabh\u00e4ngige System\u00fcberwachung Unsere SCADA-Systeme, die Daten von PLCs sammeln und auf lokalen Servern verarbeiten, sind ein nat\u00fcrlicher Bestandteil des IoT (Internet der Dinge). [&hellip;]<\/p>\n","protected":false},"author":2,"featured_media":0,"parent":0,"menu_order":0,"comment_status":"closed","ping_status":"closed","template":"","meta":{"_uag_custom_page_level_css":"","footnotes":""},"class_list":["post-524","page","type-page","status-publish","hentry"],"blocksy_meta":[],"aioseo_notices":[],"uagb_featured_image_src":{"full":false,"thumbnail":false,"medium":false,"medium_large":false,"large":false,"1536x1536":false,"2048x2048":false},"uagb_author_info":{"display_name":"EnsoAdmin","author_link":"https:\/\/enso.hr\/de\/author\/ensoadmin-2\/"},"uagb_comment_info":0,"uagb_excerpt":"Webbasierte SCADA-Architektur Visualisierung f\u00fcr Produktionsdaten Aufbau eines SCADA-Systems zur Visualisierung, Verarbeitung und Darstellung von Produktions- und Maschinendaten mit modernen Webanwendungen. Erstellung von Datenbanken sowie Export der Daten in gew\u00fcnschte Dateiformate. IoT-Integration und standortunabh\u00e4ngige System\u00fcberwachung Unsere SCADA-Systeme, die Daten von PLCs sammeln und auf lokalen Servern verarbeiten, sind ein nat\u00fcrlicher Bestandteil des IoT (Internet der Dinge).&hellip;","_links":{"self":[{"href":"https:\/\/enso.hr\/de\/wp-json\/wp\/v2\/pages\/524","targetHints":{"allow":["GET"]}}],"collection":[{"href":"https:\/\/enso.hr\/de\/wp-json\/wp\/v2\/pages"}],"about":[{"href":"https:\/\/enso.hr\/de\/wp-json\/wp\/v2\/types\/page"}],"author":[{"embeddable":true,"href":"https:\/\/enso.hr\/de\/wp-json\/wp\/v2\/users\/2"}],"replies":[{"embeddable":true,"href":"https:\/\/enso.hr\/de\/wp-json\/wp\/v2\/comments?post=524"}],"version-history":[{"count":4,"href":"https:\/\/enso.hr\/de\/wp-json\/wp\/v2\/pages\/524\/revisions"}],"predecessor-version":[{"id":4661,"href":"https:\/\/enso.hr\/de\/wp-json\/wp\/v2\/pages\/524\/revisions\/4661"}],"wp:attachment":[{"href":"https:\/\/enso.hr\/de\/wp-json\/wp\/v2\/media?parent=524"}],"curies":[{"name":"wp","href":"https:\/\/api.w.org\/{rel}","templated":true}]}}