{"id":528,"date":"2016-04-29T16:35:08","date_gmt":"2016-04-29T16:35:08","guid":{"rendered":"http:\/\/enso.hr\/de\/?page_id=528"},"modified":"2026-03-03T10:44:02","modified_gmt":"2026-03-03T10:44:02","slug":"startseite","status":"publish","type":"page","link":"https:\/\/enso.hr\/de\/","title":{"rendered":"ENSO GmbH (d.o.o.) &#8211; INDUSTRIELLE AUTOMATISIERUNG UND SONDERMASCHINENBAU"},"content":{"rendered":"\n<div class=\"wp-block-uagb-container uagb-block-dc94ddf8 alignfull uagb-is-root-container\">\n<div class=\"wp-block-uagb-container uag-hide-mob uagb-block-e23e7123\">\n<\/div>\n\n\n\n<p class=\"has-text-align-center has-x-large-font-size uag-hide-mob\" style=\"font-style:italic;font-weight:500\">Mehr als 15 Jahre Erfahrung in der Automatisierung von Industrieanlagen\u2026<\/p>\n\n\n\n<p class=\"has-text-align-center has-x-large-font-size\" style=\"font-style:italic;font-weight:500\"><a href=\"https:\/\/enso.hr\/wp-content\/uploads\/2025\/10\/ENSO-promo-DE.pdf\" target=\"_blank\" rel=\"noopener\" title=\"Werbeflyer ENSO PDF\">Sehen Sie sich unseren Dienstleistungskatalog an (PDF)<\/a><\/p>\n\n\n\n<style>\n  .flex-cont {\n    display: flex;\n    flex-wrap: wrap;\n    justify-content: space-evenly;\n    gap: 80px 100px;\n  }\n\n  .blur-paragraph {\n    position: relative;\n    font-size: 42px;\n    font-weight: bold;\n    color: #222;\n    padding: 10px 20px;\n    margin: 0 auto;\n    border-radius: 20px;\n    background: rgba(128, 128, 128, 0.3);\n    backdrop-filter: blur(5px);\n    box-shadow: 0 0 60px rgba(0, 0, 0, 0.4);\n    text-align: center;\n  }\n\n  .card {\n    position: relative;\n    display: flex;\n    flex-direction: column; \/* rasporedi elemente okomito *\/\n    justify-content: space-between; \/* jedan gore, drugi dolje *\/\n    align-items: center; \/* centriraj horizontalno *\/\n    height: 33vw;\n    min-height: 600px;\n    flex-basis: calc((100vw - 60px) \/ 3);\n    min-width: 375px;\n    aspect-ratio: 2 \/ 3;\n    transition: transform 0.3s ease, box-shadow 0.3s ease;\n  }\n\n  .card:hover {\n    transform: scale(1.15);\n  }\n\n  .card1 {\n    background: url(\"https:\/\/enso.hr\/wp-content\/uploads\/2025\/10\/Stacker-machine.webp\")\n      center\/contain no-repeat;\n  }\n\n  .card-link {\n    text-decoration: none;\n    color: inherit;\n    display: inline-block;\n  }\n\n  .para {\n    width: 70%;\n    text-align: center;\n    border-radius: 20px;\n    background: rgba(128, 128, 128, 0.8);\n    backdrop-filter: blur(5px);\n    box-shadow: 0 0 60px rgba(0, 0, 0, 0.6);\n    font-size: 1.3em;\n    font-weight: 500;\n    color: #fcfcfc;\n    padding: 10px 10px;\n    margin: 0 auto;\n  }\n\n  .card2 {\n    background: url(\"https:\/\/enso.hr\/wp-content\/uploads\/2025\/10\/render-vibro-4.webp\")\n      center\/contain no-repeat;\n  }\n\n  .card3 {\n    background: url(\"https:\/\/enso.hr\/wp-content\/uploads\/2025\/10\/paketomat-render.webp\")\n      center\/contain no-repeat;\n  }\n\n  .card4 {\n    background: url(\"https:\/\/enso.hr\/wp-content\/uploads\/2025\/10\/Programming-ICON.webp\")\n      center\/contain no-repeat;\n  }\n\n  .card5 {\n    background: url(\"https:\/\/enso.hr\/wp-content\/uploads\/2025\/10\/Visualisation-ICON.webp\")\n      center\/contain no-repeat;\n  }\n\n  .card6 {\n    background: url(\"https:\/\/enso.hr\/wp-content\/uploads\/2025\/10\/3D-print-ICON.webp\")\n      center\/contain no-repeat;\n  }\n\n  .card7 {\n    background: url(\"https:\/\/enso.hr\/wp-content\/uploads\/2025\/10\/Dozirka_3.webp\")\n      center\/contain no-repeat;\n  }\n\n  @media (max-width: 768px) {\n    .blur-paragraph {\n      font-size: 30px;\n    }\n\n    .para {\n      font-size: 1em;\n    }\n\n    .card {\n      min-height: 450px;\n      min-width: 350px;\n    }\n  }\n\n  @media (max-width: 1400px) {\n    .para {\n      width: 85%;\n    }\n  }\n    \n<\/style>\n\n<div class=\"flex-cont\">\n  <a href=\"https:\/\/enso.hr\/de\/produkte\/\" class=\"card-link\">\n    <div class=\"card card1\">\n      <p class=\"blur-paragraph\">Maschinenproduktion<\/p>\n      <p class=\"para\">\n        Herstellung von Sondermaschinen und Anlagen nach Kundenwunsch.\n      <\/p>\n    <\/div>\n  <\/a>\n\n  <a href=\"https:\/\/enso.hr\/de\/dodavaci-materijala\/\" class=\"card-link\">\n    <div class=\"card card2\">\n      <p class=\"blur-paragraph\">Zuf\u00fchrtechnik<\/p>\n      <p class=\"para\">\n        Konstruktion und Herstellung von Wendel-, Linear-, Stufenf\u00f6rderern und begleitendem Zubeh\u00f6r.\n      <\/p>\n    <\/div>\n  <\/a>\n\n  <a href=\"https:\/\/enso.hr\/de\/skladisni-regal\/\" class=\"card-link\">\n    <div class=\"card card3\">\n      <p class=\"blur-paragraph\">Lagerregal<\/p>\n      <p class=\"para\">\n        Automatisierte Lagerregale mit kontrolliertem, schl\u00fcsselgesichertem Zugriff\n      <\/p>\n    <\/div>\n  <\/a>\n\n  <a href=\"https:\/\/enso.hr\/de\/sps-programmierung\/\" class=\"card-link\">\n    <div class=\"card card4\">\n      <p class=\"blur-paragraph\">PLC Programmierung<\/p>\n      <p class=\"para\">\n        Design, Programmierung und Inbetriebnahme von automatisierten Linien in der Industrie.\n      <\/p>\n    <\/div>\n  <\/a>\n\n  <a href=\"https:\/\/enso.hr\/de\/visualisierung\/\" class=\"card-link\">\n    <div class=\"card card5\">\n      <p class=\"blur-paragraph\">Visualisierung<\/p>\n      <p class=\"para\">\n        Visualisierung von Produktionsprozessen &#8211; SCADA. Erstellen von Berichten auf der Grundlage der gesammelten Daten.\n      <\/p>\n    <\/div>\n  <\/a>\n\n  <a href=\"https:\/\/enso.hr\/de\/3d-printanje\/\" class=\"card-link\">\n    <div class=\"card card6\">\n      <p class=\"blur-paragraph\">3D Druck<\/p>\n      <p class=\"para\">\n\t3D-Prototyping. Endg\u00fcltige 3D-gedruckte Produkte.\n      <\/p>\n    <\/div>\n  <\/a>\n\n  <a href=\"https:\/\/enso.hr\/de\/dosing-and-packing-machines\/\" class=\"card-link\">\n    <div class=\"card card7\">\n      <p class=\"blur-paragraph\">Dosiermaschinen<\/p>\n      <p class=\"para\">Dosiermaschinen.<\/p>\n    <\/div>\n  <\/a>\n<\/div>\n\n\n\n<hr class=\"wp-block-separator has-text-color has-palette-color-8-color has-alpha-channel-opacity has-palette-color-8-background-color has-background is-style-wide\" style=\"margin-top:var(--wp--preset--spacing--40);margin-bottom:var(--wp--preset--spacing--40)\"\/>\n\n\n\n<div class=\"wp-block-columns is-layout-flex wp-container-core-columns-is-layout-28f84493 wp-block-columns-is-layout-flex\">\n<div class=\"wp-block-column is-layout-flow wp-block-column-is-layout-flow\">\n<p><strong>Laden Sie unsere Brosch\u00fcre herunter:<\/strong><\/p>\n\n\n\n<p class=\"has-text-align-center has-large-font-size\" style=\"font-style:normal;font-weight:700\"><a href=\"https:\/\/enso.hr\/wp-content\/uploads\/2019\/10\/ENSO_Prezentacija_de.pdf\" title=\"Bro\u0161ura PDF\">ENSO Br\u00f6schure (PDF)<\/a><\/p>\n<\/div>\n\n\n\n<div class=\"wp-block-column is-layout-flow wp-block-column-is-layout-flow\">\n<p><strong>Sehen Sie sich unsere Referenzen an<\/strong>:<\/p>\n\n\n\n<p class=\"has-text-align-center has-large-font-size\" style=\"font-style:normal;font-weight:700\"><a href=\"https:\/\/enso.hr\/wp-content\/uploads\/2016\/04\/ENSO_Djelanosti_Reference_d.pdf\" title=\"Referenzen ENSO (PDF)\">Referenzen ENSO (PDF)<\/a><\/p>\n<\/div>\n<\/div>\n\n\n\n<hr class=\"wp-block-separator has-text-color has-palette-color-8-color has-alpha-channel-opacity has-palette-color-8-background-color has-background is-style-wide\"\/>\n\n\n\n<div class=\"wp-block-group is-layout-constrained wp-block-group-is-layout-constrained\">\n<p class=\"has-palette-color-4-color has-text-color has-link-color has-medium-font-size wp-elements-6a79dafb610d6e9b98db308ec57cdc40\" style=\"font-style:normal;font-weight:700\">Beitr\u00e4ge:<\/p>\n\n\n\n\t\t\t<div class=\"wp-block-uagb-post-grid uagb-post-grid  uagb-post__image-position-top uagb-post__image-enabled uagb-block-32cf9ec6     uagb-post__items uagb-post__columns-3 is-grid uagb-post__columns-tablet-2 uagb-post__columns-mobile-1 uagb-post__equal-height\" data-total=\"1\" style=\"\">\n\n\t\t\t\t\t\t\t\t\t\t\t\t<article class=\"uagb-post__inner-wrap\">\t\t\t\t\t\t\t\t<h6 class=\"uagb-post__title uagb-post__text\">\n\t\t\t\t<a href=\"https:\/\/enso.hr\/de\/projektname-doppelschenkelfedern-der-neuen-generation\/\" target=\"_self\" rel=\"bookmark noopener noreferrer\">Projektname: Doppelschenkelfedern der neuen Generation<\/a>\n\t\t\t<\/h6>\n\t\t\t\t\t\t<div class='uagb-post__text uagb-post-grid-byline'>\n\t\t\t\t\t\t\t\t<time datetime=\"2025-04-02T12:36:27+00:00\" class=\"uagb-post__date\">\n\t\t\t\t<span class=\"dashicons-calendar dashicons\"><\/span>\t\t\t\t\t2. April 2025\t\t\t\t<\/time>\n\t\t\t\t\t\t<\/div>\n\t\t\t\t\t\t<div class=\"uagb-post__text uagb-post__cta wp-block-button\">\n\t\t\t\t<a class=\"wp-block-button__link uagb-text-link\" style=\"\" href=\"https:\/\/enso.hr\/de\/projektname-doppelschenkelfedern-der-neuen-generation\/\" target=\"_self\" rel=\"bookmark noopener noreferrer\">Mehr erfahren<\/a>\n\t\t\t<\/div>\n\t\t\t\n\t\t\t\t\t\t\t\t\t<\/article>\n\t\t\t\t\t\t\t\t\t\t\t\t\t\t\t\t<article class=\"uagb-post__inner-wrap\">\t\t\t\t\t\t\t\t<h6 class=\"uagb-post__title uagb-post__text\">\n\t\t\t\t<a href=\"https:\/\/enso.hr\/de\/company-relocation\/\" target=\"_self\" rel=\"bookmark noopener noreferrer\">Standortwechsel des Unternehmens<\/a>\n\t\t\t<\/h6>\n\t\t\t\t\t\t<div class='uagb-post__text uagb-post-grid-byline'>\n\t\t\t\t\t\t\t\t<time datetime=\"2023-12-07T08:04:35+00:00\" class=\"uagb-post__date\">\n\t\t\t\t<span class=\"dashicons-calendar dashicons\"><\/span>\t\t\t\t\t7. Dezember 2023\t\t\t\t<\/time>\n\t\t\t\t\t\t<\/div>\n\t\t\t\t\t\t<div class=\"uagb-post__text uagb-post__cta wp-block-button\">\n\t\t\t\t<a class=\"wp-block-button__link uagb-text-link\" style=\"\" href=\"https:\/\/enso.hr\/de\/company-relocation\/\" target=\"_self\" rel=\"bookmark noopener noreferrer\">Mehr erfahren<\/a>\n\t\t\t<\/div>\n\t\t\t\n\t\t\t\t\t\t\t\t\t<\/article>\n\t\t\t\t\t\t\t\t\t\t\t\t\t\t\t\t<article class=\"uagb-post__inner-wrap\">\t\t\t\t\t\t\t\t<h6 class=\"uagb-post__title uagb-post__text\">\n\t\t\t\t<a href=\"https:\/\/enso.hr\/de\/maschinen-fuer-die-dosierung-lavendel\/\" target=\"_self\" rel=\"bookmark noopener noreferrer\">Doza \u2013 L \u2013 Maschine zum Dosieren von Sch\u00fcttg\u00fctern<\/a>\n\t\t\t<\/h6>\n\t\t\t\t\t\t<div class='uagb-post__text uagb-post-grid-byline'>\n\t\t\t\t\t\t\t\t<time datetime=\"2016-12-28T12:23:04+00:00\" class=\"uagb-post__date\">\n\t\t\t\t<span class=\"dashicons-calendar dashicons\"><\/span>\t\t\t\t\t28. Dezember 2016\t\t\t\t<\/time>\n\t\t\t\t\t\t<\/div>\n\t\t\t\t\t\t<div class=\"uagb-post__text uagb-post__cta wp-block-button\">\n\t\t\t\t<a class=\"wp-block-button__link uagb-text-link\" style=\"\" href=\"https:\/\/enso.hr\/de\/maschinen-fuer-die-dosierung-lavendel\/\" target=\"_self\" rel=\"bookmark noopener noreferrer\">Mehr erfahren<\/a>\n\t\t\t<\/div>\n\t\t\t\n\t\t\t\t\t\t\t\t\t<\/article>\n\t\t\t\t\t\t\t\t\t\t\t\t\t<div class=\"uagb-post-pagination-wrap\">\n\t\t\t\t\t\t\t\t\t\t\t<\/div>\n\t\t\t\t\t\t\t\t<\/div>\n\t\t\t<\/div>\n<\/div>\n","protected":false},"excerpt":{"rendered":"<p>Mehr als 15 Jahre Erfahrung in der Automatisierung von Industrieanlagen\u2026 Sehen Sie sich unseren Dienstleistungskatalog an (PDF) Maschinenproduktion Herstellung von Sondermaschinen und Anlagen nach Kundenwunsch. Zuf\u00fchrtechnik Konstruktion und Herstellung von Wendel-, Linear-, Stufenf\u00f6rderern und begleitendem Zubeh\u00f6r. Lagerregal Automatisierte Lagerregale mit kontrolliertem, schl\u00fcsselgesichertem Zugriff PLC Programmierung Design, Programmierung und Inbetriebnahme von automatisierten Linien in der Industrie. [&hellip;]<\/p>\n","protected":false},"author":2,"featured_media":0,"parent":0,"menu_order":0,"comment_status":"closed","ping_status":"closed","template":"","meta":{"_uag_custom_page_level_css":"","footnotes":""},"class_list":["post-528","page","type-page","status-publish","hentry"],"blocksy_meta":[],"aioseo_notices":[],"uagb_featured_image_src":{"full":false,"thumbnail":false,"medium":false,"medium_large":false,"large":false,"1536x1536":false,"2048x2048":false},"uagb_author_info":{"display_name":"EnsoAdmin","author_link":"https:\/\/enso.hr\/de\/author\/ensoadmin-2\/"},"uagb_comment_info":0,"uagb_excerpt":"Mehr als 15 Jahre Erfahrung in der Automatisierung von Industrieanlagen\u2026 Sehen Sie sich unseren Dienstleistungskatalog an (PDF) Maschinenproduktion Herstellung von Sondermaschinen und Anlagen nach Kundenwunsch. Zuf\u00fchrtechnik Konstruktion und Herstellung von Wendel-, Linear-, Stufenf\u00f6rderern und begleitendem Zubeh\u00f6r. Lagerregal Automatisierte Lagerregale mit kontrolliertem, schl\u00fcsselgesichertem Zugriff PLC Programmierung Design, Programmierung und Inbetriebnahme von automatisierten Linien in der Industrie.&hellip;","_links":{"self":[{"href":"https:\/\/enso.hr\/de\/wp-json\/wp\/v2\/pages\/528","targetHints":{"allow":["GET"]}}],"collection":[{"href":"https:\/\/enso.hr\/de\/wp-json\/wp\/v2\/pages"}],"about":[{"href":"https:\/\/enso.hr\/de\/wp-json\/wp\/v2\/types\/page"}],"author":[{"embeddable":true,"href":"https:\/\/enso.hr\/de\/wp-json\/wp\/v2\/users\/2"}],"replies":[{"embeddable":true,"href":"https:\/\/enso.hr\/de\/wp-json\/wp\/v2\/comments?post=528"}],"version-history":[{"count":5,"href":"https:\/\/enso.hr\/de\/wp-json\/wp\/v2\/pages\/528\/revisions"}],"predecessor-version":[{"id":4622,"href":"https:\/\/enso.hr\/de\/wp-json\/wp\/v2\/pages\/528\/revisions\/4622"}],"wp:attachment":[{"href":"https:\/\/enso.hr\/de\/wp-json\/wp\/v2\/media?parent=528"}],"curies":[{"name":"wp","href":"https:\/\/api.w.org\/{rel}","templated":true}]}}