{"id":5847,"date":"2026-04-27T13:08:13","date_gmt":"2026-04-27T13:08:13","guid":{"rendered":"https:\/\/enso.hr\/MarkoTest\/danksagungen\/"},"modified":"2026-05-08T05:52:56","modified_gmt":"2026-05-08T05:52:56","slug":"danksagungen","status":"publish","type":"page","link":"https:\/\/enso.hr\/de\/danksagungen\/","title":{"rendered":"Danksagungen"},"content":{"rendered":"\n<p>Wir wissen den kreativen K\u00f6pfen, die zum Erscheinungsbild unserer Website beigetragen haben, ihren Einsatz sehr zu sch\u00e4tzen. Besonderer Dank gilt den Autoren, deren Icons wir \u00fcber die <strong>Flaticon-<\/strong> Plattform verwendet haben:<\/p>\n\n<ul class=\"wp-block-list\">\n<li><a href=\"https:\/\/www.flaticon.com\/free-icon\/component_14459238\" title=\"\">Dewi Sari<\/a><\/li>\n\n\n\n<li><a href=\"https:\/\/www.flaticon.com\/free-icon\/electrical-engineering_15189271\" title=\"\">Schwerkraft<\/a><\/li>\n\n\n\n<li><a href=\"https:\/\/www.flaticon.com\/free-icon\/design_2029471\" title=\"\">saftiger Fisch<\/a><\/li>\n\n\n\n<li><a href=\"https:\/\/www.flaticon.com\/free-icon\/milling-machine_2162415\" title=\"\">Smashicons<\/a><\/li>\n\n\n\n<li><a href=\"https:\/\/www.flaticon.com\/free-icon\/delivery_1350253\" title=\"\">Freepik<\/a><\/li>\n\n\n\n<li><a href=\"https:\/\/www.flaticon.com\/free-icon\/security-system_12299094\">Uniconlabs<\/a><\/li>\n\n\n\n<li><a href=\"https:\/\/www.flaticon.com\/free-icon\/success_16036335\">Canticons<\/a><\/li>\n\n\n\n<li><a href=\"https:\/\/www.flaticon.com\/free-icon\/plant_4429908\">Flache Symbole<\/a><\/li>\n<\/ul>\n","protected":false},"excerpt":{"rendered":"<p>Wir wissen den kreativen K\u00f6pfen, die zum Erscheinungsbild unserer Website beigetragen haben, ihren Einsatz sehr zu sch\u00e4tzen. Besonderer Dank gilt den Autoren, deren Icons wir \u00fcber die Flaticon- Plattform verwendet haben:<\/p>\n","protected":false},"author":2,"featured_media":0,"parent":0,"menu_order":0,"comment_status":"closed","ping_status":"closed","template":"","meta":{"_uag_custom_page_level_css":"","footnotes":""},"class_list":["post-5847","page","type-page","status-publish","hentry"],"blocksy_meta":[],"aioseo_notices":[],"uagb_featured_image_src":{"full":false,"thumbnail":false,"medium":false,"medium_large":false,"large":false,"1536x1536":false,"2048x2048":false},"uagb_author_info":{"display_name":"EnsoAdmin","author_link":"https:\/\/enso.hr\/de\/author\/ensoadmin-2\/"},"uagb_comment_info":0,"uagb_excerpt":"Wir wissen den kreativen K\u00f6pfen, die zum Erscheinungsbild unserer Website beigetragen haben, ihren Einsatz sehr zu sch\u00e4tzen. Besonderer Dank gilt den Autoren, deren Icons wir \u00fcber die Flaticon- Plattform verwendet haben:","_links":{"self":[{"href":"https:\/\/enso.hr\/de\/wp-json\/wp\/v2\/pages\/5847","targetHints":{"allow":["GET"]}}],"collection":[{"href":"https:\/\/enso.hr\/de\/wp-json\/wp\/v2\/pages"}],"about":[{"href":"https:\/\/enso.hr\/de\/wp-json\/wp\/v2\/types\/page"}],"author":[{"embeddable":true,"href":"https:\/\/enso.hr\/de\/wp-json\/wp\/v2\/users\/2"}],"replies":[{"embeddable":true,"href":"https:\/\/enso.hr\/de\/wp-json\/wp\/v2\/comments?post=5847"}],"version-history":[{"count":1,"href":"https:\/\/enso.hr\/de\/wp-json\/wp\/v2\/pages\/5847\/revisions"}],"predecessor-version":[{"id":5848,"href":"https:\/\/enso.hr\/de\/wp-json\/wp\/v2\/pages\/5847\/revisions\/5848"}],"wp:attachment":[{"href":"https:\/\/enso.hr\/de\/wp-json\/wp\/v2\/media?parent=5847"}],"curies":[{"name":"wp","href":"https:\/\/api.w.org\/{rel}","templated":true}]}}