{"id":389,"date":"2016-04-23T12:06:37","date_gmt":"2016-04-23T12:06:37","guid":{"rendered":"http:\/\/enso.hr\/en\/?page_id=389"},"modified":"2026-03-09T10:31:45","modified_gmt":"2026-03-09T10:31:45","slug":"visualization","status":"publish","type":"page","link":"https:\/\/enso.hr\/en\/visualization\/","title":{"rendered":"SCADA system for visualization of production lines and machines"},"content":{"rendered":"\n<h2 class=\"wp-block-heading has-large-font-size\">Web-based SCADA architecture for visualization of production data<\/h2>\n\n\n\n<p>Design of modern web applications for processing and displaying data collected on the production line or machines. Design of databases and their export to desired files.<\/p>\n\n\n\n<h2 class=\"wp-block-heading has-large-font-size\">IoT integration and location-independent system monitoring<\/h2>\n\n\n\n<p>Our SCADA apps, which collect data from PLCs and process it on local servers, are a natural part of the IoT (Internet of Things) paradigm. By connecting sensors, actuators, and other devices to a central application, we enable real-time data collection, visualization, and analysis. Using web technologies, the same data and system monitoring are available on any device \u2013 from desktop computers to tablets and smartphones \u2013 without the need for additional installations. This approach allows simultaneous access and management from multiple locations, optimizing production processes, enabling predictive maintenance, and supporting faster, data-driven decisions. The combination of IoT and web platforms ensures maximum flexibility, transparency, and efficiency in managing production systems.<\/p>\n\n\n\n<h2 class=\"wp-block-heading has-large-font-size\">Technologies used for visualization<\/h2>\n\n\n\n<p><strong>Frontend: HTML, CSS, JavaScript, React<br>Backend: ASP.NET Core (Web API, NVC), C#, MS SQL, My SQL<\/strong><\/p>\n\n\n\n<h2 class=\"wp-block-heading has-large-font-size\">List of completed projects<\/h2>\n\n\n\n<p>The following is a brief overview of several realized SCADA visualization projects.<\/p>\n\n\n\n<article class=\"wp-block-uagb-container uagb-block-92310c98 alignfull uagb-is-root-container\"><div class=\"uagb-container-inner-blocks-wrap\">\n<div class=\"wp-block-uagb-info-box uagb-block-1bb13b93 uagb-infobox__content-wrap  uagb-infobox-icon-below-title uagb-infobox-image-valign-top\"><div class=\"uagb-ifb-content\"><div class=\"uagb-ifb-title-wrap\"><h3 class=\"uagb-ifb-title\"><strong>Web app for parcel locker management<\/strong><\/h3><\/div><p class=\"uagb-ifb-desc\">The IoT solution via a web application enables full control and monitoring of the parcel locker. Through communication between the web application, the server computer, and the PLC, real-time two-way data flow is achieved. Users can check the status of each compartment, open or lock doors, and monitor all performed actions \u2013 all operations are automatically logged on the server computer. Web access allows viewing and managing the parcel locker from multiple devices without additional installations, increasing flexibility and data availability. The combination of IoT technology and web platform provides a transparent, secure, and efficient system for monitoring and managing the parcel locker while enabling detailed analysis of activity and operational optimization.<\/p><\/div><\/div>\n\n\n\n<div class=\"wp-block-group is-layout-constrained wp-container-core-group-is-layout-a099c240 wp-block-group-is-layout-constrained\">\n<figure class=\"wp-block-gallery has-nested-images columns-1 is-cropped wp-block-gallery-1 is-layout-flex wp-block-gallery-is-layout-flex\">\n<figure class=\"wp-block-image size-full\"><img loading=\"lazy\" decoding=\"async\" width=\"700\" height=\"639\" data-id=\"4503\" src=\"https:\/\/enso.hr\/wp-content\/uploads\/2025\/11\/template-pocetna-small.webp\" alt=\"parcel locker home page\" class=\"wp-image-4503\" srcset=\"https:\/\/enso.hr\/wp-content\/uploads\/2025\/11\/template-pocetna-small.webp 700w, https:\/\/enso.hr\/wp-content\/uploads\/2025\/11\/template-pocetna-small-300x274.webp 300w\" sizes=\"auto, (max-width: 700px) 100vw, 700px\" \/><figcaption class=\"wp-element-caption\">parcel locker home page<\/figcaption><\/figure>\n\n\n\n<figure class=\"wp-block-image size-full\"><img loading=\"lazy\" decoding=\"async\" width=\"800\" height=\"350\" data-id=\"4502\" src=\"https:\/\/enso.hr\/wp-content\/uploads\/2025\/11\/Admin-panel-small.webp\" alt=\"parcel locker settings\" class=\"wp-image-4502\" srcset=\"https:\/\/enso.hr\/wp-content\/uploads\/2025\/11\/Admin-panel-small.webp 800w, https:\/\/enso.hr\/wp-content\/uploads\/2025\/11\/Admin-panel-small-300x131.webp 300w, https:\/\/enso.hr\/wp-content\/uploads\/2025\/11\/Admin-panel-small-768x336.webp 768w\" sizes=\"auto, (max-width: 800px) 100vw, 800px\" \/><figcaption class=\"wp-element-caption\">parcel locker settings<\/figcaption><\/figure>\n<\/figure>\n<\/div>\n<\/div><\/article>\n\n\n\n<article class=\"wp-block-uagb-container uagb-block-f739baef alignfull uagb-is-root-container\"><div class=\"uagb-container-inner-blocks-wrap\">\n<div class=\"wp-block-uagb-info-box uagb-block-3afb5473 uagb-infobox__content-wrap  uagb-infobox-icon-below-title uagb-infobox-image-valign-top\"><div class=\"uagb-ifb-content\"><div class=\"uagb-ifb-title-wrap\"><h3 class=\"uagb-ifb-title\"><strong>Monitoring galvanization current measurements<\/strong><\/h3><\/div><p class=\"uagb-ifb-desc\">REACT SCADA aplikacija za prikaz podataka prikupljenih s lokalnih PLCa. PLC skuplja mjerene veli\u010dine sa strujnih transformatora u kadicama za galvanizaciju. PLC \u0161alje podatke na server, gdje se oni obra\u0111uju i poslu\u017euju na web aplikaciju.<br><br>Aplikacija sadr\u017ei:<br><\/p><\/div><\/div>\n\n\n\n<ul class=\"wp-block-list\">\n<li>graph generation<\/li>\n\n\n\n<li>user login\/logout<\/li>\n\n\n\n<li>CRUD for operator list, errors<\/li>\n\n\n\n<li>settings<\/li>\n\n\n\n<li>table view of error histor<\/li>\n\n\n\n<li>error reporting<\/li>\n<\/ul>\n\n\n\n<div class=\"wp-block-group is-layout-constrained wp-container-core-group-is-layout-a099c240 wp-block-group-is-layout-constrained\">\n<figure class=\"wp-block-gallery has-nested-images columns-1 is-cropped wp-block-gallery-2 is-layout-flex wp-block-gallery-is-layout-flex\">\n<figure class=\"wp-block-image size-large\"><img loading=\"lazy\" decoding=\"async\" width=\"1024\" height=\"576\" data-id=\"2996\" src=\"https:\/\/enso.hr\/wp-content\/uploads\/2025\/02\/Galvanik4-1-1024x576.png\" alt=\"Current measurement web application error display\" class=\"wp-image-2996\" srcset=\"https:\/\/enso.hr\/wp-content\/uploads\/2025\/02\/Galvanik4-1-1024x576.png 1024w, https:\/\/enso.hr\/wp-content\/uploads\/2025\/02\/Galvanik4-1-300x169.png 300w, https:\/\/enso.hr\/wp-content\/uploads\/2025\/02\/Galvanik4-1-768x432.png 768w, https:\/\/enso.hr\/wp-content\/uploads\/2025\/02\/Galvanik4-1-1536x864.png 1536w, https:\/\/enso.hr\/wp-content\/uploads\/2025\/02\/Galvanik4-1-2048x1152.png 2048w\" sizes=\"auto, (max-width: 1024px) 100vw, 1024px\" \/><figcaption class=\"wp-element-caption\">Current measurement web application error display<\/figcaption><\/figure>\n\n\n\n<figure class=\"wp-block-image size-large\"><img loading=\"lazy\" decoding=\"async\" width=\"1024\" height=\"576\" data-id=\"3002\" src=\"https:\/\/enso.hr\/wp-content\/uploads\/2025\/02\/Galvanik2-1-1024x576.png\" alt=\"Current measurement web application table error history\" class=\"wp-image-3002\" srcset=\"https:\/\/enso.hr\/wp-content\/uploads\/2025\/02\/Galvanik2-1-1024x576.png 1024w, https:\/\/enso.hr\/wp-content\/uploads\/2025\/02\/Galvanik2-1-300x169.png 300w, https:\/\/enso.hr\/wp-content\/uploads\/2025\/02\/Galvanik2-1-768x432.png 768w, https:\/\/enso.hr\/wp-content\/uploads\/2025\/02\/Galvanik2-1-1536x864.png 1536w, https:\/\/enso.hr\/wp-content\/uploads\/2025\/02\/Galvanik2-1-2048x1152.png 2048w\" sizes=\"auto, (max-width: 1024px) 100vw, 1024px\" \/><figcaption class=\"wp-element-caption\">Current measurement web application table error history<\/figcaption><\/figure>\n<\/figure>\n<\/div>\n<\/div><\/article>\n\n\n\n<article class=\"wp-block-uagb-container uagb-block-9dc5e05f alignfull uagb-is-root-container\"><div class=\"uagb-container-inner-blocks-wrap\">\n<div class=\"wp-block-uagb-info-box uagb-block-3124ddb1 uagb-infobox__content-wrap  uagb-infobox-icon-below-title uagb-infobox-image-valign-top\"><div class=\"uagb-ifb-content\"><div class=\"uagb-ifb-title-wrap\"><h3 class=\"uagb-ifb-title\"><strong>Measuring tracking<\/strong><\/h3><\/div><p class=\"uagb-ifb-desc\">REACT SCADA application for displaying data collected from a local PLC. The PLC communicates with the server that serves the data to the web application. Measurements are exported to an easily accessible file on your computer.<\/p><\/div><\/div>\n\n\n\n<div class=\"wp-block-group is-layout-constrained wp-container-core-group-is-layout-41c06ba8 wp-block-group-is-layout-constrained\">\n<figure class=\"wp-block-gallery has-nested-images columns-2 is-cropped wp-block-gallery-3 is-layout-flex wp-block-gallery-is-layout-flex\">\n<figure class=\"wp-block-image size-large\"><img loading=\"lazy\" decoding=\"async\" width=\"1024\" height=\"577\" data-id=\"2933\" src=\"https:\/\/enso.hr\/wp-content\/uploads\/2024\/11\/line-web-application-SCADA-1024x577.jpg\" alt=\"SCADA web application for displaying measurements\" class=\"wp-image-2933\" srcset=\"https:\/\/enso.hr\/wp-content\/uploads\/2024\/11\/line-web-application-SCADA-1024x577.jpg 1024w, https:\/\/enso.hr\/wp-content\/uploads\/2024\/11\/line-web-application-SCADA-300x169.jpg 300w, https:\/\/enso.hr\/wp-content\/uploads\/2024\/11\/line-web-application-SCADA-768x432.jpg 768w, https:\/\/enso.hr\/wp-content\/uploads\/2024\/11\/line-web-application-SCADA-1536x865.jpg 1536w, https:\/\/enso.hr\/wp-content\/uploads\/2024\/11\/line-web-application-SCADA-2048x1153.jpg 2048w\" sizes=\"auto, (max-width: 1024px) 100vw, 1024px\" \/><figcaption class=\"wp-element-caption\">SCADA web application for displaying measurements<\/figcaption><\/figure>\n<\/figure>\n<\/div>\n<\/div><\/article>\n\n\n\n<article class=\"wp-block-uagb-container uagb-block-28e1c7bd alignfull uagb-is-root-container\"><div class=\"uagb-container-inner-blocks-wrap\">\n<div class=\"wp-block-uagb-info-box uagb-block-85158ae3 uagb-infobox__content-wrap  uagb-infobox-icon-below-title uagb-infobox-image-valign-top\"><div class=\"uagb-ifb-content\"><div class=\"uagb-ifb-title-wrap\"><h3 class=\"uagb-ifb-title\"><strong>Application for monitoring the machine and recipes management<\/strong><\/h3><\/div><p class=\"uagb-ifb-desc\">REACT machine state monitoring and recipe management (CRUD) application. Recipes are saved in the database on the server. The PLC communicates with the server.<\/p><\/div><\/div>\n\n\n\n<div class=\"wp-block-group is-layout-constrained wp-container-core-group-is-layout-a099c240 wp-block-group-is-layout-constrained\">\n<figure class=\"wp-block-gallery has-nested-images columns-1 is-cropped wp-block-gallery-4 is-layout-flex wp-block-gallery-is-layout-flex\">\n<figure class=\"wp-block-image size-large\"><img loading=\"lazy\" decoding=\"async\" width=\"1024\" height=\"645\" data-id=\"2930\" src=\"https:\/\/enso.hr\/wp-content\/uploads\/2024\/11\/machine-web-app-SCADA-CRUD-1024x645.png\" alt=\"SCADA web application for machine monitoring\" class=\"wp-image-2930\" srcset=\"https:\/\/enso.hr\/wp-content\/uploads\/2024\/11\/machine-web-app-SCADA-CRUD-1024x645.png 1024w, https:\/\/enso.hr\/wp-content\/uploads\/2024\/11\/machine-web-app-SCADA-CRUD-300x189.png 300w, https:\/\/enso.hr\/wp-content\/uploads\/2024\/11\/machine-web-app-SCADA-CRUD-768x484.png 768w, https:\/\/enso.hr\/wp-content\/uploads\/2024\/11\/machine-web-app-SCADA-CRUD.png 1350w\" sizes=\"auto, (max-width: 1024px) 100vw, 1024px\" \/><figcaption class=\"wp-element-caption\">SCADA web application for machine monitoring<\/figcaption><\/figure>\n\n\n\n<figure class=\"wp-block-image size-large\"><img loading=\"lazy\" decoding=\"async\" width=\"1024\" height=\"637\" data-id=\"2927\" src=\"https:\/\/enso.hr\/wp-content\/uploads\/2024\/11\/machine-web-app-SCADA-CRUD-recipes-1024x637.png\" alt=\"SCADA web application for recipe management\" class=\"wp-image-2927\" srcset=\"https:\/\/enso.hr\/wp-content\/uploads\/2024\/11\/machine-web-app-SCADA-CRUD-recipes-1024x637.png 1024w, https:\/\/enso.hr\/wp-content\/uploads\/2024\/11\/machine-web-app-SCADA-CRUD-recipes-300x187.png 300w, https:\/\/enso.hr\/wp-content\/uploads\/2024\/11\/machine-web-app-SCADA-CRUD-recipes-768x478.png 768w, https:\/\/enso.hr\/wp-content\/uploads\/2024\/11\/machine-web-app-SCADA-CRUD-recipes.png 1365w\" sizes=\"auto, (max-width: 1024px) 100vw, 1024px\" \/><figcaption class=\"wp-element-caption\">SCADA web application for recipe management<\/figcaption><\/figure>\n<\/figure>\n<\/div>\n<\/div><\/article>\n\n\n\n<article class=\"wp-block-uagb-container uagb-block-f4156966 alignfull uagb-is-root-container\"><div class=\"uagb-container-inner-blocks-wrap\">\n<div class=\"wp-block-uagb-info-box uagb-block-de873f5d uagb-infobox__content-wrap  uagb-infobox-icon-below-title uagb-infobox-image-valign-top\"><div class=\"uagb-ifb-content\"><div class=\"uagb-ifb-title-wrap\"><h3 class=\"uagb-ifb-title\"><strong>Ripper device control<\/strong><\/h3><\/div><p class=\"uagb-ifb-desc\">With the reconstruction of the ripper, a system was developed that manages and monitors the machine itself via the DaqFactory (SCADA) application. The application displays the current force and position. The position of the ripper can be controlled via the application or by manual guidance with buttons. Two tests are present in the application, one for material tearing and the other for spring testing.<\/p><\/div><\/div>\n\n\n\n<div class=\"wp-block-group is-layout-constrained wp-container-core-group-is-layout-a099c240 wp-block-group-is-layout-constrained\">\n<figure class=\"wp-block-gallery has-nested-images columns-1 is-cropped wp-block-gallery-5 is-layout-flex wp-block-gallery-is-layout-flex\">\n<figure class=\"wp-block-image size-large\"><img loading=\"lazy\" decoding=\"async\" width=\"1024\" height=\"576\" data-id=\"757\" src=\"https:\/\/enso.hr\/wp-content\/uploads\/2017\/05\/esco_scada1-1024x576.png\" alt=\"SCADA force measurement\" class=\"wp-image-757\" srcset=\"https:\/\/enso.hr\/wp-content\/uploads\/2017\/05\/esco_scada1-1024x576.png 1024w, https:\/\/enso.hr\/wp-content\/uploads\/2017\/05\/esco_scada1-300x169.png 300w, https:\/\/enso.hr\/wp-content\/uploads\/2017\/05\/esco_scada1-768x432.png 768w, https:\/\/enso.hr\/wp-content\/uploads\/2017\/05\/esco_scada1.png 1920w\" sizes=\"auto, (max-width: 1024px) 100vw, 1024px\" \/><figcaption class=\"wp-element-caption\">SCADA force measurement<\/figcaption><\/figure>\n\n\n\n<figure class=\"wp-block-image size-large\"><img loading=\"lazy\" decoding=\"async\" width=\"1024\" height=\"576\" data-id=\"761\" src=\"https:\/\/enso.hr\/wp-content\/uploads\/2017\/05\/esco_scada3-1024x576.png\" alt=\"SCADA force measurement\" class=\"wp-image-761\" srcset=\"https:\/\/enso.hr\/wp-content\/uploads\/2017\/05\/esco_scada3-1024x576.png 1024w, https:\/\/enso.hr\/wp-content\/uploads\/2017\/05\/esco_scada3-300x169.png 300w, https:\/\/enso.hr\/wp-content\/uploads\/2017\/05\/esco_scada3-768x432.png 768w, https:\/\/enso.hr\/wp-content\/uploads\/2017\/05\/esco_scada3.png 1920w\" sizes=\"auto, (max-width: 1024px) 100vw, 1024px\" \/><figcaption class=\"wp-element-caption\">SCADA force measurement<\/figcaption><\/figure>\n<\/figure>\n<\/div>\n<\/div><\/article>\n\n\n\n<article class=\"wp-block-uagb-container uagb-block-fa400f64 alignfull uagb-is-root-container\"><div class=\"uagb-container-inner-blocks-wrap\">\n<div class=\"wp-block-uagb-info-box uagb-block-0adcbc0d uagb-infobox__content-wrap  uagb-infobox-icon-below-title uagb-infobox-image-valign-top\"><div class=\"uagb-ifb-content\"><div class=\"uagb-ifb-title-wrap\"><h3 class=\"uagb-ifb-title\"><strong>Visualization, signalling and monitoring the boiler room<\/strong><\/h3><\/div><p class=\"uagb-ifb-desc\">The system is derived with RTU (Remote Terminal Unit) modules for the collection of analogue and digital signals, which via Ethernet communicate with SCADA application for visualization and monitoring operation parameter values of boilers. Water vapour pressure of each boiler (pressure transducer for high temperature) is measured, water level in preparation of water vapour, activity of feed pumps, proper operation of boilers ..<\/p><\/div><\/div>\n\n\n\n<div class=\"wp-block-group is-layout-constrained wp-container-core-group-is-layout-41c06ba8 wp-block-group-is-layout-constrained\">\n<figure class=\"wp-block-gallery has-nested-images columns-3 is-cropped wp-block-gallery-6 is-layout-flex wp-block-gallery-is-layout-flex\">\n<figure class=\"wp-block-image size-large\"><img loading=\"lazy\" decoding=\"async\" width=\"1002\" height=\"748\" data-id=\"743\" src=\"https:\/\/enso.hr\/wp-content\/uploads\/2017\/03\/kotao.jpg\" alt=\"Visulalization brewery\" class=\"wp-image-743\" srcset=\"https:\/\/enso.hr\/wp-content\/uploads\/2017\/03\/kotao.jpg 1002w, https:\/\/enso.hr\/wp-content\/uploads\/2017\/03\/kotao-300x224.jpg 300w, https:\/\/enso.hr\/wp-content\/uploads\/2017\/03\/kotao-768x573.jpg 768w\" sizes=\"auto, (max-width: 1002px) 100vw, 1002px\" \/><figcaption class=\"wp-element-caption\">Visulalization brewery<\/figcaption><\/figure>\n<\/figure>\n<\/div>\n<\/div><\/article>\n\n\n\n<article class=\"wp-block-uagb-container uagb-block-26f7a19f alignfull uagb-is-root-container\"><div class=\"uagb-container-inner-blocks-wrap\">\n<div class=\"wp-block-uagb-info-box uagb-block-97ac3ebe uagb-infobox__content-wrap  uagb-infobox-icon-below-title uagb-infobox-image-valign-top\"><div class=\"uagb-ifb-content\"><div class=\"uagb-ifb-title-wrap\"><h3 class=\"uagb-ifb-title\"><strong>The system of measuring time washing in ultrasonic baths, data processing and visualization<\/strong><\/h3><\/div><p class=\"uagb-ifb-desc\">Measuring of washing cycle time due to special conditions is derived indirectly by measuring the mass of an ultrasonic bath. RTU (Remote Terminal Unit) modules collect signals from the probes, and via RS-485 and Modbus protocol communicate with SCADA application. SCADA performs visualization, processing and storage of the collected data, alarm signalling errors and unauthorized state.<\/p><\/div><\/div>\n\n\n\n<div class=\"wp-block-group is-layout-constrained wp-container-core-group-is-layout-41c06ba8 wp-block-group-is-layout-constrained\">\n<figure class=\"wp-block-gallery has-nested-images columns-3 is-cropped wp-block-gallery-7 is-layout-flex wp-block-gallery-is-layout-flex\">\n<figure class=\"wp-block-image size-full\"><img loading=\"lazy\" decoding=\"async\" width=\"800\" height=\"634\" data-id=\"94\" src=\"https:\/\/enso.hr\/wp-content\/uploads\/2016\/04\/KLN-LEMLJENJE-ENSO.jpg\" alt=\"SCADA for aceton waching line\" class=\"wp-image-94\" srcset=\"https:\/\/enso.hr\/wp-content\/uploads\/2016\/04\/KLN-LEMLJENJE-ENSO.jpg 800w, https:\/\/enso.hr\/wp-content\/uploads\/2016\/04\/KLN-LEMLJENJE-ENSO-300x238.jpg 300w, https:\/\/enso.hr\/wp-content\/uploads\/2016\/04\/KLN-LEMLJENJE-ENSO-768x609.jpg 768w\" sizes=\"auto, (max-width: 800px) 100vw, 800px\" \/><figcaption class=\"wp-element-caption\">SCADA for aceton waching line<\/figcaption><\/figure>\n<\/figure>\n<\/div>\n<\/div><\/article>\n\n\n\n<article class=\"wp-block-uagb-container uagb-block-e7824212 alignfull uagb-is-root-container\"><div class=\"uagb-container-inner-blocks-wrap\">\n<div class=\"wp-block-uagb-info-box uagb-block-21a1ea59 uagb-infobox__content-wrap  uagb-infobox-icon-below-title uagb-infobox-image-valign-top\"><div class=\"uagb-ifb-content\"><div class=\"uagb-ifb-title-wrap\"><h3 class=\"uagb-ifb-title\"><strong>Infrastructure monitoring, recording and processing of data, alarms, \u201cMail to SMS\u201d<\/strong><\/h3><\/div><p class=\"uagb-ifb-desc\">Control of infrastructure size, error messages, records alarm\u2026<br>Using an existing Ethernet infrastructure Modbus TCP-IP.<br>Control of boiler, wastewater treatment, air conditioners, compressor stations, demineralization plant, plant for the preparation of cold and hot water.<\/p><\/div><\/div>\n\n\n\n<div class=\"wp-block-group is-layout-constrained wp-container-core-group-is-layout-41c06ba8 wp-block-group-is-layout-constrained\">\n<figure class=\"wp-block-gallery has-nested-images columns-3 is-cropped wp-block-gallery-8 is-layout-flex wp-block-gallery-is-layout-flex\">\n<figure class=\"wp-block-image size-full\"><img loading=\"lazy\" decoding=\"async\" width=\"800\" height=\"639\" data-id=\"99\" src=\"https:\/\/enso.hr\/wp-content\/uploads\/2016\/04\/NADZOR-INFRASTRUKTURE-ENSO.jpg\" alt=\"SCADA for lin infrastructure surveillance\" class=\"wp-image-99\" srcset=\"https:\/\/enso.hr\/wp-content\/uploads\/2016\/04\/NADZOR-INFRASTRUKTURE-ENSO.jpg 800w, https:\/\/enso.hr\/wp-content\/uploads\/2016\/04\/NADZOR-INFRASTRUKTURE-ENSO-300x240.jpg 300w, https:\/\/enso.hr\/wp-content\/uploads\/2016\/04\/NADZOR-INFRASTRUKTURE-ENSO-768x613.jpg 768w\" sizes=\"auto, (max-width: 800px) 100vw, 800px\" \/><figcaption class=\"wp-element-caption\">SCADA for lin infrastructure surveillance<\/figcaption><\/figure>\n<\/figure>\n<\/div>\n<\/div><\/article>\n\n\n\n<article class=\"wp-block-uagb-container uagb-block-59f6226e alignfull uagb-is-root-container\"><div class=\"uagb-container-inner-blocks-wrap\">\n<div class=\"wp-block-uagb-info-box uagb-block-f546d881 uagb-infobox__content-wrap  uagb-infobox-icon-below-title uagb-infobox-image-valign-top\"><div class=\"uagb-ifb-content\"><div class=\"uagb-ifb-title-wrap\"><h3 class=\"uagb-ifb-title\"><strong>Monitoring and control of the analog \/ stepped couplings<\/strong><\/h3><\/div><p class=\"uagb-ifb-desc\">Monitoring and control is performed by PLC series S7-1214 and application DaqFactory. By using the control switches the necessary data is sent to PLC, which receives data and drives the measurement program until other recipes is defined.<br>Application for the supervision us also shows that the test switch is correct or incorrect, and if defective in which part of the switch is a failure.<\/p><\/div><\/div>\n\n\n\n<div class=\"wp-block-group is-layout-constrained wp-container-core-group-is-layout-41c06ba8 wp-block-group-is-layout-constrained\">\n<figure class=\"wp-block-gallery has-nested-images columns-3 is-cropped wp-block-gallery-9 is-layout-flex wp-block-gallery-is-layout-flex\">\n<figure class=\"wp-block-image size-large\"><img loading=\"lazy\" decoding=\"async\" width=\"1024\" height=\"576\" data-id=\"158\" src=\"https:\/\/enso.hr\/wp-content\/uploads\/2016\/04\/pregled-mjerenja-analogna-sklopka-ispravna-2A-1024x576.png\" alt=\"SCADA for monitoring switch resistance characteristics\" class=\"wp-image-158\" srcset=\"https:\/\/enso.hr\/wp-content\/uploads\/2016\/04\/pregled-mjerenja-analogna-sklopka-ispravna-2A-1024x576.png 1024w, https:\/\/enso.hr\/wp-content\/uploads\/2016\/04\/pregled-mjerenja-analogna-sklopka-ispravna-2A-300x169.png 300w, https:\/\/enso.hr\/wp-content\/uploads\/2016\/04\/pregled-mjerenja-analogna-sklopka-ispravna-2A-768x432.png 768w, https:\/\/enso.hr\/wp-content\/uploads\/2016\/04\/pregled-mjerenja-analogna-sklopka-ispravna-2A.png 1920w\" sizes=\"auto, (max-width: 1024px) 100vw, 1024px\" \/><figcaption class=\"wp-element-caption\">SCADA for monitoring switch resistance characteristics<\/figcaption><\/figure>\n<\/figure>\n<\/div>\n<\/div><\/article>\n","protected":false},"excerpt":{"rendered":"<p>Web-based SCADA architecture for visualization of production data Design of modern web applications for processing and displaying data collected on the production line or machines. Design of databases and their export to desired files. IoT integration and location-independent system monitoring Our SCADA apps, which collect data from PLCs and process it on local servers, are [&hellip;]<\/p>\n","protected":false},"author":2,"featured_media":0,"parent":0,"menu_order":0,"comment_status":"closed","ping_status":"closed","template":"","meta":{"_uag_custom_page_level_css":"","footnotes":""},"class_list":["post-389","page","type-page","status-publish","hentry"],"blocksy_meta":[],"aioseo_notices":[],"uagb_featured_image_src":{"full":false,"thumbnail":false,"medium":false,"medium_large":false,"large":false,"1536x1536":false,"2048x2048":false},"uagb_author_info":{"display_name":"EnsoAdmin","author_link":"https:\/\/enso.hr\/en\/author\/ensoadmin-2\/"},"uagb_comment_info":0,"uagb_excerpt":"Web-based SCADA architecture for visualization of production data Design of modern web applications for processing and displaying data collected on the production line or machines. Design of databases and their export to desired files. IoT integration and location-independent system monitoring Our SCADA apps, which collect data from PLCs and process it on local servers, are&hellip;","_links":{"self":[{"href":"https:\/\/enso.hr\/en\/wp-json\/wp\/v2\/pages\/389","targetHints":{"allow":["GET"]}}],"collection":[{"href":"https:\/\/enso.hr\/en\/wp-json\/wp\/v2\/pages"}],"about":[{"href":"https:\/\/enso.hr\/en\/wp-json\/wp\/v2\/types\/page"}],"author":[{"embeddable":true,"href":"https:\/\/enso.hr\/en\/wp-json\/wp\/v2\/users\/2"}],"replies":[{"embeddable":true,"href":"https:\/\/enso.hr\/en\/wp-json\/wp\/v2\/comments?post=389"}],"version-history":[{"count":3,"href":"https:\/\/enso.hr\/en\/wp-json\/wp\/v2\/pages\/389\/revisions"}],"predecessor-version":[{"id":4673,"href":"https:\/\/enso.hr\/en\/wp-json\/wp\/v2\/pages\/389\/revisions\/4673"}],"wp:attachment":[{"href":"https:\/\/enso.hr\/en\/wp-json\/wp\/v2\/media?parent=389"}],"curies":[{"name":"wp","href":"https:\/\/api.w.org\/{rel}","templated":true}]}}